{"id":4067,"date":"2022-11-26T20:10:07","date_gmt":"2022-11-26T22:10:07","guid":{"rendered":"http:\/\/ltim.lt\/?page_id=4067"},"modified":"2022-11-26T20:10:07","modified_gmt":"2022-11-26T22:10:07","slug":"ulonas-jonas-sagnevicius","status":"publish","type":"page","link":"https:\/\/ltim.lt\/en\/galerija\/karyba\/asmenybes\/ulonas-jonas-sagnevicius\/","title":{"rendered":"Ulonas Jonas \u0160agnevi\u010dius"},"content":{"rendered":"\n<p><img loading=\"lazy\" class=\"aligncenter size-medium\" src=\"https:\/\/pirmynpopasauli.files.wordpress.com\/2022\/11\/image-107.png\" width=\"407\" height=\"530\" \/><\/p>\n<p>Nepriklausomos Lietuvos ulonas Jonas \u0160agnevi\u010dius i\u0161 Vaikubi\u0161ki\u0173 kaimo. Gim\u0117 1915 m. Mir\u0117 1997 m.<\/p>\n<p>Priklaus\u0117 Kunigaik\u0161tien\u0117s Birut\u0117s Ulon\u0173 pulkui.<\/p>\n","protected":false},"excerpt":{"rendered":"<p>Nepriklausomos Lietuvos ulonas Jonas \u0160agnevi\u010dius i\u0161 Vaikubi\u0161ki\u0173 kaimo. Gim\u0117 1915 m. Mir\u0117 1997 m. Priklaus\u0117 Kunigaik\u0161tien\u0117s Birut\u0117s Ulon\u0173 pulkui.<\/p>\n","protected":false},"author":1,"featured_media":0,"parent":1297,"menu_order":0,"comment_status":"closed","ping_status":"closed","template":"page-text.php","meta":[],"_links":{"self":[{"href":"https:\/\/ltim.lt\/en\/wp-json\/wp\/v2\/pages\/4067"}],"collection":[{"href":"https:\/\/ltim.lt\/en\/wp-json\/wp\/v2\/pages"}],"about":[{"href":"https:\/\/ltim.lt\/en\/wp-json\/wp\/v2\/types\/page"}],"author":[{"embeddable":true,"href":"https:\/\/ltim.lt\/en\/wp-json\/wp\/v2\/users\/1"}],"replies":[{"embeddable":true,"href":"https:\/\/ltim.lt\/en\/wp-json\/wp\/v2\/comments?post=4067"}],"version-history":[{"count":1,"href":"https:\/\/ltim.lt\/en\/wp-json\/wp\/v2\/pages\/4067\/revisions"}],"predecessor-version":[{"id":4068,"href":"https:\/\/ltim.lt\/en\/wp-json\/wp\/v2\/pages\/4067\/revisions\/4068"}],"up":[{"embeddable":true,"href":"https:\/\/ltim.lt\/en\/wp-json\/wp\/v2\/pages\/1297"}],"wp:attachment":[{"href":"https:\/\/ltim.lt\/en\/wp-json\/wp\/v2\/media?parent=4067"}],"curies":[{"name":"wp","href":"https:\/\/api.w.org\/{rel}","templated":true}]}}