{"id":4065,"date":"2022-11-26T20:01:22","date_gmt":"2022-11-26T22:01:22","guid":{"rendered":"http:\/\/ltim.lt\/?page_id=4065"},"modified":"2022-11-26T20:01:23","modified_gmt":"2022-11-26T22:01:23","slug":"bronsonas-charlesas-aktorius","status":"publish","type":"page","link":"https:\/\/ltim.lt\/en\/galerija\/zymus-zmones\/bronsonas-charlesas-aktorius\/","title":{"rendered":"BRONSONAS CHARLESAS aktorius"},"content":{"rendered":"\n<p>Amerikie\u010di\u0173 aktoriaus Charleso Bronsono (Karolio Bu\u010dinskio) (1921 &#8211; 2003)\u00a0t\u0117vas prie\u0161 Pirm\u0105j\u012f pasaulin\u012f kar\u0105 b\u0117go nuo caro armijos \u012f Amerik\u0105. Tai buvo tvirtai sur\u0119stas vyras nuo Druskinink\u0173 su totori\u0161ko kraujo priemai\u0161omis. JAV b\u016bsimojo Bronsono t\u0117vas ved\u0117 lietuvait\u0119 Marij\u0105 Valinskait\u0119, su kuria tur\u0117jo daug vaik\u0173. Charlesas buvo devintas i\u0161 eil\u0117s<br \/>gim\u0119s vaikas \u0161eimoje.<\/p>\n<p>I\u0161 t\u0117vo lietuvio, turin\u010dio totori\u0161ko\u00a0kraujo, Charlesas paveld\u0117jo \u012fkypas akis,<br \/>atsiki\u0161usius skruostikaulius ir juodus plaukus.<\/p>\n<p>Charleso aktorinis debiutas buvo tragi\u0161kai nes\u0117kmingas. I\u0161gird\u0119s jaunojo\u00a0Ch. Bu\u010dinskio tart\u012f re\u017eisierius i\u0161met\u0117 j\u012f i\u0161 studijos su temperamentinga tirada: \u201eTu nemok\u0161a! Tu niekada, niekada neb\u016bsi aktorius!\u201c Jo tartis tikrai nebuvo tobula. \u0160eimoje kalb\u0117ta lietuvi\u0161kai,<br \/>angli\u0161kai pramoko tik prad\u0117j\u0119s lankyti mokykl\u0105.<\/p>\n<p>Ta\u010diau piktas re\u017eisierius jaunojo Charleso nesustabd\u0117, jis vis d\u0117lto tapo aktoriumi. Vaidino i\u0161 prad\u017ei\u0173 charakteringus vaidmenis \u2013 \u017eydus, meksikie\u010dius, ind\u0117nus, rusus, kalinius, mafijos atstovus. Tam pad\u0117jo totori\u0161ki skruostikauliai, kiek \u012fkypos akys ir nelemtoji tartis. Vaidmen\u0173 vis daug\u0117jo. Mes tarybiniais laikais mat\u0117me Ch. Bronson\u0105 filme \u201e\u0160aunioji septyniuk\u0117\u201c, o pastaruoju laiku visoje eil\u0117je film\u0173-vestern\u0173, rodyt\u0173 per Lietuvos televizij\u0105.\u00a0Kieto vyruko \u012fvaizdis vert\u0117 keisti pavard\u0119. Bu\u010dinskis tapo Bronsonu.<\/p>\n<p>Nuo 1968 met\u0173 jis i\u0161gars\u0117jo, i\u0161 prad\u017ei\u0173 Europoje vaidindamas su Alenu<br \/>Delonu. \u010cia jis buvo lyginamas su \u017danu Belmondu, Yvu Montanu. Nuo 1974<br \/>met\u0173 susilauk\u0117 \u0161lov\u0117s ir Holivude.<\/p>\n<p><img loading=\"lazy\" class=\"aligncenter size-medium\" src=\"https:\/\/pirmynpopasauli.files.wordpress.com\/2022\/11\/image-105.png\" width=\"163\" height=\"191\" \/><img loading=\"lazy\" class=\"aligncenter size-medium\" src=\"https:\/\/pirmynpopasauli.files.wordpress.com\/2022\/11\/image-106.png\" width=\"160\" height=\"210\" \/><\/p>\n<p style=\"text-align: center;\">Charlesas Bronsonas (K. Bu\u010dinskis) 1943 m. gyvenime ir 1994 m. filme \u201eMirties tro\u0161kimas\u201c. Ar nepana\u0161us \u012f m\u016bs\u0173 totori\u0173?<\/p>\n","protected":false},"excerpt":{"rendered":"<p>Amerikie\u010di\u0173 aktoriaus Charleso Bronsono (Karolio Bu\u010dinskio) (1921 &#8211; 2003)\u00a0t\u0117vas prie\u0161 Pirm\u0105j\u012f pasaulin\u012f kar\u0105 b\u0117go nuo caro armijos \u012f Amerik\u0105. Tai buvo tvirtai sur\u0119stas vyras nuo Druskinink\u0173 su totori\u0161ko kraujo priemai\u0161omis. JAV b\u016bsimojo Bronsono t\u0117vas ved\u0117 lietuvait\u0119 Marij\u0105 Valinskait\u0119, su kuria tur\u0117jo daug vaik\u0173. Charlesas buvo devintas i\u0161 eil\u0117sgim\u0119s vaikas \u0161eimoje. I\u0161 t\u0117vo lietuvio, turin\u010dio totori\u0161ko\u00a0kraujo, [&hellip;]<\/p>\n","protected":false},"author":1,"featured_media":0,"parent":137,"menu_order":0,"comment_status":"closed","ping_status":"closed","template":"page-text.php","meta":[],"_links":{"self":[{"href":"https:\/\/ltim.lt\/en\/wp-json\/wp\/v2\/pages\/4065"}],"collection":[{"href":"https:\/\/ltim.lt\/en\/wp-json\/wp\/v2\/pages"}],"about":[{"href":"https:\/\/ltim.lt\/en\/wp-json\/wp\/v2\/types\/page"}],"author":[{"embeddable":true,"href":"https:\/\/ltim.lt\/en\/wp-json\/wp\/v2\/users\/1"}],"replies":[{"embeddable":true,"href":"https:\/\/ltim.lt\/en\/wp-json\/wp\/v2\/comments?post=4065"}],"version-history":[{"count":1,"href":"https:\/\/ltim.lt\/en\/wp-json\/wp\/v2\/pages\/4065\/revisions"}],"predecessor-version":[{"id":4066,"href":"https:\/\/ltim.lt\/en\/wp-json\/wp\/v2\/pages\/4065\/revisions\/4066"}],"up":[{"embeddable":true,"href":"https:\/\/ltim.lt\/en\/wp-json\/wp\/v2\/pages\/137"}],"wp:attachment":[{"href":"https:\/\/ltim.lt\/en\/wp-json\/wp\/v2\/media?parent=4065"}],"curies":[{"name":"wp","href":"https:\/\/api.w.org\/{rel}","templated":true}]}}