{"id":4055,"date":"2022-11-26T19:47:34","date_gmt":"2022-11-26T21:47:34","guid":{"rendered":"http:\/\/ltim.lt\/?page_id=4055"},"modified":"2022-11-26T19:47:35","modified_gmt":"2022-11-26T21:47:35","slug":"2-ojo-priesakines-sargybos-pulko-ulonas-ir-eilinis-melyna-spalva","status":"publish","type":"page","link":"https:\/\/ltim.lt\/en\/galerija\/karyba\/regimentai\/2-ojo-priesakines-sargybos-pulko-ulonas-ir-eilinis-melyna-spalva\/","title":{"rendered":"2-ojo Prie\u0161akin\u0117s sargybos pulko ulonas ir eilinis (m\u0117lyna spalva)"},"content":{"rendered":"\n<p><img loading=\"lazy\" class=\"aligncenter size-medium\" src=\"https:\/\/pirmynpopasauli.files.wordpress.com\/2022\/11\/image-99.png\" width=\"241\" height=\"347\" \/><\/p>\n<p style=\"text-align: center;\">2-ojo Prie\u0161akin\u0117s sargybos pulko ulonas ir eilinis (m\u0117lyna spalva)<\/p>\n<p>\u00a0<\/p>\n","protected":false},"excerpt":{"rendered":"<p>2-ojo Prie\u0161akin\u0117s sargybos pulko ulonas ir eilinis (m\u0117lyna spalva) \u00a0<\/p>\n","protected":false},"author":1,"featured_media":0,"parent":158,"menu_order":0,"comment_status":"closed","ping_status":"closed","template":"page-text.php","meta":[],"_links":{"self":[{"href":"https:\/\/ltim.lt\/en\/wp-json\/wp\/v2\/pages\/4055"}],"collection":[{"href":"https:\/\/ltim.lt\/en\/wp-json\/wp\/v2\/pages"}],"about":[{"href":"https:\/\/ltim.lt\/en\/wp-json\/wp\/v2\/types\/page"}],"author":[{"embeddable":true,"href":"https:\/\/ltim.lt\/en\/wp-json\/wp\/v2\/users\/1"}],"replies":[{"embeddable":true,"href":"https:\/\/ltim.lt\/en\/wp-json\/wp\/v2\/comments?post=4055"}],"version-history":[{"count":1,"href":"https:\/\/ltim.lt\/en\/wp-json\/wp\/v2\/pages\/4055\/revisions"}],"predecessor-version":[{"id":4056,"href":"https:\/\/ltim.lt\/en\/wp-json\/wp\/v2\/pages\/4055\/revisions\/4056"}],"up":[{"embeddable":true,"href":"https:\/\/ltim.lt\/en\/wp-json\/wp\/v2\/pages\/158"}],"wp:attachment":[{"href":"https:\/\/ltim.lt\/en\/wp-json\/wp\/v2\/media?parent=4055"}],"curies":[{"name":"wp","href":"https:\/\/api.w.org\/{rel}","templated":true}]}}