{"id":4051,"date":"2022-11-26T19:34:27","date_gmt":"2022-11-26T21:34:27","guid":{"rendered":"http:\/\/ltim.lt\/?page_id=4051"},"modified":"2022-11-26T19:34:28","modified_gmt":"2022-11-26T21:34:28","slug":"kauno-tuhan-baranauskai-arba-tugan-baranauskai","status":"publish","type":"page","link":"https:\/\/ltim.lt\/en\/galerija\/vietoves\/kaunas\/kauno-tuhan-baranauskai-arba-tugan-baranauskai\/","title":{"rendered":"Kauno Tuhan-Baranauskai (arba Tugan-Baranauskai)"},"content":{"rendered":"\n<p>Motiejus Tuhan-Baranauskas gim\u0117\u00a0Adamonyse apie 1868 metus. Ved\u0117 Zofij\u0105 Bagdanavi\u010dait\u0119, gimusi\u0105 1890 m.\u00a0Bazoruose. I\u0161augo \u0161e\u0161i vaikai: Jonas<br \/>(gim\u0117 Adamonyse 1908 m.), Steponas (Stepas \u2013 gim\u0117 Adamonyse 1910 m.),<br \/>Marija (Maryt\u0117 \u2013 gim\u0117 Kaune 1911 m.), Elena (gim\u0117 Kaune 1914 m.), Tamara<br \/>(gim\u0117 Kaune 1918 m.) ir Aleksandras (gim\u0117 Kaune 1920 m.). Kaune tur\u0117jo nuosavus namus Gardino gatv\u0117je (dabar Puod\u017ei\u0173 g.), kuriuose apsigyveno 1910 m. lapkri\u010dio m\u0117nes\u012f.<\/p>\n<p>Elena 1935 m. i\u0161tek\u0117jo u\u017e Juozo\u00a0Vil\u010dinsko. 1938 m. gim\u0117 s\u016bnus Aleksandras (Alis). Juozas Vil\u010dinskas buvo\u00a0vandentiekio in\u017einierius ir iki 1944 m. dirbo Kauno miesto savivaldyb\u0117je. Mir\u0117 1992 m. Londone, palaidotas Rai\u017eiuose<br \/>\u0161alia t\u0117vo Samuelio ir sesers Maryt\u0117s.\u00a0<\/p>\n<p>Tuhan-Baranausk\u0173 jauniausias s\u016bnus Aleksandras \u017euvo 1941 m. bir\u017eelio 23\u00a0d. keldamas Lietuvos trispalv\u0119 Kauno jachtklube. Palaidotas \u0161alia Kauno\u00a0me\u010det\u0117s buvusiose totori\u0173 kapin\u0117se (dabar parkas, kuriame jo palaikai vis dar\u00a0guli).<\/p>\n<p>Art\u0117jant rusams, 1944 m. liepos 9\u00a0d. i\u0161 Kauno i\u0161va\u017eiavo Zofi ja Tuhan-<br \/>Baranauskien\u0117, Stepas ir Jonas Tuhan-Baranauskai, Maryt\u0117 Tuhan-Baranauskait\u0117,\u00a0Juozas, Elena ir Alis Vil\u010dinskai. Kaune pasiliko Motiejus (1946 m. mir\u0117). \u0160eima va\u017eiavo \u012f Vien\u0105 (Austrija), kur gyveno ir mok\u0117si Tamara. Vienoje visi i\u0161buvo iki 1945 m. vasario 20 d., kai v\u0117l art\u0117jo rusai.\u00a0<\/p>\n<p>I\u0161 Vienos visa gimin\u0117 traukiniu i\u0161keliavo \u012f Italij\u0105 ir atvyko \u012f Milan\u0105 1945\u00a0m. kovo 16 d.. Baland\u017eio 29 d. \u012f Milan\u0105 \u012f\u017eeng\u0117 aliant\u0173 kariuomen\u0117. Brit\u0173\u00a0kariuomen\u0117s sud\u0117tyje buvo Antrasis\u00a0lenk\u0173 korpusas (generolo Anderso vadovaujamas). Maryt\u0117, Tamara ir Stepas\u00a0stojo \u012f lenk\u0173 korpus\u0105 (visi Tuhan-Baranauskai laisvai kalb\u0117jo lenki\u0161kai). 1946\u00a0m. pavasar\u012f kiti \u0161eimos nariai persik\u0117l\u0117 \u012f pab\u0117g\u0117li\u0173 stovykl\u0105 Barletta\u2019je, Adrijos j\u016bros pakrant\u0117je. Kariuomen\u0117je Maryt\u0117 baig\u0117 medicinos sesers mokslus.<\/p>\n<p>Karui pasibaigus Antrasis lenk\u0173 korpusas ir \u0161eimos buvo perkeltos \u012f Britanij\u0105, kur korpusas buvo demobilizuotas.\u00a0Tuhan-Baranauskai ir Vil\u010dinskai atvyko \u012f Anglij\u0105 1946 m. vasar\u0105. Per\u0117j\u0119 \u012fvairias pab\u0117g\u0117li\u0173 stovyklas 1947 m. persik\u0117l\u0117 gyventi \u012f London\u0105.<\/p>\n<p>Maryt\u0117 ir Tamara po demobilizacijos bendravo su lenkais ir abi i\u0161tek\u0117jo u\u017e lenk\u0173. Maryt\u0117 \u2013 u\u017e i\u0161 Lietuvos kilusio Ferdinando Bohdanowi\u010diaus, Tamara \u2013 u\u017e Wies\u0142awo Lasockio i\u0161 Ciechanuvo.<\/p>\n<p>Maryt\u0117 ir Ferdinandas\u00a0 Bohdanavi\u010diai i\u0161augino s\u016bn\u0173 Henrik\u0105. S\u016bnus Londono universitete baig\u0117 chemijos mokslus, ved\u0117 Anglijoje gimusi\u0105 lenkait\u0119 Iwon\u0105 Tarandzio, turi dukr\u0105 Joan\u0105 ir s\u016bn\u0173 Aleks\u0105. Abu vaikai baig\u0117 universitetus: Joana \u2013 verslo mokslus York\u2019e, Aleksas \u2013 aeronautik\u0105 Durham\u2019e. Ferdinandas mir\u0117 1978 m., palaidotas Londone. Maryt\u0117 ir Henrikas su \u017emona gyvena Velse, jaunimas \u2013 Londone.<\/p>\n<p>Tamara ir Wies\u0142aw\u2019as Lasockai i\u0161augino s\u016bn\u0173 Ludek\u0105. Ludekas baig\u0117 geologijos mokslus Londono universitete, ved\u0117\u00a0lenkait\u0119 Malgo\u017eat\u0105 K\u0142oczowsk\u0105, i\u0161augino dukr\u0105 An\u0105 ir s\u016bnus Jan\u0105 ir Toma\u0161\u0105.\u00a0Dukra baig\u0117 gamtosaugos mokslus Readingo universitete ir pedagogik\u0105 Londone, vyresnysis s\u016bnus \u2013 politikos mokslus Londono universitete, jauniausiasis\u00a0\u2013 informatik\u0105 Norwicho universitete.\u00a0Wieslaw\u2019as mir\u0119s, palaidotas Var\u0161uvo<br \/>je. Tamara gyvena Vakarin\u0117je Anglijoje,\u00a0Ludekas su \u0161eima \u2013 Londone.<\/p>\n<p>Jonas ir Stepas Tuhan-Baranauskai liko viengungiai. Jonas apie 1956\u20131958\u00a0m. gyveno Kanadoje, bet gr\u012f\u017eo \u012f London\u0105, kur mir\u0117 1987 m.. Stepas mir\u0117\u00a01997 m., palaidotas Brookwoode (u\u017e\u00a0Londono) musulmon\u0173 kapin\u0117se. Brookwoode taip pat palaidotos Sofi ja Tuhan-Baranauskien\u0117 (mir\u0117 1973 m. Londone)\u00a0ir Elena Vil\u010dinskien\u0117 (mir\u0117 2001 m. Londone).<\/p>\n","protected":false},"excerpt":{"rendered":"<p>Motiejus Tuhan-Baranauskas gim\u0117\u00a0Adamonyse apie 1868 metus. Ved\u0117 Zofij\u0105 Bagdanavi\u010dait\u0119, gimusi\u0105 1890 m.\u00a0Bazoruose. I\u0161augo \u0161e\u0161i vaikai: Jonas(gim\u0117 Adamonyse 1908 m.), Steponas (Stepas \u2013 gim\u0117 Adamonyse 1910 m.),Marija (Maryt\u0117 \u2013 gim\u0117 Kaune 1911 m.), Elena (gim\u0117 Kaune 1914 m.), Tamara(gim\u0117 Kaune 1918 m.) ir Aleksandras (gim\u0117 Kaune 1920 m.). Kaune tur\u0117jo nuosavus namus Gardino gatv\u0117je (dabar Puod\u017ei\u0173 [&hellip;]<\/p>\n","protected":false},"author":1,"featured_media":0,"parent":148,"menu_order":0,"comment_status":"closed","ping_status":"closed","template":"page-text.php","meta":[],"_links":{"self":[{"href":"https:\/\/ltim.lt\/en\/wp-json\/wp\/v2\/pages\/4051"}],"collection":[{"href":"https:\/\/ltim.lt\/en\/wp-json\/wp\/v2\/pages"}],"about":[{"href":"https:\/\/ltim.lt\/en\/wp-json\/wp\/v2\/types\/page"}],"author":[{"embeddable":true,"href":"https:\/\/ltim.lt\/en\/wp-json\/wp\/v2\/users\/1"}],"replies":[{"embeddable":true,"href":"https:\/\/ltim.lt\/en\/wp-json\/wp\/v2\/comments?post=4051"}],"version-history":[{"count":1,"href":"https:\/\/ltim.lt\/en\/wp-json\/wp\/v2\/pages\/4051\/revisions"}],"predecessor-version":[{"id":4052,"href":"https:\/\/ltim.lt\/en\/wp-json\/wp\/v2\/pages\/4051\/revisions\/4052"}],"up":[{"embeddable":true,"href":"https:\/\/ltim.lt\/en\/wp-json\/wp\/v2\/pages\/148"}],"wp:attachment":[{"href":"https:\/\/ltim.lt\/en\/wp-json\/wp\/v2\/media?parent=4051"}],"curies":[{"name":"wp","href":"https:\/\/api.w.org\/{rel}","templated":true}]}}