{"id":4046,"date":"2022-11-26T17:39:12","date_gmt":"2022-11-26T19:39:12","guid":{"rendered":"http:\/\/ltim.lt\/?page_id=4046"},"modified":"2022-11-26T17:40:44","modified_gmt":"2022-11-26T19:40:44","slug":"pavasario-svente-novruz-2022-m","status":"publish","type":"page","link":"https:\/\/ltim.lt\/en\/galerija\/vyke-renginiai\/pavasario-svente-novruz-2022-m\/","title":{"rendered":"Pavasario \u0161vent\u0117 \u2013 Novruz 2022 m."},"content":{"rendered":"\n<p>2022 m. gegu\u017e\u0117s m\u0117n. 18 d. Vilniaus rotu\u0161\u0117je vyko Pavasario \u0161vent\u0117 \u2013 Novruz, kuri\u0105 organizavo Azerbaid\u017eano, Vengrijos, Kazachstano, Turkijos ir Uzbekistano ambasados.<\/p>\n<p>Koncerto metu \u012fvairiomis kalbomis skamb\u0117jusias dainas, \u0161okius pristat\u0117 ambasadoriai. Turkijos ambasadorius J. E. Gokhan Turan pristat\u0117 Turkijos fondo Gumer grup\u0119 Gumer, kuri atliko turk\u0173 liaudies \u0161okius.<\/p>\n<p>Vengrijos ambasadorius J. E. Gabor Diczhazi pristat\u0117 kolektyv\u0105 muzikant\u0173 ir daininink\u0173, kurie atliko kip\u010diak\u0173 kalbinei\u00a0grupei priklausan\u010diomis kuman\u0173\u2013nagaj\u0173 kalbomis tautines\u00a0dainas. Muzikantas Aslambek Sultanbekov atstovavo Vengrijos totori\u0173 diasporai. Skamb\u0117jo tradicinis \u0161ios bendruomen\u0117s\u00a0atstovams charakteringas styginis instrumentas. Vengr\u0173 liaudies muzikos propaguotojas Agocs Gergely su pritarian\u010diais dainininkais atliko k\u016brinius nogaj\u0173 ir vengr\u0173 kalbomis. \u0160iai etnografin\u0119 muzik\u0105 propaguojan\u010diai grupei vadovauja etnografas David Somfai Kara, kuris ir pristat\u0117 grup\u0119. \u0160i\u0173 muzikant\u0173 pasirodymas didelis ir malonus atradimas. Lietuvos totoriams artima bendruomen\u0117 yra nedidel\u0117, bet i\u0161tikimai puosel\u0117janti savo tradicijas. Kalba, kuria kalba Vengrijos totoriai, yra\u00a0artima Rumunijos Dobru\u017eos regione gyvenantiems totoriams.<\/p>\n<p>Vengrijos totoriai ir j\u0173 draugai pa\u017ead\u0117jo kitais metais aplankyti Lietuv\u0105 ir m\u016bs\u0173 bendruomenei dovanoti koncert\u0105.\u00a0<\/p>\n<p>Renginyje dalyvavo Lietuvos Respublikos Seimo \u012fvairi\u0173 politini\u0173 partij\u0173 atstovai, tautini\u0173 bendruomeni\u0173 atstovai, Lietuvos Respublikos ambasadoriai, visuomen\u0117s veik\u0117jai.<\/p>\n<p><img loading=\"lazy\" class=\"aligncenter size-medium\" src=\"https:\/\/pirmynpopasauli.files.wordpress.com\/2022\/11\/image-98.png\" width=\"377\" height=\"212\" \/><\/p>\n","protected":false},"excerpt":{"rendered":"<p>2022 m. gegu\u017e\u0117s m\u0117n. 18 d. Vilniaus rotu\u0161\u0117je vyko Pavasario \u0161vent\u0117 \u2013 Novruz, kuri\u0105 organizavo Azerbaid\u017eano, Vengrijos, Kazachstano, Turkijos ir Uzbekistano ambasados. Koncerto metu \u012fvairiomis kalbomis skamb\u0117jusias dainas, \u0161okius pristat\u0117 ambasadoriai. Turkijos ambasadorius J. E. Gokhan Turan pristat\u0117 Turkijos fondo Gumer grup\u0119 Gumer, kuri atliko turk\u0173 liaudies \u0161okius. Vengrijos ambasadorius J. E. Gabor Diczhazi pristat\u0117 [&hellip;]<\/p>\n","protected":false},"author":1,"featured_media":0,"parent":2935,"menu_order":0,"comment_status":"closed","ping_status":"closed","template":"page-text.php","meta":[],"_links":{"self":[{"href":"https:\/\/ltim.lt\/en\/wp-json\/wp\/v2\/pages\/4046"}],"collection":[{"href":"https:\/\/ltim.lt\/en\/wp-json\/wp\/v2\/pages"}],"about":[{"href":"https:\/\/ltim.lt\/en\/wp-json\/wp\/v2\/types\/page"}],"author":[{"embeddable":true,"href":"https:\/\/ltim.lt\/en\/wp-json\/wp\/v2\/users\/1"}],"replies":[{"embeddable":true,"href":"https:\/\/ltim.lt\/en\/wp-json\/wp\/v2\/comments?post=4046"}],"version-history":[{"count":2,"href":"https:\/\/ltim.lt\/en\/wp-json\/wp\/v2\/pages\/4046\/revisions"}],"predecessor-version":[{"id":4048,"href":"https:\/\/ltim.lt\/en\/wp-json\/wp\/v2\/pages\/4046\/revisions\/4048"}],"up":[{"embeddable":true,"href":"https:\/\/ltim.lt\/en\/wp-json\/wp\/v2\/pages\/2935"}],"wp:attachment":[{"href":"https:\/\/ltim.lt\/en\/wp-json\/wp\/v2\/media?parent=4046"}],"curies":[{"name":"wp","href":"https:\/\/api.w.org\/{rel}","templated":true}]}}