{"id":4042,"date":"2022-11-26T17:27:42","date_gmt":"2022-11-26T19:27:42","guid":{"rendered":"http:\/\/ltim.lt\/?page_id=4042"},"modified":"2022-11-26T17:27:43","modified_gmt":"2022-11-26T19:27:43","slug":"apeiginiai-patiekalai","status":"publish","type":"page","link":"https:\/\/ltim.lt\/en\/galerija\/vietoves\/vinksnupiai\/apeiginiai-patiekalai\/","title":{"rendered":"Apeiginiai patiekalai"},"content":{"rendered":"\n<p>D\u017eaima. Riebius, svieste keptus paplot\u0117lius dalydavo laidotuvi\u0173 ir apeig\u0173 u\u017e\u00a0mirus\u012fj\u012f metu. Apvalius paplot\u0117lius gamino i\u0161 kvietini\u0173 milt\u0173, vandens bei druskos suminkytos ir kietai i\u0161ko\u010diotos te\u0161los.\u00a0<\/p>\n<p>Halva. I\u0161 medaus, milt\u0173 ir sviesto kietai sumai\u0161yt\u0105 te\u0161l\u0105 supildavo \u012f keptuv\u0119. I\u0161kept\u0105 pjaustydavo gabalais ir dalydavo kapin\u0117se laidojimo ar mirusiojo atminimo apeigose dalyvaujantiems maldininkams.<\/p>\n<p>Per laidotuves pateikdavo sultin\u012f su makaronais ir kukuliais, pagamint\u0105 i\u0161<br \/>kapotos m\u0117sos su pipirais, svog\u016bnais, druska ir taukais:<br \/>\u2022 Jautienos arba avienos kepsn\u012f,<br \/>\u2022 Pieni\u0161k\u0105 ry\u017ei\u0173 ko\u0161\u0119 su razinomis,<br \/>\u2022 Kompot\u0105.<br \/>A\u0161ure bairamo \u0161ventei vir\u0117 g\u0117rim\u0105 syt\u0105 i\u0161 vandens su medumi, be apyni\u0173 ir alkoholio. G\u0117rim\u0105 patiekdavo ir \u0161eimynini\u0173 \u0161ven\u010di\u0173 metu.<\/p>\n","protected":false},"excerpt":{"rendered":"<p>D\u017eaima. Riebius, svieste keptus paplot\u0117lius dalydavo laidotuvi\u0173 ir apeig\u0173 u\u017e\u00a0mirus\u012fj\u012f metu. Apvalius paplot\u0117lius gamino i\u0161 kvietini\u0173 milt\u0173, vandens bei druskos suminkytos ir kietai i\u0161ko\u010diotos te\u0161los.\u00a0 Halva. I\u0161 medaus, milt\u0173 ir sviesto kietai sumai\u0161yt\u0105 te\u0161l\u0105 supildavo \u012f keptuv\u0119. I\u0161kept\u0105 pjaustydavo gabalais ir dalydavo kapin\u0117se laidojimo ar mirusiojo atminimo apeigose dalyvaujantiems maldininkams. Per laidotuves pateikdavo sultin\u012f su [&hellip;]<\/p>\n","protected":false},"author":1,"featured_media":0,"parent":3933,"menu_order":0,"comment_status":"closed","ping_status":"closed","template":"page-text.php","meta":[],"_links":{"self":[{"href":"https:\/\/ltim.lt\/en\/wp-json\/wp\/v2\/pages\/4042"}],"collection":[{"href":"https:\/\/ltim.lt\/en\/wp-json\/wp\/v2\/pages"}],"about":[{"href":"https:\/\/ltim.lt\/en\/wp-json\/wp\/v2\/types\/page"}],"author":[{"embeddable":true,"href":"https:\/\/ltim.lt\/en\/wp-json\/wp\/v2\/users\/1"}],"replies":[{"embeddable":true,"href":"https:\/\/ltim.lt\/en\/wp-json\/wp\/v2\/comments?post=4042"}],"version-history":[{"count":1,"href":"https:\/\/ltim.lt\/en\/wp-json\/wp\/v2\/pages\/4042\/revisions"}],"predecessor-version":[{"id":4043,"href":"https:\/\/ltim.lt\/en\/wp-json\/wp\/v2\/pages\/4042\/revisions\/4043"}],"up":[{"embeddable":true,"href":"https:\/\/ltim.lt\/en\/wp-json\/wp\/v2\/pages\/3933"}],"wp:attachment":[{"href":"https:\/\/ltim.lt\/en\/wp-json\/wp\/v2\/media?parent=4042"}],"curies":[{"name":"wp","href":"https:\/\/api.w.org\/{rel}","templated":true}]}}