{"id":4035,"date":"2022-11-26T17:18:42","date_gmt":"2022-11-26T19:18:42","guid":{"rendered":"http:\/\/ltim.lt\/?page_id=4035"},"modified":"2022-11-26T17:19:36","modified_gmt":"2022-11-26T19:19:36","slug":"seima","status":"publish","type":"page","link":"https:\/\/ltim.lt\/en\/galerija\/vietoves\/vinksnupiai\/seima\/","title":{"rendered":"\u0160eima"},"content":{"rendered":"\t\t<div data-elementor-type=\"wp-page\" data-elementor-id=\"4035\" class=\"elementor elementor-4035\" data-elementor-settings=\"[]\">\n\t\t\t\t\t\t<div class=\"elementor-inner\">\n\t\t\t\t\t\t\t<div class=\"elementor-section-wrap\">\n\t\t\t\t\t\t\t<section class=\"elementor-section elementor-top-section elementor-element elementor-element-34d5ad9a elementor-section-boxed elementor-section-height-default elementor-section-height-default\" data-id=\"34d5ad9a\" data-element_type=\"section\">\n\t\t\t\t\t\t<div class=\"elementor-container elementor-column-gap-default\">\n\t\t\t\t\t\t\t<div class=\"elementor-row\">\n\t\t\t\t\t<div class=\"elementor-column elementor-col-100 elementor-top-column elementor-element elementor-element-5f61b43e\" data-id=\"5f61b43e\" data-element_type=\"column\">\n\t\t\t<div class=\"elementor-column-wrap elementor-element-populated\">\n\t\t\t\t\t\t\t<div class=\"elementor-widget-wrap\">\n\t\t\t\t\t\t<div class=\"elementor-element elementor-element-9d84d0c elementor-view-default elementor-widget elementor-widget-icon\" data-id=\"9d84d0c\" data-element_type=\"widget\" data-widget_type=\"icon.default\">\n\t\t\t\t<div class=\"elementor-widget-container\">\n\t\t\t\t\t<div class=\"elementor-icon-wrapper\">\n\t\t\t<div class=\"elementor-icon\">\n\t\t\t<i aria-hidden=\"true\" class=\"far fa-user\"><\/i>\t\t\t<\/div>\n\t\t<\/div>\n\t\t\t\t<\/div>\n\t\t\t\t<\/div>\n\t\t\t\t<div class=\"elementor-element elementor-element-752bdd3a elementor-widget elementor-widget-text-editor\" data-id=\"752bdd3a\" data-element_type=\"widget\" data-widget_type=\"text-editor.default\">\n\t\t\t\t<div class=\"elementor-widget-container\">\n\t\t\t\t\t<div class=\"elementor-text-editor elementor-clearfix\"><!-- wp:tadv\/classic-paragraph -->\n<p>Lietuvos totoriai r\u016bpinosi vaikais, na\u0161lai\u010diais, globojo senelius. \u012e vyro namus \u012f\u017eengusi \u017emona tapdavo lygiateise \u0161eimos nare. Vyro ir \u017emonos santarv\u0117 neprimin\u0117 musulmoni\u0161kose \u0161alyse \u012fsigal\u0117jusio despotizmo. \u017dmona buvo teis\u0117ta nam\u0173 \u0161eiminink\u0117. Vyras nesiki\u0161o \u012f jos moteri\u0161kus reikalus. Ji buvo vyro pagalbinink\u0117: kartu dirbo laukuose, dar\u017ee, prekiavo turguje ir<br \/>t. t. Vyras nerod\u0117 noro pa\u0161alinti \u017emonos nuo bendro stalo ir, jei ji esant sve\u010diams kartu su vyru nes\u0117d\u0117jo prie stalo, tai tik d\u0117l to, kad kaip \u0161eiminink\u0117 virtuv\u0117je sve\u010diams ruo\u0161\u0117 u\u017ekand\u0105.<\/p>\n<p>Vink\u0161nupi\u0173 apylink\u0117se gyvenusios totori\u0173 \u0161eimos bendravo su kaimynais.<br \/>Ona Stepanauskien\u0117, Kuos\u0117n\u0173 kaimo gyventoja, jaunyst\u0117je draugavo su J. Chalecko dukromis.<\/p>\n<!-- \/wp:tadv\/classic-paragraph --><\/div>\n\t\t\t\t<\/div>\n\t\t\t\t<\/div>\n\t\t\t\t\t\t<\/div>\n\t\t\t\t\t<\/div>\n\t\t<\/div>\n\t\t\t\t\t\t\t\t<\/div>\n\t\t\t\t\t<\/div>\n\t\t<\/section>\n\t\t\t\t\t\t<\/div>\n\t\t\t\t\t\t<\/div>\n\t\t\t\t\t<\/div>\n\t\t","protected":false},"excerpt":{"rendered":"<p>Lietuvos totoriai r\u016bpinosi vaikais, na\u0161lai\u010diais, globojo senelius. \u012e vyro namus \u012f\u017eengusi \u017emona tapdavo lygiateise \u0161eimos nare. Vyro ir \u017emonos santarv\u0117 neprimin\u0117 musulmoni\u0161kose \u0161alyse \u012fsigal\u0117jusio despotizmo. \u017dmona buvo teis\u0117ta nam\u0173 \u0161eiminink\u0117. Vyras nesiki\u0161o \u012f jos moteri\u0161kus reikalus. Ji buvo vyro pagalbinink\u0117: kartu dirbo laukuose, dar\u017ee, prekiavo turguje irt. t. Vyras nerod\u0117 noro pa\u0161alinti \u017emonos nuo bendro [&hellip;]<\/p>\n","protected":false},"author":1,"featured_media":0,"parent":3933,"menu_order":0,"comment_status":"closed","ping_status":"closed","template":"page-text.php","meta":[],"_links":{"self":[{"href":"https:\/\/ltim.lt\/en\/wp-json\/wp\/v2\/pages\/4035"}],"collection":[{"href":"https:\/\/ltim.lt\/en\/wp-json\/wp\/v2\/pages"}],"about":[{"href":"https:\/\/ltim.lt\/en\/wp-json\/wp\/v2\/types\/page"}],"author":[{"embeddable":true,"href":"https:\/\/ltim.lt\/en\/wp-json\/wp\/v2\/users\/1"}],"replies":[{"embeddable":true,"href":"https:\/\/ltim.lt\/en\/wp-json\/wp\/v2\/comments?post=4035"}],"version-history":[{"count":4,"href":"https:\/\/ltim.lt\/en\/wp-json\/wp\/v2\/pages\/4035\/revisions"}],"predecessor-version":[{"id":4039,"href":"https:\/\/ltim.lt\/en\/wp-json\/wp\/v2\/pages\/4035\/revisions\/4039"}],"up":[{"embeddable":true,"href":"https:\/\/ltim.lt\/en\/wp-json\/wp\/v2\/pages\/3933"}],"wp:attachment":[{"href":"https:\/\/ltim.lt\/en\/wp-json\/wp\/v2\/media?parent=4035"}],"curies":[{"name":"wp","href":"https:\/\/api.w.org\/{rel}","templated":true}]}}