{"id":4029,"date":"2022-11-26T15:59:35","date_gmt":"2022-11-26T17:59:35","guid":{"rendered":"http:\/\/ltim.lt\/?page_id=4029"},"modified":"2022-11-26T15:59:36","modified_gmt":"2022-11-26T17:59:36","slug":"paroda-daugiataucio-kauno-paveldas","status":"publish","type":"page","link":"https:\/\/ltim.lt\/en\/galerija\/vyke-renginiai\/paroda-daugiataucio-kauno-paveldas\/","title":{"rendered":"Paroda \u201eDaugiatau\u010dio Kauno paveldas\u201c"},"content":{"rendered":"\n<p>2009 m. rugs\u0117jo 22 d. Kauno miesto muziejuje buvo atidaryta paroda \u201eDaugiatau\u010dio Kauno paveldas\u201c, kuri kaip sud\u0117tin\u0117 dalis \u012f\u0117jo \u012f program\u0105 \u201eEuropos paveldo dienos 2009. Istorij\u0105 kuriame kartu\u201c. Parodoje savo ekspozicijas pristat\u0117 arm\u0117n\u0173, \u017eyd\u0173, totori\u0173, latvi\u0173, ukrainie\u010di\u0173 ir rus\u0173 bendruomen\u0117s. Jos demonstravo \u012fvairius savo bendruomeni\u0173 gyvenimo bei kult\u016bros akcentus. Kauno apskrities totori\u0173 bendruomen\u0117 savo ekspozicijoje demonstravo kelet\u0105 nuotrauk\u0173 ir paveiksl\u0173 i\u0161 savo prot\u0117vi\u0173 karin\u0117s praeities, nuotraukas i\u0161 Kauno karo istorijos klubo veiklos, atkurt\u0105 IV prie\u0161akin\u0117s sargybos (Beliako) pulko kario uniform\u0105, senovin\u0119 kario (ulono) iet\u012f, kelet\u0105 knyg\u0173 LDK totori\u0173 tematika, tarp j\u0173 knyg\u0105 \u201eLietuvos totoriai istorijoje ir kult\u016broje\u201c, i\u0161leist\u0105 2009 m. liepos m\u0117nes\u012f, senovin\u0119 rankra\u0161tin\u0119 maldaknyg\u0119 (chamail\u0105), asmenin\u0119 K\u0119stu\u010dio \u0160afranavi\u010diaus sukaupt\u0105 Aukso Ordos\u00a0numizmatik\u0105 ir sidabrin\u0119 monet\u0105, i\u0161leist\u0105 totori\u0173 apsigyvenimo LDK teritorijoje 600 met\u0173 jubiliejui pamin\u0117ti.\u00a0Kiekvienos bendruomen\u0117s atstovai papasakojo gausiai susirinkusiems sve\u010diams apie pristatom\u0105 savos bendruomen\u0117s\u00a0ekspozicij\u0105. Po to \u012fvyko bendruomeni\u0173 saviveiklos koncertas, kurio metu pasirod\u0117 \u017eyd\u0173, totori\u0173 ir rus\u0173 bendruomeni\u0173 saviveiklininkai. Kauno totoriams atstovavo Rima Kaz\u0117nien\u0117, kuri padainavo kelet\u0105 totori\u0173 liaudies dain\u0173.<\/p>\n","protected":false},"excerpt":{"rendered":"<p>2009 m. rugs\u0117jo 22 d. Kauno miesto muziejuje buvo atidaryta paroda \u201eDaugiatau\u010dio Kauno paveldas\u201c, kuri kaip sud\u0117tin\u0117 dalis \u012f\u0117jo \u012f program\u0105 \u201eEuropos paveldo dienos 2009. Istorij\u0105 kuriame kartu\u201c. Parodoje savo ekspozicijas pristat\u0117 arm\u0117n\u0173, \u017eyd\u0173, totori\u0173, latvi\u0173, ukrainie\u010di\u0173 ir rus\u0173 bendruomen\u0117s. Jos demonstravo \u012fvairius savo bendruomeni\u0173 gyvenimo bei kult\u016bros akcentus. Kauno apskrities totori\u0173 bendruomen\u0117 savo ekspozicijoje [&hellip;]<\/p>\n","protected":false},"author":1,"featured_media":0,"parent":2935,"menu_order":0,"comment_status":"closed","ping_status":"closed","template":"page-text.php","meta":[],"_links":{"self":[{"href":"https:\/\/ltim.lt\/en\/wp-json\/wp\/v2\/pages\/4029"}],"collection":[{"href":"https:\/\/ltim.lt\/en\/wp-json\/wp\/v2\/pages"}],"about":[{"href":"https:\/\/ltim.lt\/en\/wp-json\/wp\/v2\/types\/page"}],"author":[{"embeddable":true,"href":"https:\/\/ltim.lt\/en\/wp-json\/wp\/v2\/users\/1"}],"replies":[{"embeddable":true,"href":"https:\/\/ltim.lt\/en\/wp-json\/wp\/v2\/comments?post=4029"}],"version-history":[{"count":1,"href":"https:\/\/ltim.lt\/en\/wp-json\/wp\/v2\/pages\/4029\/revisions"}],"predecessor-version":[{"id":4030,"href":"https:\/\/ltim.lt\/en\/wp-json\/wp\/v2\/pages\/4029\/revisions\/4030"}],"up":[{"embeddable":true,"href":"https:\/\/ltim.lt\/en\/wp-json\/wp\/v2\/pages\/2935"}],"wp:attachment":[{"href":"https:\/\/ltim.lt\/en\/wp-json\/wp\/v2\/media?parent=4029"}],"curies":[{"name":"wp","href":"https:\/\/api.w.org\/{rel}","templated":true}]}}