{"id":4027,"date":"2022-11-26T15:54:54","date_gmt":"2022-11-26T17:54:54","guid":{"rendered":"http:\/\/ltim.lt\/?page_id=4027"},"modified":"2022-11-26T15:54:55","modified_gmt":"2022-11-26T17:54:55","slug":"vilniuje-lankesi-izymaus-chemiko-osmano-achmatoviciaus-sunus","status":"publish","type":"page","link":"https:\/\/ltim.lt\/en\/galerija\/vyke-renginiai\/vilniuje-lankesi-izymaus-chemiko-osmano-achmatoviciaus-sunus\/","title":{"rendered":"Vilniuje lank\u0117si \u012f\u017eymaus chemiko Osmano Achmatovi\u010diaus s\u016bn\u016bs"},"content":{"rendered":"\n<p>2009 m. bir\u017eelio m\u0117n. 13\u201315 d. Vilniuje lank\u0117si Osmanas ir Selimas Achmatovi\u010diai, \u017eymaus organin\u0117s chemijos profesoriaus,\u00a0Lenkijos totori\u0173 visuomen\u0117s veik\u0117jo Osmano Achmatovi\u010diaus\u00a0s\u016bn\u016bs. Achmatovi\u010diai \u2013 viena seniausi\u0173 ir garbingiausi\u0173 Lietuvos totori\u0173 gimini\u0173 (herbas Kotwica). \u0160ios gimin\u0117s prot\u0117vis\u00a0Mustafa Achmatovi\u010dius buvo LDK kariuomen\u0117s pulkininkas, i\u0161gars\u0117j\u0119s kovose su caro kariuomene 1792 m., T. Kosciu\u0161kos sukilimo dalyvis. Osmano ir Selimo Achmatovi\u010di\u0173 senelis, teisininkas Aleksandras Achmatovi\u010dius 1918 m. buvo Krymo Liaudies Respublikos teisingumo ministras M. Sulkevi\u010diaus\u00a0ministr\u0173 kabinete, 1928\u20131930 m. \u2013 Antrosios Lenkijos Respublikos senatorius, para\u0161\u0117 darb\u0173 civilin\u0117s ir \u0160ariato teis\u0117s\u00a0klausimais. Jo s\u016bnus Osmanas Achmatovi\u010dius 1928 m. tapo chemijos moksl\u0173 daktaru, sta\u017eavosi Oksfordo universitete. 1933 m. Vilniaus universitete jis apgyn\u0117 habilituoto daktaro\u00a0disertacij\u0105, tapo profesoriumi. 1935 m. buvo i\u0161rinktas \u0161io universiteto Farmokologijos fakulteto dekanu. 1945 m. dalyvavo\u00a0kuriant Lodz\u0117s politechnikos institut\u0105. Tuo pat metu pad\u0117jo kurti Chemijos fakultet\u0105 ir \u0117m\u0117 vadovauti Organin\u0117s chemijos\u00a0katedrai. 1948 m. jis tapo Lodz\u0117s politechnikos instituto rektoriumi. Jam vadovaujant \u012fkurtas Maisto chemijos fakultetas.\u00a0Osmano Achmatovi\u010diaus (vyresniojo) pastangomis institute sukomplektuota viena geriausi\u0173 Lenkijoje chemijos bibliotek\u0173. 1992 m. jai suteiktas profesoriaus vardas. Osmano Achmatovi\u010diaus s\u016bn\u016bs Osmanas Achmatovi\u010dius (jaunesnysis) ir Selimas Achmatovi\u010dius taip pat \u017einomi LenkiVilniuje lank\u0117si \u012f\u017eymaus chemiko Osmano Achmatovi\u010diaus s\u016bn\u016bs\u00a0jos chemikai. Osmanas Achmatovi\u010dius (jaunesnysis) (g. 1931) \u2013 profesorius, Achmatovi\u010diaus reakcijos atrad\u0117jas, Selimas Achmatovi\u010dius (g. 1933) \u2013 chemijos moksl\u0173 daktaras. Osmanas ir Selimas Achmatovi\u010diai lank\u0117si Vilniuje, kuriame gim\u0117 ir gyveno iki Antrojo pasaulinio karo. Taip pat apsilank\u0117\u00a0Bergali\u0161k\u0117se (dab. A\u0161menos raj., Baltarusijos Respublikos te-<br \/>ritorija), kur \u0161eimai nuo XVIII a. priklaus\u0117 dvaras.<\/p>\n<p><img loading=\"lazy\" class=\"aligncenter size-medium\" src=\"https:\/\/pirmynpopasauli.files.wordpress.com\/2022\/11\/image-96.png\" width=\"424\" height=\"316\" \/><\/p>\n","protected":false},"excerpt":{"rendered":"<p>2009 m. bir\u017eelio m\u0117n. 13\u201315 d. Vilniuje lank\u0117si Osmanas ir Selimas Achmatovi\u010diai, \u017eymaus organin\u0117s chemijos profesoriaus,\u00a0Lenkijos totori\u0173 visuomen\u0117s veik\u0117jo Osmano Achmatovi\u010diaus\u00a0s\u016bn\u016bs. Achmatovi\u010diai \u2013 viena seniausi\u0173 ir garbingiausi\u0173 Lietuvos totori\u0173 gimini\u0173 (herbas Kotwica). \u0160ios gimin\u0117s prot\u0117vis\u00a0Mustafa Achmatovi\u010dius buvo LDK kariuomen\u0117s pulkininkas, i\u0161gars\u0117j\u0119s kovose su caro kariuomene 1792 m., T. Kosciu\u0161kos sukilimo dalyvis. Osmano ir Selimo Achmatovi\u010di\u0173 [&hellip;]<\/p>\n","protected":false},"author":1,"featured_media":0,"parent":2935,"menu_order":0,"comment_status":"closed","ping_status":"closed","template":"page-text.php","meta":[],"_links":{"self":[{"href":"https:\/\/ltim.lt\/en\/wp-json\/wp\/v2\/pages\/4027"}],"collection":[{"href":"https:\/\/ltim.lt\/en\/wp-json\/wp\/v2\/pages"}],"about":[{"href":"https:\/\/ltim.lt\/en\/wp-json\/wp\/v2\/types\/page"}],"author":[{"embeddable":true,"href":"https:\/\/ltim.lt\/en\/wp-json\/wp\/v2\/users\/1"}],"replies":[{"embeddable":true,"href":"https:\/\/ltim.lt\/en\/wp-json\/wp\/v2\/comments?post=4027"}],"version-history":[{"count":1,"href":"https:\/\/ltim.lt\/en\/wp-json\/wp\/v2\/pages\/4027\/revisions"}],"predecessor-version":[{"id":4028,"href":"https:\/\/ltim.lt\/en\/wp-json\/wp\/v2\/pages\/4027\/revisions\/4028"}],"up":[{"embeddable":true,"href":"https:\/\/ltim.lt\/en\/wp-json\/wp\/v2\/pages\/2935"}],"wp:attachment":[{"href":"https:\/\/ltim.lt\/en\/wp-json\/wp\/v2\/media?parent=4027"}],"curies":[{"name":"wp","href":"https:\/\/api.w.org\/{rel}","templated":true}]}}