{"id":4021,"date":"2022-11-26T15:31:47","date_gmt":"2022-11-26T17:31:47","guid":{"rendered":"http:\/\/ltim.lt\/?page_id=4021"},"modified":"2022-11-26T15:31:48","modified_gmt":"2022-11-26T17:31:48","slug":"jono-parseliuno-fotografiju-paroda-lietuvos-totoriai","status":"publish","type":"page","link":"https:\/\/ltim.lt\/en\/galerija\/vyke-renginiai\/jono-parseliuno-fotografiju-paroda-lietuvos-totoriai\/","title":{"rendered":"Jono Par\u0161eli\u016bno fotografij\u0173 paroda \u201eLietuvos totoriai\u201c"},"content":{"rendered":"\n<p>2012 m. gegu\u017e\u0117s 16 d. Lietuvos Respublikos Seime atidaryta Jono\u00a0Par\u0161eli\u016bno fotografij\u0173 paroda \u201eLietuvos totoriai\u201c. Keliose de\u0161imtyse spalvot\u0173 nuotrauk\u0173 u\u017efiksuotos jau septint\u0105 \u0161imtmet\u012f m\u016bs\u0173 \u0161alyje skai\u010diuojan\u010dios bendruomen\u0117s\u00a0gyvenimo akimirkos: kult\u016briniai renginiai, \u0161vent\u0117s, sakralinis paveldas. \u201eJonas\u00a0Par\u0161eli\u016bnas tapo m\u016bs\u0173 bendruomen\u0117s fotomenininku. Jo nuotraukose u\u017efiksuota tai, kas mums, totoriams, yra labai\u00a0svarbu, turi i\u0161liekam\u0105j\u0105 vert\u0119\u201c,- parodos atidaryme sak\u0117 Lietuvos totori\u0173\u00a0bendruomeni\u0173 s\u0105jungos pirmininkas dr. Adas Jakubauskas.<br \/>J. Par\u0161eli\u016bnas fotografuoti prad\u0117jo\u00a0dar besimokydamas vidurin\u0117je mokykloje gimtojoje Suvalkijoje. Po to sek\u0117\u00a0studijos Vilniaus universitete, kur \u012fgijo fiziko specialyb\u0119, darbas Puslaidininki\u0173 institute, daktaro disertacija. Fotografij\u0105 teko pamir\u0161ti. Prie\u0161 kelet\u0105 met\u0173 Jonas v\u0117l pa\u0117m\u0117 \u012f rankas fotoaparat\u0105. Palikus d\u0117l am\u017eiaus darb\u0105, atsirado daugiau laisvo laiko. \u201eKeliaudamas po Lietuv\u0105 lankau ir fotografuoju Katalik\u0173 ba\u017eny\u010dias, kit\u0173 konfesij\u0173 maldos namus,\u00a0\u012fvairius architekt\u016brinius objektus\u201c,- sako J.Par\u0161eli\u016bnas.- \u201eMane ypa\u010d domina\u00a0Lietuvos laisv\u0117s kov\u0173 \u012fam\u017einimo vietos\u00a0bei Lietuvos totori\u0173 bendruomen\u0117s gyvenimas. Totoriai, \u012fsiliej\u0119 \u012f m\u016bs\u0173 \u0161alies\u00a0istorij\u0105, vis\u0105 laik\u0105 \u017eeng\u0117 koja kojon su\u00a0m\u016bs\u0173 tauta ir liko i\u0161tikimais bendrapilie\u010diais\u201c.<\/p>\n","protected":false},"excerpt":{"rendered":"<p>2012 m. gegu\u017e\u0117s 16 d. Lietuvos Respublikos Seime atidaryta Jono\u00a0Par\u0161eli\u016bno fotografij\u0173 paroda \u201eLietuvos totoriai\u201c. Keliose de\u0161imtyse spalvot\u0173 nuotrauk\u0173 u\u017efiksuotos jau septint\u0105 \u0161imtmet\u012f m\u016bs\u0173 \u0161alyje skai\u010diuojan\u010dios bendruomen\u0117s\u00a0gyvenimo akimirkos: kult\u016briniai renginiai, \u0161vent\u0117s, sakralinis paveldas. \u201eJonas\u00a0Par\u0161eli\u016bnas tapo m\u016bs\u0173 bendruomen\u0117s fotomenininku. Jo nuotraukose u\u017efiksuota tai, kas mums, totoriams, yra labai\u00a0svarbu, turi i\u0161liekam\u0105j\u0105 vert\u0119\u201c,- parodos atidaryme sak\u0117 Lietuvos totori\u0173\u00a0bendruomeni\u0173 s\u0105jungos [&hellip;]<\/p>\n","protected":false},"author":1,"featured_media":0,"parent":2935,"menu_order":0,"comment_status":"closed","ping_status":"closed","template":"page-text.php","meta":[],"_links":{"self":[{"href":"https:\/\/ltim.lt\/en\/wp-json\/wp\/v2\/pages\/4021"}],"collection":[{"href":"https:\/\/ltim.lt\/en\/wp-json\/wp\/v2\/pages"}],"about":[{"href":"https:\/\/ltim.lt\/en\/wp-json\/wp\/v2\/types\/page"}],"author":[{"embeddable":true,"href":"https:\/\/ltim.lt\/en\/wp-json\/wp\/v2\/users\/1"}],"replies":[{"embeddable":true,"href":"https:\/\/ltim.lt\/en\/wp-json\/wp\/v2\/comments?post=4021"}],"version-history":[{"count":1,"href":"https:\/\/ltim.lt\/en\/wp-json\/wp\/v2\/pages\/4021\/revisions"}],"predecessor-version":[{"id":4022,"href":"https:\/\/ltim.lt\/en\/wp-json\/wp\/v2\/pages\/4021\/revisions\/4022"}],"up":[{"embeddable":true,"href":"https:\/\/ltim.lt\/en\/wp-json\/wp\/v2\/pages\/2935"}],"wp:attachment":[{"href":"https:\/\/ltim.lt\/en\/wp-json\/wp\/v2\/media?parent=4021"}],"curies":[{"name":"wp","href":"https:\/\/api.w.org\/{rel}","templated":true}]}}