{"id":4010,"date":"2022-11-26T14:10:50","date_gmt":"2022-11-26T16:10:50","guid":{"rendered":"http:\/\/ltim.lt\/?page_id=4010"},"modified":"2022-11-26T14:10:50","modified_gmt":"2022-11-26T16:10:50","slug":"vietoves-zemelapis","status":"publish","type":"page","link":"https:\/\/ltim.lt\/en\/galerija\/vietoves\/adamonys\/vietoves-zemelapis\/","title":{"rendered":"Vietov\u0117s \u017eem\u0117lapis"},"content":{"rendered":"\n<p><img loading=\"lazy\" class=\"aligncenter size-medium\" src=\"https:\/\/pirmynpopasauli.files.wordpress.com\/2022\/11\/image-94.png\" width=\"334\" height=\"212\" \/><\/p>\n<p style=\"text-align: center;\">Vietov\u0117s \u017eem\u0117lapis pagal 1992 m. kosmin\u0117s nuotraukos panchromin\u0119 ortofoto med\u017eiag\u0105. \u017dem\u0117lapyje pa\u017eym\u0117tos sodybos atitinka \u0161i\u0173 dien\u0173 realyb\u0119, i\u0161skyrus nugriautas buvusi\u0173 Juozo Baranausko prie Vali\u016bn\u0173 kaimo ir \u0160imo Abunevi\u010diaus prie Taucioni\u0173 kaimo, sodybas.<\/p>\n","protected":false},"excerpt":{"rendered":"<p>Vietov\u0117s \u017eem\u0117lapis pagal 1992 m. kosmin\u0117s nuotraukos panchromin\u0119 ortofoto med\u017eiag\u0105. \u017dem\u0117lapyje pa\u017eym\u0117tos sodybos atitinka \u0161i\u0173 dien\u0173 realyb\u0119, i\u0161skyrus nugriautas buvusi\u0173 Juozo Baranausko prie Vali\u016bn\u0173 kaimo ir \u0160imo Abunevi\u010diaus prie Taucioni\u0173 kaimo, sodybas.<\/p>\n","protected":false},"author":1,"featured_media":0,"parent":3489,"menu_order":0,"comment_status":"closed","ping_status":"closed","template":"page-text.php","meta":[],"_links":{"self":[{"href":"https:\/\/ltim.lt\/en\/wp-json\/wp\/v2\/pages\/4010"}],"collection":[{"href":"https:\/\/ltim.lt\/en\/wp-json\/wp\/v2\/pages"}],"about":[{"href":"https:\/\/ltim.lt\/en\/wp-json\/wp\/v2\/types\/page"}],"author":[{"embeddable":true,"href":"https:\/\/ltim.lt\/en\/wp-json\/wp\/v2\/users\/1"}],"replies":[{"embeddable":true,"href":"https:\/\/ltim.lt\/en\/wp-json\/wp\/v2\/comments?post=4010"}],"version-history":[{"count":1,"href":"https:\/\/ltim.lt\/en\/wp-json\/wp\/v2\/pages\/4010\/revisions"}],"predecessor-version":[{"id":4011,"href":"https:\/\/ltim.lt\/en\/wp-json\/wp\/v2\/pages\/4010\/revisions\/4011"}],"up":[{"embeddable":true,"href":"https:\/\/ltim.lt\/en\/wp-json\/wp\/v2\/pages\/3489"}],"wp:attachment":[{"href":"https:\/\/ltim.lt\/en\/wp-json\/wp\/v2\/media?parent=4010"}],"curies":[{"name":"wp","href":"https:\/\/api.w.org\/{rel}","templated":true}]}}