{"id":4001,"date":"2022-11-26T13:54:11","date_gmt":"2022-11-26T15:54:11","guid":{"rendered":"http:\/\/ltim.lt\/?page_id=4001"},"modified":"2022-11-26T13:54:45","modified_gmt":"2022-11-26T15:54:45","slug":"juozo-eleksio-eilerastis-omero-fontanas","status":"publish","type":"page","link":"https:\/\/ltim.lt\/en\/galerija\/literatura-ir-spauda\/juozo-eleksio-eilerastis-omero-fontanas\/","title":{"rendered":"Juozo Elek\u0161io eil\u0117ra\u0161tis \u201eOmero fontanas\u201c"},"content":{"rendered":"\t\t<div data-elementor-type=\"wp-page\" data-elementor-id=\"4001\" class=\"elementor elementor-4001\" data-elementor-settings=\"[]\">\n\t\t\t\t\t\t<div class=\"elementor-inner\">\n\t\t\t\t\t\t\t<div class=\"elementor-section-wrap\">\n\t\t\t\t\t\t\t<section class=\"elementor-section elementor-top-section elementor-element elementor-element-b97e123 elementor-section-boxed elementor-section-height-default elementor-section-height-default\" data-id=\"b97e123\" data-element_type=\"section\">\n\t\t\t\t\t\t<div class=\"elementor-container elementor-column-gap-default\">\n\t\t\t\t\t\t\t<div class=\"elementor-row\">\n\t\t\t\t\t<div class=\"elementor-column elementor-col-100 elementor-top-column elementor-element elementor-element-c5534d2\" data-id=\"c5534d2\" data-element_type=\"column\">\n\t\t\t<div class=\"elementor-column-wrap elementor-element-populated\">\n\t\t\t\t\t\t\t<div class=\"elementor-widget-wrap\">\n\t\t\t\t\t\t<div class=\"elementor-element elementor-element-058f16f elementor-view-default elementor-widget elementor-widget-icon\" data-id=\"058f16f\" data-element_type=\"widget\" data-widget_type=\"icon.default\">\n\t\t\t\t<div class=\"elementor-widget-container\">\n\t\t\t\t\t<div class=\"elementor-icon-wrapper\">\n\t\t\t<div class=\"elementor-icon\">\n\t\t\t<i aria-hidden=\"true\" class=\"fas fa-book-open\"><\/i>\t\t\t<\/div>\n\t\t<\/div>\n\t\t\t\t<\/div>\n\t\t\t\t<\/div>\n\t\t\t\t\t\t<\/div>\n\t\t\t\t\t<\/div>\n\t\t<\/div>\n\t\t\t\t\t\t\t\t<\/div>\n\t\t\t\t\t<\/div>\n\t\t<\/section>\n\t\t\t\t<section class=\"elementor-section elementor-top-section elementor-element elementor-element-7b664067 elementor-section-boxed elementor-section-height-default elementor-section-height-default\" data-id=\"7b664067\" data-element_type=\"section\">\n\t\t\t\t\t\t<div class=\"elementor-container elementor-column-gap-default\">\n\t\t\t\t\t\t\t<div class=\"elementor-row\">\n\t\t\t\t\t<div class=\"elementor-column elementor-col-100 elementor-top-column elementor-element elementor-element-40624dd1\" data-id=\"40624dd1\" data-element_type=\"column\">\n\t\t\t<div class=\"elementor-column-wrap elementor-element-populated\">\n\t\t\t\t\t\t\t<div class=\"elementor-widget-wrap\">\n\t\t\t\t\t\t<div class=\"elementor-element elementor-element-56259ce8 elementor-widget elementor-widget-text-editor\" data-id=\"56259ce8\" data-element_type=\"widget\" data-widget_type=\"text-editor.default\">\n\t\t\t\t<div class=\"elementor-widget-container\">\n\t\t\t\t\t<div class=\"elementor-text-editor elementor-clearfix\"><!-- wp:tadv\/classic-paragraph -->\n<p style=\"text-align: center;\">Daugyb\u0119 fontan\u0173 reg\u0117jau<br \/>\u017e\u0117ruojant barokiniu auksu:<br \/>fontanai \u2013 kriokliai, fontan\u0173 al\u0117jos<br \/>\u012f kosmos\u0105 mu\u0161a gali\u016bn\u0173 srov\u0117,<br \/>bet meil\u0117s fontano did\u017eiosios \u0161lov\u0117s<br \/>ne vienas i\u0161 j\u0173 nesulauks!<br \/>\u010cia marmuras verkia Dianos,<br \/>Nors moterys buvo ir kitos:<br \/>daug vergi\u0173 jaun\u0173 hareman privar\u0117<br \/>su rimbais tarn\u0173, pataik\u016bn\u0173 pikt\u0173&#8230;<br \/>Nerado tokios, kur dejon\u0117m nakt\u0173<br \/>gal\u0117t\u0173 nutilt \u012fsakyt.<br \/>Gra\u017euol\u0117s Sor\u0117ja, Nasiba<br \/>bej\u0117g\u0117s k\u0105 nors padaryt \u2013<br \/>vien a\u0161arom akys, a\u0161arom \u017eiba&#8230;<br \/>Ir pra\u0161o tironas d\u017eigit\u0173 narsi\u0173<br \/>ie\u0161koti pa\u0161aly fontan\u0173 meistr\u0173,<br \/>nors kar\u0105 planavo i\u0161ryt&#8230;<br \/>I\u0161nyko puikyb\u0117 gali\u016bn\u0173,<br \/>Nud\u017eiuvo ir a\u0161aros, kraujas&#8230;<br \/>Kiek verksi, akmuo?&#8230; Jau viskas pra\u017euvo.<br \/>Tik genijaus meistro Omero valia<br \/>ir \u0161iandien dar stovi stebuklas \u0161alia \u2013<br \/>paminklas, kurio nenugriaus.<\/p>\n<!-- \/wp:tadv\/classic-paragraph --><\/div>\n\t\t\t\t<\/div>\n\t\t\t\t<\/div>\n\t\t\t\t\t\t<\/div>\n\t\t\t\t\t<\/div>\n\t\t<\/div>\n\t\t\t\t\t\t\t\t<\/div>\n\t\t\t\t\t<\/div>\n\t\t<\/section>\n\t\t\t\t\t\t<\/div>\n\t\t\t\t\t\t<\/div>\n\t\t\t\t\t<\/div>\n\t\t","protected":false},"excerpt":{"rendered":"<p>Daugyb\u0119 fontan\u0173 reg\u0117jau\u017e\u0117ruojant barokiniu auksu:fontanai \u2013 kriokliai, fontan\u0173 al\u0117jos\u012f kosmos\u0105 mu\u0161a gali\u016bn\u0173 srov\u0117,bet meil\u0117s fontano did\u017eiosios \u0161lov\u0117sne vienas i\u0161 j\u0173 nesulauks!\u010cia marmuras verkia Dianos,Nors moterys buvo ir kitos:daug vergi\u0173 jaun\u0173 hareman privar\u0117su rimbais tarn\u0173, pataik\u016bn\u0173 pikt\u0173&#8230;Nerado tokios, kur dejon\u0117m nakt\u0173gal\u0117t\u0173 nutilt \u012fsakyt.Gra\u017euol\u0117s Sor\u0117ja, Nasibabej\u0117g\u0117s k\u0105 nors padaryt \u2013vien a\u0161arom akys, a\u0161arom \u017eiba&#8230;Ir pra\u0161o tironas d\u017eigit\u0173 [&hellip;]<\/p>\n","protected":false},"author":1,"featured_media":0,"parent":142,"menu_order":0,"comment_status":"closed","ping_status":"closed","template":"page-text.php","meta":[],"_links":{"self":[{"href":"https:\/\/ltim.lt\/en\/wp-json\/wp\/v2\/pages\/4001"}],"collection":[{"href":"https:\/\/ltim.lt\/en\/wp-json\/wp\/v2\/pages"}],"about":[{"href":"https:\/\/ltim.lt\/en\/wp-json\/wp\/v2\/types\/page"}],"author":[{"embeddable":true,"href":"https:\/\/ltim.lt\/en\/wp-json\/wp\/v2\/users\/1"}],"replies":[{"embeddable":true,"href":"https:\/\/ltim.lt\/en\/wp-json\/wp\/v2\/comments?post=4001"}],"version-history":[{"count":4,"href":"https:\/\/ltim.lt\/en\/wp-json\/wp\/v2\/pages\/4001\/revisions"}],"predecessor-version":[{"id":4005,"href":"https:\/\/ltim.lt\/en\/wp-json\/wp\/v2\/pages\/4001\/revisions\/4005"}],"up":[{"embeddable":true,"href":"https:\/\/ltim.lt\/en\/wp-json\/wp\/v2\/pages\/142"}],"wp:attachment":[{"href":"https:\/\/ltim.lt\/en\/wp-json\/wp\/v2\/media?parent=4001"}],"curies":[{"name":"wp","href":"https:\/\/api.w.org\/{rel}","templated":true}]}}