{"id":3999,"date":"2022-11-26T13:52:34","date_gmt":"2022-11-26T15:52:34","guid":{"rendered":"http:\/\/ltim.lt\/?page_id=3999"},"modified":"2022-11-26T13:52:35","modified_gmt":"2022-11-26T15:52:35","slug":"navruz-sventimas-2013-m","status":"publish","type":"page","link":"https:\/\/ltim.lt\/en\/galerija\/vyke-renginiai\/navruz-sventimas-2013-m\/","title":{"rendered":"\u201eNavruz\u201c \u0161ventimas 2013 m."},"content":{"rendered":"\n<p>2013 m. kovo 23 d. Lietuvos kariuomen\u0117s Vilniaus \u012fgulos karinink\u0173\u00a0ramov\u0117je Lietuvos totoriai v\u0117l susirinko at\u0161v\u0119sti jau kaip savo tradicin\u0119 \u2013 tarptautin\u0119 pavasario \u0161vent\u0119 \u201eNavruz\u201c.<\/p>\n<p>Pagal tradicin\u012f iranie\u010di\u0173 kalendori\u0173 \u201eNavruz\u201c \u0161vent\u0117 dar vadinama Pers\u0173\u00a0naujaisiais metais. \u201eNavruz\u201c \u0161ven\u010diamas daugelyje Azijos region\u0173, kurie susij\u0119 su Senov\u0117s Persija, Vidurine Azija.<\/p>\n<p>Programoje buvo pristatytas m\u0117g\u0117j\u0173 meno kolektyv\u0173 koncertas, tiurk\u0173 taut\u0173\u00a0kult\u016bros, tradicij\u0173 ir kulinarinio paveldo paroda, vaik\u0173 pie\u0161ini\u0173 konkursas\u00a0\u201eAt\u0117jo pavasaris\u201c. Sve\u010dius pasitiko \u201eMergina-Pavasaris\u201c.<br \/>\u0160vent\u0117s organizatoriai: Lietuvos\u00a0totori\u0173 bendruomeni\u0173 s\u0105jungos pirmininkas doc. dr. Adas Jakubauskas,\u00a0Totori\u0173 folkloro vaik\u0173 ansamblio \u201eIlsu\u201c vadov\u0117 Almira Trak\u0161elien\u0117, Totori\u0173 jaunimo bendrijos \u201eDuslyk\u201c pirminink\u0117 Marija Mei\u0161utovi\u010d. Renginyje dalyvavo\u00a0iki 200 \u017emoni\u0173. Renginio ved\u0117jai \u2013 Marija Mei\u0161utovi\u010d ir Eldaras Jakubovskis.<\/p>\n<p>T\u0105 pa\u010di\u0105 dien\u0105 Lietuvos kariuomen\u0117s Vilniaus \u012fgulos karinink\u0173 ramov\u0117je<br \/>buvo atidaryta fofografij\u0173 ir pie\u0161ini\u0173\u00a0paroda \u201eLietuvos totoriai \u2013 kariai\u201c, ku-<br \/>ri\u0105 atve\u017e\u0117 ir pristat\u0117 Kauno apskrities\u00a0totori\u0173 bendruomen\u0117s pirmininkas K\u0119stutis Zenonas \u0160afranavi\u010dius.<\/p>\n","protected":false},"excerpt":{"rendered":"<p>2013 m. kovo 23 d. Lietuvos kariuomen\u0117s Vilniaus \u012fgulos karinink\u0173\u00a0ramov\u0117je Lietuvos totoriai v\u0117l susirinko at\u0161v\u0119sti jau kaip savo tradicin\u0119 \u2013 tarptautin\u0119 pavasario \u0161vent\u0119 \u201eNavruz\u201c. Pagal tradicin\u012f iranie\u010di\u0173 kalendori\u0173 \u201eNavruz\u201c \u0161vent\u0117 dar vadinama Pers\u0173\u00a0naujaisiais metais. \u201eNavruz\u201c \u0161ven\u010diamas daugelyje Azijos region\u0173, kurie susij\u0119 su Senov\u0117s Persija, Vidurine Azija. Programoje buvo pristatytas m\u0117g\u0117j\u0173 meno kolektyv\u0173 koncertas, tiurk\u0173 taut\u0173\u00a0kult\u016bros, [&hellip;]<\/p>\n","protected":false},"author":1,"featured_media":0,"parent":2935,"menu_order":0,"comment_status":"closed","ping_status":"closed","template":"page-text.php","meta":[],"_links":{"self":[{"href":"https:\/\/ltim.lt\/en\/wp-json\/wp\/v2\/pages\/3999"}],"collection":[{"href":"https:\/\/ltim.lt\/en\/wp-json\/wp\/v2\/pages"}],"about":[{"href":"https:\/\/ltim.lt\/en\/wp-json\/wp\/v2\/types\/page"}],"author":[{"embeddable":true,"href":"https:\/\/ltim.lt\/en\/wp-json\/wp\/v2\/users\/1"}],"replies":[{"embeddable":true,"href":"https:\/\/ltim.lt\/en\/wp-json\/wp\/v2\/comments?post=3999"}],"version-history":[{"count":1,"href":"https:\/\/ltim.lt\/en\/wp-json\/wp\/v2\/pages\/3999\/revisions"}],"predecessor-version":[{"id":4000,"href":"https:\/\/ltim.lt\/en\/wp-json\/wp\/v2\/pages\/3999\/revisions\/4000"}],"up":[{"embeddable":true,"href":"https:\/\/ltim.lt\/en\/wp-json\/wp\/v2\/pages\/2935"}],"wp:attachment":[{"href":"https:\/\/ltim.lt\/en\/wp-json\/wp\/v2\/media?parent=3999"}],"curies":[{"name":"wp","href":"https:\/\/api.w.org\/{rel}","templated":true}]}}