{"id":3997,"date":"2022-11-26T13:48:30","date_gmt":"2022-11-26T15:48:30","guid":{"rendered":"http:\/\/ltim.lt\/?page_id=3997"},"modified":"2022-11-26T13:48:30","modified_gmt":"2022-11-26T15:48:30","slug":"kryme-pristatytas-lietuvos-totoriu-kulturinis-paveldas-2","status":"publish","type":"page","link":"https:\/\/ltim.lt\/en\/galerija\/vyke-renginiai\/kryme-pristatytas-lietuvos-totoriu-kulturinis-paveldas-2\/","title":{"rendered":"Kryme pristatytas Lietuvos totori\u0173 kult\u016brinis paveldas"},"content":{"rendered":"\n<p>2013 m. bir\u017eelio m\u0117n. 13-18 d. Bach\u010disarajaus mieste Kryme lank\u0117si Lietuvos\u00a0totori\u0173 delegacija, prista\u010diusi Lietuvos\u00a0totori\u0173 kult\u016brin\u012f paveld\u0105. Bach\u010disarajaus Krymo istorijos muziejuje atidaryta\u00a0lietuvi\u0173 fotomenininko Gintaro \u010cesonio fotografij\u0173 paroda apie Lietuvos totorius.\u00a0Lietuvos totoriai atvyko \u012f Krym\u0105 susitikti su savo tautie\u010diais ir supa\u017eindinti\u00a0su Lietuvos \u017eem\u0117je i\u0161laikyta prot\u0117vi\u0173\u00a0kult\u016bra, tradicijomis ir papro\u010diais, papasakoti apie savo n\u016bdien\u0105, aptarti Europos\u00a0S\u0105jungos skiriamo d\u0117mesio tautin\u0117ms<br \/>ma\u017eumoms.\u00a0<\/p>\n<p>Renginio dalyvius pasveikino Lietuvos kult\u016bros ata\u0161\u0117 Ukrainoje Daiva\u00a0Dap\u0161ien\u0117. Delegacijos vadovas Lietuvos totori\u0173 bendruomeni\u0173 s\u0105jungos pirmininkas Adas Jakubauskas ap\u017evelg\u0117\u00a0Lietuvos vykdom\u0105 tautini\u0173 ma\u017eum\u0173 politik\u0105 ir pristat\u0117 enciklopedin\u012f leidin\u012f \u201eLietuvos totoriai istorijoje ir kult\u016broje\u201c\u00a0apie daugiau kaip prie\u0161 600 met\u0173 Lietuvos Did\u017eiojoje Kunigaik\u0161tyst\u0117je apsigyvenusius ir \u0161iandien Lietuvoje tebegyvenan\u010dius totorius. Teigiama, kad pirmasis\u00a0nepriklausomo Krymo valdovas Chad\u017ei<br \/>Gir\u0117jus gim\u0117 Trakuose.<\/p>\n<p>Renginyje pristatytas 2005 m. sukurtas dokumentinis filmas \u201eMurz\u0173 ainiai Lietuvos \u017eem\u0117je\u201c, ap\u017evelgiantis daugiau nei 600 met\u0173 saugom\u0105 Lietuvos totori\u0173 istorij\u0105: religij\u0105 ir religini\u0173 apeig\u0173 specifik\u0105, tradicijas, papro\u010dius, buit\u012f. Susirinkusius dainomis d\u017eiugino Lietuvos tautini\u0173 ma\u017eum\u0173 folkloro ir etnografijos centro totori\u0173 folkloro ansamblis \u201eIlsu\u201c.<\/p>\n<p>Totoriai yra neatskiriama Lietuvos istorijos bei kult\u016bros dalis. Pirmieji<br \/>ry\u0161iai su jais u\u017efiksuoti dar kunigaik\u0161\u010di\u0173 Gedimino, Algirdo laikais. Masi\u0161kai\u00a0keltis \u012f Lietuvos Did\u017ei\u0105j\u0105 Kunigaik\u0161tyst\u0119 jie \u0117m\u0117 valdant Vytautui Did\u017eiajam.\u00a0\u010cia jie gaudavo \u017eem\u0117s valdas, o u\u017e tai\u00a0tur\u0117davo nemokamai dalyvauti karo \u017eygiuose. Iki pat XX a. totoriai tarnaudavo\u00a0kariuomen\u0117je, dalyvavo visose bendros Lietuvos ir Lenkijos valstyb\u0117s karin\u0117se kampanijose.<\/p>\n","protected":false},"excerpt":{"rendered":"<p>2013 m. bir\u017eelio m\u0117n. 13-18 d. Bach\u010disarajaus mieste Kryme lank\u0117si Lietuvos\u00a0totori\u0173 delegacija, prista\u010diusi Lietuvos\u00a0totori\u0173 kult\u016brin\u012f paveld\u0105. Bach\u010disarajaus Krymo istorijos muziejuje atidaryta\u00a0lietuvi\u0173 fotomenininko Gintaro \u010cesonio fotografij\u0173 paroda apie Lietuvos totorius.\u00a0Lietuvos totoriai atvyko \u012f Krym\u0105 susitikti su savo tautie\u010diais ir supa\u017eindinti\u00a0su Lietuvos \u017eem\u0117je i\u0161laikyta prot\u0117vi\u0173\u00a0kult\u016bra, tradicijomis ir papro\u010diais, papasakoti apie savo n\u016bdien\u0105, aptarti Europos\u00a0S\u0105jungos skiriamo d\u0117mesio tautin\u0117msma\u017eumoms.\u00a0 [&hellip;]<\/p>\n","protected":false},"author":1,"featured_media":0,"parent":2935,"menu_order":0,"comment_status":"closed","ping_status":"closed","template":"page-text.php","meta":[],"_links":{"self":[{"href":"https:\/\/ltim.lt\/en\/wp-json\/wp\/v2\/pages\/3997"}],"collection":[{"href":"https:\/\/ltim.lt\/en\/wp-json\/wp\/v2\/pages"}],"about":[{"href":"https:\/\/ltim.lt\/en\/wp-json\/wp\/v2\/types\/page"}],"author":[{"embeddable":true,"href":"https:\/\/ltim.lt\/en\/wp-json\/wp\/v2\/users\/1"}],"replies":[{"embeddable":true,"href":"https:\/\/ltim.lt\/en\/wp-json\/wp\/v2\/comments?post=3997"}],"version-history":[{"count":1,"href":"https:\/\/ltim.lt\/en\/wp-json\/wp\/v2\/pages\/3997\/revisions"}],"predecessor-version":[{"id":3998,"href":"https:\/\/ltim.lt\/en\/wp-json\/wp\/v2\/pages\/3997\/revisions\/3998"}],"up":[{"embeddable":true,"href":"https:\/\/ltim.lt\/en\/wp-json\/wp\/v2\/pages\/2935"}],"wp:attachment":[{"href":"https:\/\/ltim.lt\/en\/wp-json\/wp\/v2\/media?parent=3997"}],"curies":[{"name":"wp","href":"https:\/\/api.w.org\/{rel}","templated":true}]}}