{"id":3991,"date":"2022-11-26T13:32:17","date_gmt":"2022-11-26T15:32:17","guid":{"rendered":"http:\/\/ltim.lt\/?page_id=3991"},"modified":"2022-11-26T13:33:38","modified_gmt":"2022-11-26T15:33:38","slug":"paroda-totoriai-600-metu-istorija-ir-siandiena","status":"publish","type":"page","link":"https:\/\/ltim.lt\/en\/galerija\/vyke-renginiai\/paroda-totoriai-600-metu-istorija-ir-siandiena\/","title":{"rendered":"Paroda \u201eTotoriai: 600 met\u0173 istorija ir \u0161iandiena\u201c"},"content":{"rendered":"\n<p>2013 m. kovo 16 d. Prien\u0173 kra\u0161to muziejuje buvo atidaryta Jono\u00a0Par\u0161eli\u016bno fotografij\u0173 paroda \u201eTotoriai: 600 met\u0173 istorija ir \u0161iandiena\u201c. Parodos atidaryme dalyvavo Lietuvos tautini\u0173 ma\u017eum\u0173\u00a0folkloro ir etnografijos centro totori\u0173 folkloro ansamblis \u201eIlsu\u201c su vadove Almira Trak\u0161eliene, Lietuvos totori\u0173 bendruomeni\u0173 s\u0105jungos pirmininkas dr. Adas Jakubauskas, Nem\u0117\u017eio totori\u0173 bendruomen\u0117s pirmininkas Tairas Kuznecovas, Var\u0117nos totori\u0173\u00a0bendruomen\u0117s pirminink\u0117, Lietuvos totori\u0173 muziejaus Subartonyse \u012fk\u016br\u0117ja Lius\u0117 Gaidukevi\u010dien\u0117.<\/p>\n<p>Rengin\u012f prad\u0117jusi Prien\u0173 kra\u0161to muziejaus direktor\u0117 Lolita Batutien\u0117 primin\u0117, kad Prienus ir totori\u0173 taut\u0105 sieja glaud\u016bs\u00a0ry\u0161iai \u2013 Prien\u0173 vardas pirm\u0105 kart\u0105 ra\u0161ytiniuose \u0161altiniuose buvo pamin\u0117tas 1502 m., kai LDK Aleksandras Prien\u0173 dvar\u0105 ir aplink\u00a0esan\u010dias \u017eemes padovanojo didikui Mykolui Glinskiui, kuris buvo totori\u0173 kilm\u0117s.<\/p>\n<p>Parodos autorius Jonas Par\u0161eli\u016bnas yra fizini\u0173 moksl\u0173 daktaras,\u00a0ilgametis Puslaidininki\u0173 fizikos instituto darbuotojas, fotografuoti m\u0117g\u0119s nuo vaikyst\u0117s, o prie savo pom\u0117gio v\u0117l gr\u012f\u017eo pastaraisiais metais, i\u0161\u0117j\u0119s \u012f pensij\u0105. J\u012f labiausiai domina senoji Lietuvos\u00a0architekt\u016bra, Lietuvos totori\u0173 bendruomen\u0117s paveldas ir laisv\u0117s kov\u0173 atminimo paminklai. J.Par\u0161eli\u016bnas pasakojo, kad Lietuvos totori\u0173 gyvenim\u0105 jis prad\u0117jo fiksuoti 2008 metais. Per \u0161\u012f laik\u0105\u00a0pa\u017eino \u0161i\u0105 \u012fdomi\u0105 ir paslapting\u0105 taut\u0105, atvirus ir nuo\u0161ird\u017eius \u017emones, tikrus Lietuvos patriotus.\u00a0<\/p>\n<p>&#8211; Lietuvoje gyvenan\u010dios tautos sudaro gra\u017ei\u0105 puok\u0161t\u0119, o \u0161ioje puok\u0161t\u0117je, mano manymu, pati gra\u017eiausia g\u0117l\u0117 \u2013 totori\u0173 tauta,\u00a0\u2013 sak\u0117 J.Par\u0161eli\u016bnas.<\/p>\n<p>Paroda \u201eTotoriai: 600 met\u0173 istorija ir \u0161iandiena\u201c jau buvo eksponuota LR Seime, Kauno \u012fvairi\u0173 taut\u0173 kult\u016bros centre ir kitur.\u00a0Prienuose ji buvo eksponuojama iki kovo 30 d.<\/p>\n<p>Parod\u0105, pasak jos autoriaus, sudaro keturios dalys: sakralinis paveldas (u\u017efiksuotos visos keturios Lietuvoje veikian\u010dios me\u010det\u0117s\u00a0ir veikian\u010dios kapin\u0117s), i\u0161kil\u016bs totori\u0173 tautos \u017emon\u0117s, sabantujai,\u00a0renginys, skirtas Vytauto Did\u017eiojo paminklo atidengimui Rai\u017eiuose 2010 m. ir Gaidukevi\u010di\u0173 \u0161eimos \u012fkurtas bei i\u0161laikomas Lietuvos totori\u0173 muziejus Subartonyse.<\/p>\n<p><img loading=\"lazy\" class=\"aligncenter size-medium\" src=\"https:\/\/pirmynpopasauli.files.wordpress.com\/2022\/11\/image-91.png\" width=\"250\" height=\"166\" \/><\/p>\n<p style=\"text-align: center;\">Parodos nuotrauk\u0173 autorius Jonas Par\u0161eli\u016bnas ir Prien\u0173 muziejaus direktor\u0117 L. Batutien\u0117. E. Juodsnukyt\u0117s nuotr.<\/p>\n","protected":false},"excerpt":{"rendered":"<p>2013 m. kovo 16 d. Prien\u0173 kra\u0161to muziejuje buvo atidaryta Jono\u00a0Par\u0161eli\u016bno fotografij\u0173 paroda \u201eTotoriai: 600 met\u0173 istorija ir \u0161iandiena\u201c. Parodos atidaryme dalyvavo Lietuvos tautini\u0173 ma\u017eum\u0173\u00a0folkloro ir etnografijos centro totori\u0173 folkloro ansamblis \u201eIlsu\u201c su vadove Almira Trak\u0161eliene, Lietuvos totori\u0173 bendruomeni\u0173 s\u0105jungos pirmininkas dr. Adas Jakubauskas, Nem\u0117\u017eio totori\u0173 bendruomen\u0117s pirmininkas Tairas Kuznecovas, Var\u0117nos totori\u0173\u00a0bendruomen\u0117s pirminink\u0117, Lietuvos totori\u0173 [&hellip;]<\/p>\n","protected":false},"author":1,"featured_media":0,"parent":2935,"menu_order":0,"comment_status":"closed","ping_status":"closed","template":"page-text.php","meta":[],"_links":{"self":[{"href":"https:\/\/ltim.lt\/en\/wp-json\/wp\/v2\/pages\/3991"}],"collection":[{"href":"https:\/\/ltim.lt\/en\/wp-json\/wp\/v2\/pages"}],"about":[{"href":"https:\/\/ltim.lt\/en\/wp-json\/wp\/v2\/types\/page"}],"author":[{"embeddable":true,"href":"https:\/\/ltim.lt\/en\/wp-json\/wp\/v2\/users\/1"}],"replies":[{"embeddable":true,"href":"https:\/\/ltim.lt\/en\/wp-json\/wp\/v2\/comments?post=3991"}],"version-history":[{"count":3,"href":"https:\/\/ltim.lt\/en\/wp-json\/wp\/v2\/pages\/3991\/revisions"}],"predecessor-version":[{"id":3994,"href":"https:\/\/ltim.lt\/en\/wp-json\/wp\/v2\/pages\/3991\/revisions\/3994"}],"up":[{"embeddable":true,"href":"https:\/\/ltim.lt\/en\/wp-json\/wp\/v2\/pages\/2935"}],"wp:attachment":[{"href":"https:\/\/ltim.lt\/en\/wp-json\/wp\/v2\/media?parent=3991"}],"curies":[{"name":"wp","href":"https:\/\/api.w.org\/{rel}","templated":true}]}}