{"id":3989,"date":"2022-11-26T13:28:24","date_gmt":"2022-11-26T15:28:24","guid":{"rendered":"http:\/\/ltim.lt\/?page_id=3989"},"modified":"2022-11-26T13:28:25","modified_gmt":"2022-11-26T15:28:25","slug":"lietuvos-totoriai-lietuvoje-ir-merkineje","status":"publish","type":"page","link":"https:\/\/ltim.lt\/en\/galerija\/vietoves\/merkine\/lietuvos-totoriai-lietuvoje-ir-merkineje\/","title":{"rendered":"\u201eLietuvos totoriai Lietuvoje ir Merkin\u0117je\u201d"},"content":{"rendered":"\n<p>Sausio prad\u017eioje Dz\u016bkijos nacionalinio parko ir \u010cepkeli\u0173 valstybinio gamtinio rezervato Merkin\u0117s lankytoj\u0173 centre \u012fvyko renginys \u201eLietuvos totoriai\u00a0Lietuvoje ir Merkin\u0117je\u201c. Var\u0117nos rajono totori\u0173 draugijos pirminink\u0117 Liusia\u00a0Gaidukevi\u010dien\u0117 pasid\u017eiaug\u0117, kad susirink\u0119 \u012f ma\u017e\u0105 jauki\u0105 Merkin\u0117s lankytoj\u0173\u00a0centro sal\u0119 visi jau\u010diasi gerai ir \u0161\u012f jaukum\u0105 skleid\u017eia ne tik atnaujinta sal\u0117, bet ir\u00a0\u010dia eksponuojama Parko darbuotoj\u0173 fotografijos darb\u0173 paroda \u201eGamta kult\u016bros\u00a0lop\u0161ys\u201d. Parodos nuotraukos byloja apie\u00a0\u0161\u012f gra\u017e\u0173 kra\u0161t\u0105 ir \u010dia gyvenan\u010dius nuo\u0161ird\u017eius \u017emones. L. Gaidukevi\u010dien\u0117 padeklamavo savo k\u016brybos eiles apie laim\u0117s\u00a0pauk\u0161t\u0117s gaudym\u0105, apie tolim\u0105, tik svajon\u0117se pasiekiam\u0105 T\u0117vyn\u0119 kalnuose ir j\u0105 i\u0161auginusi\u0105 brangi\u0105 \u017eem\u0119 \u2013 T\u0117vyn\u0119\u00a0Lietuvoje. Mes \u010dia gyvenam oriai, \u2013 liudijo Liusia Gaidukevi\u010dien\u0117.<\/p>\n<p>Centro ved\u0117jas Algimantas \u010cerniauskas pasid\u017eiaug\u0117 gra\u017eiu samb\u016briu \u201e\u0160alcinio svetain\u0117je\u201d ir primin\u0117 2012 met\u0173 lankytoj\u0173 centro pagrindinius darbus: per metus nuo rekonstrukcijos pabaigos centre buvo suorganizuota 10 parod\u0173. Lankydami parodas, \u012fvairius renginius,\u00a0ie\u0161kodami turistams reikalingos informacijos, pa\u017ei\u016br\u0117ti \u010dia sukauptoje videotekoje gamtosaugini\u0173 film\u0173 per metus at\u0117jo 6428 interesantai. Kalb\u0117damas apie kuriam\u0105 Merkinei nusipelniusi\u0173 \u017emoni\u0173 enciklopedij\u0105, Centro ved\u0117jas<br \/>sak\u0117, kad joje labai ry\u0161kiomis raid\u0117mis bus \u012fra\u0161ytas ir Vytauto laikus siekian\u010dios\u00a0vienos totori\u0173 gimin\u0117s atstovas \u2013 Napoleonas Orda. Jis Merkin\u0117je pabuvojo\u00a0gal tik vien\u0105 dien\u0105, bet d\u0117ka jo precizi\u0161ko pie\u0161inio mes matome, kaip atrod\u0117\u00a0Merkin\u0117s rotu\u0161\u0117, miesto centras XIX a. antroje pus\u0117je.<\/p>\n<p>Lietuvos totori\u0173 bendruomeni\u0173 s\u0105jungos pirmininkas dr. Adas Jakubauskas,\u00a0laikydamas rankose gausiai \u012fliustruot\u0105\u00a0enciklopedinio pob\u016bd\u017eio knyg\u0105 \u201eLietuvos totoriai istorijoje ir kult\u016broje\u201c\u00a0pristat\u0117 dar vien\u0105 \u0161vent\u0117je dalyvaujant\u012f jos autori\u0173 \u2013 Galim\u0105 Sitdykov\u0105. Dr.\u00a0Adas Jakaubauskas sak\u0117, kad id\u0117ja para\u0161yti knyg\u0105 apie \u017eymius totorius Lietuvoje kilo 2009 m. ir jie tais metais su\u00a0G. Sitdykovu i\u0161leido per pus plonesn\u0119 knyg\u0105 su 96 totori\u0173 biografijomis, o \u0161is, naujas leidinys papildytas dar 116 i\u0161kili\u0173\u00a0 m\u016bs\u0173 tautie\u010di\u0173 biografijomis. Labai d\u0117kingi esame knygos bendraautoriui maskvie\u010diui Stanislavui Duminui, kuris\u00a040 met\u0173 dirba archyvuose ir savo kartotekoje turi apie 10 000 i\u0161ra\u0161\u0173 i\u0161 archyv\u0173. Dr. Adas Jakubauskas sak\u0117, jog autoriai nesitik\u0117jo, kad tiek daug i\u0161kili\u0173 m\u016bs\u0173 tautos atstov\u0173 \u012fsitvirtino LDK istorijoje. Ir tai ne tik 25 generolai (visuomen\u0117je\u00a0susidar\u0119s gajus stereotipas, jog totoriai buvo vien kariai), bet ir teisininkai,\u00a0laisv\u0173j\u0173 specialybi\u0173 atstovai. Prasid\u0117jus tyrimams paai\u0161k\u0117jo, kad vien generol\u0173, kilusi\u0173 i\u0161 LDK \u017eemi\u0173 ir tarnavusi\u0173 \u012fvairiose kariuomen\u0117se yra apie 50, o\u00a0atsiranda \u017eini\u0173 ir apie prie\u0161kario ir pokario \u017eymius Lietuvos totorius. I\u0161sak\u0119s\u00a0vilt\u012f, kad jei pavyks t\u0119sti darbus, tai po\u00a010 met\u0173 gims Lietuvos totori\u0173 enciklopedija, dr. Adas Jakubauskas nauj\u0105j\u0105\u00a0knyg\u0105 su autori\u0173 autografais padovanojo Merkin\u0117s lankytoj\u0173 centrui.<\/p>\n<p>Gra\u017eius sveikinimus Liusiai Gaidukevi\u010dienei, kartu su vyru Vladu Subartonyse \u012fk\u016brusiai privat\u0173 Lietuvos Totori\u0173 buities muziej\u0173, i\u0161sak\u0117 Kauno savivaldyb\u0117s\u00a0\u0161vietimo kult\u016bros ir turizmo pl\u0117tros skyriaus vyresnioji specialist\u0117 Jurga Zinkevi\u010dien\u0117, o Kauno \u012fvairi\u0173 taut\u0173\u00a0kult\u016bros centro direktorius Dainius Babilas liudijo, kad kaunie\u010diai i\u0161 Subartoni\u0173\u00a0muziejaus veiklos mokosi b\u016bti toleranti\u0161kais, neb\u016bti abejingais totori\u0173 kult\u016brai, priimti j\u0105 kaip savo, o tai n\u0117ra lengva, bet \u201emes J\u016bs\u0173 patirt\u012f imame ir ve\u017eame \u012f Kaun\u0105\u201c. \u0160vent\u0117je dalyvavusi Medardo\u00a0\u010coboto tre\u010diojo am\u017eiaus universiteto Turizmo fakulteto dekan\u0117 Teodora Dilkien\u0117\u00a0sak\u0117, kad i\u0161 totori\u0173, 600 met\u0173 gyvenan\u010di\u0173 Lietuvoje, reikia mokytis, kaip ma\u017eai tautai i\u0161saugoti savo tradicijas ir kult\u016br\u0105 didel\u0117s tautos apsuptyje. Reikia mokytis, kad ir mes gal\u0117tume savo kult\u016br\u0105 i\u0161laikyti \u0161iame did\u017eiuliame pasaulyje&#8230;<\/p>\n<p>Nuo\u0161ird\u017eius sveikinimo \u017eod\u017eius tar\u0117 Alytaus apskrities totori\u0173 bendruomen\u0117s\u00a0pirmininko pavaduotojas Jok\u016bbas Aleksandravi\u010dius, o Bir\u0161tono meno mokyklos direktor\u0117 Laimut\u0117 Raugevi\u010dien\u0117,\u00a0priminusi Mahiro Gamzajevo i\u0161sakyt\u0105\u00a0mint\u012f, kad Kr\u0117v\u0117 ra\u0161ytoju tapo gyvendamas Baku, d\u017eiaug\u0117si, kad tokiame\u00a0ma\u017eame kaimelyje \u2013 Subartonyse \u2013 yra du muziejai \u2013 V. Kr\u0117v\u0117s Mickevi\u010diaus ir totori\u0173. A\u010di\u016b, kad esate, \u2013 sak\u0117 V. Kr\u0117v\u0117s Mickevi\u010diaus giminait\u0117 Laimut\u0117 Raugevi\u010dien\u0117.<\/p>\n<p>Tarptautinio kult\u016bros EKO aljanso vadov\u0117 Ram\u016bn\u0117 Barma (Barauskien\u0117) akcentavo, kad Lietuvoje turime did\u017eiul\u012f taikos ir sutarimo pavyzd\u012f, kuris per ilgus \u0161imtme\u010dius eina i\u0161 totori\u0173 gyvenimo Lietuvoje. Drauge su Taikos v\u0117liavos komitetu pra\u0117jusiais metais nominuoti keturi taikos miestai Lietuvoje. Tai Dubingiai, Rietavas, Ylakiai ir Neringa.\u00a0Link\u0117jo, kad Taikos bendruomene tapt\u0173 totori\u0173 bendruomen\u0117, kad kiekvienas Lietuvos miestelis, kaip Merkin\u0117, tapt\u0173\u00a0taikos skleid\u0117ja, taikos miestu&#8230; T\u0105 liudija ir lankytoj\u0173 centro ekspozicija bei\u00a0nuskamb\u0117j\u0119 pasakojimai&#8230;Taika per kult\u016br\u0105, sav\u0173 \u0161akn\u0173 pa\u017einimas lai veda mus \u0161irdies keliu, \u2013 sak\u0117 Ramun\u0117 Barma (Barauskien\u0117).<\/p>\n<p>Renginyje buvo pristatyta ir Lius\u0117s Gaidukevi\u010dien\u0117s knyga \u201eKulinarinis totori\u0173 paveldas\u201d. Fotomenininkas Julius Vaicekauskas, atvyk\u0119s i\u0161 Perlojos ir\u00a0gav\u0119s i\u0161 autor\u0117s dovan\u0173 knyg\u0105, palink\u0117jo autorei, kad knyga i\u0161augt\u0173 iki t\u016bkstan\u010dio puslapi\u0173. \u017dinoma, vyko ir totori\u0161k\u0173 patiekal\u0173 degustacija. \u0160vent\u0117je dainavo\u00a0Vilkiautinio moter\u0173 etnografinis ansamblis, vadovaujamas Aldonos Zubrien\u0117s, buvo rodomas Ernesto Gaidukevi\u010diaus<br \/>videoreparta\u017eas apie Lietuvos kari\u0173,\u00a0sugr\u012f\u017eusi\u0173 i\u0161 misijos Afganistane, sutikim\u0105 Alytuje. Lius\u0117 Gaidukevi\u010dien\u0117 sak\u0117,\u00a0kad jos s\u016bnus dalyvavo jau keturiose tarptautin\u0117se misijose.<\/p>\n","protected":false},"excerpt":{"rendered":"<p>Sausio prad\u017eioje Dz\u016bkijos nacionalinio parko ir \u010cepkeli\u0173 valstybinio gamtinio rezervato Merkin\u0117s lankytoj\u0173 centre \u012fvyko renginys \u201eLietuvos totoriai\u00a0Lietuvoje ir Merkin\u0117je\u201c. Var\u0117nos rajono totori\u0173 draugijos pirminink\u0117 Liusia\u00a0Gaidukevi\u010dien\u0117 pasid\u017eiaug\u0117, kad susirink\u0119 \u012f ma\u017e\u0105 jauki\u0105 Merkin\u0117s lankytoj\u0173\u00a0centro sal\u0119 visi jau\u010diasi gerai ir \u0161\u012f jaukum\u0105 skleid\u017eia ne tik atnaujinta sal\u0117, bet ir\u00a0\u010dia eksponuojama Parko darbuotoj\u0173 fotografijos darb\u0173 paroda \u201eGamta kult\u016bros\u00a0lop\u0161ys\u201d. [&hellip;]<\/p>\n","protected":false},"author":1,"featured_media":0,"parent":3986,"menu_order":0,"comment_status":"closed","ping_status":"closed","template":"page-text.php","meta":[],"_links":{"self":[{"href":"https:\/\/ltim.lt\/en\/wp-json\/wp\/v2\/pages\/3989"}],"collection":[{"href":"https:\/\/ltim.lt\/en\/wp-json\/wp\/v2\/pages"}],"about":[{"href":"https:\/\/ltim.lt\/en\/wp-json\/wp\/v2\/types\/page"}],"author":[{"embeddable":true,"href":"https:\/\/ltim.lt\/en\/wp-json\/wp\/v2\/users\/1"}],"replies":[{"embeddable":true,"href":"https:\/\/ltim.lt\/en\/wp-json\/wp\/v2\/comments?post=3989"}],"version-history":[{"count":1,"href":"https:\/\/ltim.lt\/en\/wp-json\/wp\/v2\/pages\/3989\/revisions"}],"predecessor-version":[{"id":3990,"href":"https:\/\/ltim.lt\/en\/wp-json\/wp\/v2\/pages\/3989\/revisions\/3990"}],"up":[{"embeddable":true,"href":"https:\/\/ltim.lt\/en\/wp-json\/wp\/v2\/pages\/3986"}],"wp:attachment":[{"href":"https:\/\/ltim.lt\/en\/wp-json\/wp\/v2\/media?parent=3989"}],"curies":[{"name":"wp","href":"https:\/\/api.w.org\/{rel}","templated":true}]}}