{"id":3984,"date":"2022-11-26T13:19:29","date_gmt":"2022-11-26T15:19:29","guid":{"rendered":"http:\/\/ltim.lt\/?page_id=3984"},"modified":"2022-11-26T13:22:00","modified_gmt":"2022-11-26T15:22:00","slug":"knygos-lietuvos-totoriai-istorijoje-ir-kulturoje-antrojo-pataisyto-ir-papildyto-leidimo-sutiktuves","status":"publish","type":"page","link":"https:\/\/ltim.lt\/en\/galerija\/vyke-renginiai\/knygos-lietuvos-totoriai-istorijoje-ir-kulturoje-antrojo-pataisyto-ir-papildyto-leidimo-sutiktuves\/","title":{"rendered":"Knygos \u201eLietuvos totoriai istorijoje ir kult\u016broje\u201c antrojo pataisyto ir papildyto leidimo sutiktuv\u0117s"},"content":{"rendered":"\n<p>Istorin\u0117je Lietuvos Did\u017eiosios Kunigaik\u0161tyst\u0117s teritorijoje jau daugiau nei 600 met\u0173 gyvena i\u0161 Ryt\u0173 kilusi\u00a0etnin\u0117 grup\u0117, tradici\u0161kai vadinama totoriais. Tikslios \u0161\u012f musulmon\u0173 tik\u0117jim\u0105 i\u0161pa\u017e\u012fstan\u010dios grup\u0117s apsigyvenimo laik\u0105 LDK nustatyti yra ne\u012fmanoma, ta\u010diau apytiksliai pirmasis totori\u0173 \u012fsik\u016brimas \u0161ioje teritorijoje siejamas su LDK ir Aukso Ordos susid\u016brimu XIII a. prad\u017eioje.<\/p>\n<p>Ado Jakubausko, Galimo Sitdykovo ir Stanislovo Dumino\u00a0knyga apie prot\u0117vi\u0173 \u017eygdarbius yra solidus, biografinis, enciklopedinis \u017einynas, atskleid\u017eiantis Lietuvos totorius ne tik kaip narsius karius, bet ir architektus, muzikus, ra\u0161ytojus, gydytojus, in\u017einierius, mokslininkus, ir kit\u0173 profesij\u0173 atstovus. Nobelio premijos laureatas, ra\u0161ytojas Henrikas Sienkievi\u010dius, Holivudo \u017evaig\u017ed\u0117 \u010carlzas Bronsonas, \u0161viesaus atminimo LR Seimo narys Vladas \u017dalnierauskas, Lietuvi\u0173 i\u0161eivijos visuomeninis ir politinis veik\u0117jas Juozas Vil\u010dinskas, profesorius, moksl\u0173 daktaras, muftijus, orientalistas Jok\u016bbas \u0160inkevi\u010dius, Kauno valstybinio teatro balerina Olga Malejinait\u0117, \u0161achmatininkas, technikos moksl\u0173 daktaras, laikra\u0161\u010dio \u201eLietuvos totoriai\u201c\u00a0steig\u0117jas Romualdas Makaveckas, tragi\u0161k\u0173 1991 m. Sausio 13-\u0105j\u0105 u\u017e Lietuv\u0105 \u017euvusi Loreta Asanavi\u010di\u016bt\u0117 ir kitos Lietuvoje\u00a0bei pasaulyje \u017einomos asmenyb\u0117s buvo ir yra totoriai.<\/p>\n<p>Id\u0117j\u0105 para\u0161yti knyg\u0105 apie \u017eymius Lietuvos totorius Adui Jakubauskui ir Galimui Sitdykovui kilo 2009 m., kai buvo i\u0161leista perpus plonesn\u0117 knyga su 96 i\u0161kili\u0173 Lietuvos totori\u0173 biografijomis. Tuo tarpu naujasis leidinys yra praturt\u0117j\u0119s net 116 i\u0161kili\u0173 tautie\u010di\u0173 biografij\u0173. Tod\u0117l knygos \u201eLietuvos totoriai istorijoje ir kult\u016broje\u201c antrojo pataisyto ir papildyto leidimo sutiktuv\u0117s, vykusios 2013 m. vasario 20 d., Lietuvos moksl\u0173 akademijoje, Lietuvoje yra didel\u0117 \u0161vent\u0117. \u201eLabai d\u0117kingi esame knygos bendraautoriui maskvie\u010diui Stanislavui Duminui, kuris 40 met\u0173 dirba archyvuose ir savo kartotekoje turi apie 10 000 i\u0161ra\u0161\u0173 i\u0161 archyv\u0173\u201c, \u2013 sak\u0117 Dr. A. Jakubauskas. Patys autoriai nesitik\u0117jo, kad tiek daug i\u0161kili\u0173 totori\u0173 tautos atstov\u0173 \u012fsitvirtino LDK istorijoje. Ir tai ne tik 25 generolai (visuomen\u0117je susidar\u0119s gajus stereotipas, jog totoriai buvo vien kariai), bet ir teisininkai, laisv\u0173j\u0173 specialybi\u0173 atstovai. Prasid\u0117jus tyrimams paai\u0161k\u0117jo, kad vien generol\u0173, kilusi\u0173 i\u0161 LDK \u017eemi\u0173 ir tarnavusi\u0173 \u012fvairiose kariuomen\u0117se yra apie 50, o atsiranda \u017eini\u0173 ir apie prie\u0161kario ir pokario \u017eymius Lietuvos totorius.<\/p>\n<p><img loading=\"lazy\" class=\"aligncenter size-medium\" src=\"https:\/\/pirmynpopasauli.files.wordpress.com\/2022\/11\/image-90.png\" width=\"511\" height=\"289\" \/><\/p>\n","protected":false},"excerpt":{"rendered":"<p>Istorin\u0117je Lietuvos Did\u017eiosios Kunigaik\u0161tyst\u0117s teritorijoje jau daugiau nei 600 met\u0173 gyvena i\u0161 Ryt\u0173 kilusi\u00a0etnin\u0117 grup\u0117, tradici\u0161kai vadinama totoriais. Tikslios \u0161\u012f musulmon\u0173 tik\u0117jim\u0105 i\u0161pa\u017e\u012fstan\u010dios grup\u0117s apsigyvenimo laik\u0105 LDK nustatyti yra ne\u012fmanoma, ta\u010diau apytiksliai pirmasis totori\u0173 \u012fsik\u016brimas \u0161ioje teritorijoje siejamas su LDK ir Aukso Ordos susid\u016brimu XIII a. prad\u017eioje. Ado Jakubausko, Galimo Sitdykovo ir Stanislovo Dumino\u00a0knyga apie [&hellip;]<\/p>\n","protected":false},"author":1,"featured_media":0,"parent":2935,"menu_order":0,"comment_status":"closed","ping_status":"closed","template":"page-text.php","meta":[],"_links":{"self":[{"href":"https:\/\/ltim.lt\/en\/wp-json\/wp\/v2\/pages\/3984"}],"collection":[{"href":"https:\/\/ltim.lt\/en\/wp-json\/wp\/v2\/pages"}],"about":[{"href":"https:\/\/ltim.lt\/en\/wp-json\/wp\/v2\/types\/page"}],"author":[{"embeddable":true,"href":"https:\/\/ltim.lt\/en\/wp-json\/wp\/v2\/users\/1"}],"replies":[{"embeddable":true,"href":"https:\/\/ltim.lt\/en\/wp-json\/wp\/v2\/comments?post=3984"}],"version-history":[{"count":2,"href":"https:\/\/ltim.lt\/en\/wp-json\/wp\/v2\/pages\/3984\/revisions"}],"predecessor-version":[{"id":3988,"href":"https:\/\/ltim.lt\/en\/wp-json\/wp\/v2\/pages\/3984\/revisions\/3988"}],"up":[{"embeddable":true,"href":"https:\/\/ltim.lt\/en\/wp-json\/wp\/v2\/pages\/2935"}],"wp:attachment":[{"href":"https:\/\/ltim.lt\/en\/wp-json\/wp\/v2\/media?parent=3984"}],"curies":[{"name":"wp","href":"https:\/\/api.w.org\/{rel}","templated":true}]}}