{"id":3982,"date":"2022-11-26T13:15:28","date_gmt":"2022-11-26T15:15:28","guid":{"rendered":"http:\/\/ltim.lt\/?page_id=3982"},"modified":"2022-11-26T13:15:29","modified_gmt":"2022-11-26T15:15:29","slug":"lietuvos-totoriai-trecia-karta-atsvente-jau-tradiciniu-tapusi-sabantuju","status":"publish","type":"page","link":"https:\/\/ltim.lt\/en\/galerija\/vietoves\/trakai\/lietuvos-totoriai-trecia-karta-atsvente-jau-tradiciniu-tapusi-sabantuju\/","title":{"rendered":"Lietuvos totoriai tre\u010di\u0105 kart\u0105 at\u0161vent\u0117 jau tradiciniu tapus\u012f Sabantuj\u0173"},"content":{"rendered":"\n<p>2013 m. bir\u017eelio 22 d. Trak\u0173 pusiasalio pilies teritorijoje vyko kasmetin\u0117 totori\u0173 \u0161vent\u0117 Sabantujus. Jau tre\u010dius metus i\u0161 eil\u0117s Sabantujus vyksta Trakuose, tod\u0117l galime laikyti \u0161\u012f miest\u0105 tradicine Lietuvos totori\u0173 susib\u016brimo vieta.<\/p>\n<p>Atidarydamas \u0161vent\u0119 Lietuvos totori\u0173 bendruomeni\u0173 s\u0105jungos pirmininkas doc.dr.Adas Jakubauskas pad\u0117kojo renginio r\u0117m\u0117jams ir \u012fteik\u0117 jiems tradicin\u012f \u201e\u0160imtalap\u012f\u201c.<\/p>\n<p>\u0160vent\u0117je dalyvavo Turkijos ambasadorius Lietuvoje Akin Algan, gausus Lietuvos totori\u0173 bendruomen\u0117s nari\u0173 b\u016brys, \u012fvairi\u0173 \u0161alies tautini\u0173 bendrij\u0173 atstovai. \u0160vent\u0117je koncertavo mergin\u0173 trio \u201eBulgar kyzlary\u201c (Kazan\u0117, Rusija), daininink\u0117 Lilija Gubaidulina, vaik\u0173 totori\u0173 ansamblis \u201eIlsu\u201c (vadov\u0117 Almira Trak\u0161elien\u0117), lenk\u0173 folkloro ansamblis \u201eG\u017eego\u017eanie\u201c (vadovas Alik Melech), Kauno totori\u0173 bendruomen\u0117s solist\u0117 Rima Kaz\u0117nien\u0117 ir kiti.<\/p>\n<p>Sabantujuje savo gaminius pristat\u0117 amatininkai i\u0161 \u0160irvint\u0173 bei Subartoni\u0173, buvo galima paskanauti totori\u0173 \u0161eimininki\u0173 kept\u0173 nepakartojamo skonio senos recept\u016bros \u0160imtalapi\u0173 ir tradicinio patiekalo \u2013 plovo. \u0160vent\u0117s dalyviai, norintys i\u0161bandyti savo j\u0117gas, dalyvavo totori\u0173 imtyn\u0117se \u201eKure\u0161\u201c. Taip pat buvo galima i\u0161bandyti savo taiklum\u0105 \u0161audant i\u0161 senovinio arbaleto ar lanko, pajodin\u0117ti arkliais. \u201eKure\u0161\u201c imtyni\u0173 nugal\u0117toju nurung\u0119s kitus imtyininkus tapo Eldaras Krinickis i\u0161 Gardino totori\u0173 bendruomen\u0117s. Sabantujui pasibaigus Lietuvos totori\u0173 jaunimas susirinko Pramog\u0173 centre, kur prat\u0119s\u0117 bendravim\u0105.<\/p>\n<p>\u0160vent\u0117s organizatoriai: Lietuvos totori\u0173 bendruomeni\u0173 s\u0105junga ir Totori\u0173 jaunimo bendrija \u201eDuslyk\u201c.<\/p>\n","protected":false},"excerpt":{"rendered":"<p>2013 m. bir\u017eelio 22 d. Trak\u0173 pusiasalio pilies teritorijoje vyko kasmetin\u0117 totori\u0173 \u0161vent\u0117 Sabantujus. Jau tre\u010dius metus i\u0161 eil\u0117s Sabantujus vyksta Trakuose, tod\u0117l galime laikyti \u0161\u012f miest\u0105 tradicine Lietuvos totori\u0173 susib\u016brimo vieta. Atidarydamas \u0161vent\u0119 Lietuvos totori\u0173 bendruomeni\u0173 s\u0105jungos pirmininkas doc.dr.Adas Jakubauskas pad\u0117kojo renginio r\u0117m\u0117jams ir \u012fteik\u0117 jiems tradicin\u012f \u201e\u0160imtalap\u012f\u201c. \u0160vent\u0117je dalyvavo Turkijos ambasadorius Lietuvoje Akin [&hellip;]<\/p>\n","protected":false},"author":1,"featured_media":0,"parent":2873,"menu_order":0,"comment_status":"closed","ping_status":"closed","template":"page-text.php","meta":[],"_links":{"self":[{"href":"https:\/\/ltim.lt\/en\/wp-json\/wp\/v2\/pages\/3982"}],"collection":[{"href":"https:\/\/ltim.lt\/en\/wp-json\/wp\/v2\/pages"}],"about":[{"href":"https:\/\/ltim.lt\/en\/wp-json\/wp\/v2\/types\/page"}],"author":[{"embeddable":true,"href":"https:\/\/ltim.lt\/en\/wp-json\/wp\/v2\/users\/1"}],"replies":[{"embeddable":true,"href":"https:\/\/ltim.lt\/en\/wp-json\/wp\/v2\/comments?post=3982"}],"version-history":[{"count":1,"href":"https:\/\/ltim.lt\/en\/wp-json\/wp\/v2\/pages\/3982\/revisions"}],"predecessor-version":[{"id":3983,"href":"https:\/\/ltim.lt\/en\/wp-json\/wp\/v2\/pages\/3982\/revisions\/3983"}],"up":[{"embeddable":true,"href":"https:\/\/ltim.lt\/en\/wp-json\/wp\/v2\/pages\/2873"}],"wp:attachment":[{"href":"https:\/\/ltim.lt\/en\/wp-json\/wp\/v2\/media?parent=3982"}],"curies":[{"name":"wp","href":"https:\/\/api.w.org\/{rel}","templated":true}]}}