{"id":3980,"date":"2022-11-26T13:10:26","date_gmt":"2022-11-26T15:10:26","guid":{"rendered":"http:\/\/ltim.lt\/?page_id=3980"},"modified":"2022-11-26T13:10:26","modified_gmt":"2022-11-26T15:10:26","slug":"55-metu-darbo-stazas-ivertintas-auksiniu-azuolo-lapu","status":"publish","type":"page","link":"https:\/\/ltim.lt\/en\/galerija\/vyke-renginiai\/55-metu-darbo-stazas-ivertintas-auksiniu-azuolo-lapu\/","title":{"rendered":"55 met\u0173 darbo sta\u017eas \u012fvertintas Auksiniu \u0105\u017euolo lapu"},"content":{"rendered":"\n<p>Daugel\u012f met\u0173 \u0160ilut\u0117s ur\u0117du buv\u0119s Stepas Baira\u0161auskas 2014 m. min\u0117jo savo 75 met\u0173 sukakt\u012f.<\/p>\n<p>U\u017e 55 met\u0173 darbo sta\u017e\u0105 Lietuvos valstybini\u0173 mi\u0161k\u0173 sistemoje jis apdovanotas itin garbingu Auksinio \u0105\u017euolo lapo apdovanojimu. Pasveikinti jubiliato susirinko gausus b\u016brys sve\u010di\u0173: \u0160ilut\u0117s rajono politikai, kolegos i\u0161 Lietuvos ur\u0117dij\u0173, \u0161vietimo \u012fstaig\u0173 atstovai, kiti ilgame\u010dio ur\u0117do kolegos, draugai.<\/p>\n<p>\u00a0<\/p>\n<p style=\"text-align: center;\"><strong>Gaus\u016bs sveikinimai<\/strong><\/p>\n<p>U\u017e asmenin\u012f ind\u0117l\u012f stiprinant Lietuvos valstybini\u0173 mi\u0161k\u0173 sistem\u0105 S. Baira\u0161auskui Auksinio \u0105\u017euolo lapo apdovanojim\u0105 \u012fteik\u0117 Generalin\u0117s mi\u0161k\u0173 ur\u0117dijos prie Aplinkos ministerijos vyriausiasis patar\u0117jas Andrius Vancevi\u010dius. Apdovanojimas S. Baira\u0161auskui skirtas laikinai Generalinio mi\u0161k\u0173 ur\u0117do pareigas \u0117jusio Benjamino Sakalausko teikimu. \u201eNors j\u016bs gim\u0117te Alytaus rajone, bet vis\u0105 savo gyvenim\u0105 paskyr\u0117te \u0160ilut\u0117s kra\u0161tui. Mes lenkiame galv\u0105 prie\u0161 tai, kad j\u016bs \u012fd\u0117jote tiek pastang\u0173 ir darbo \u0161io kra\u0161to puosel\u0117jimui bei jo interes\u0173 gynimui. J\u016bs\u0173 darbai neliko pamir\u0161ti, apie tai liudija gausiai jums teikti apdovanojimai. Did\u017eiausi link\u0117jimai jums nuo daugiame\u010dio generalinio mi\u0161k\u0173 ur\u0117do Benjamino Sakalausko, dabartinio generalinio mi\u0161k\u0173 ur\u0117do Gintaro Visalgos ir nuo man\u0119s asmeni\u0161kai. Man teko didel\u0117 garb\u0117 dirbti su jumis\u201c, \u2013 \u012fteikdamas garbing\u0105 apdovanojim\u0105 kalb\u0117jo A. Vancevi\u010dius. Didelio \u0160ilut\u0117s mi\u0161k\u0173 ur\u0117dijos kolektyvo vardu S. Baira\u0161ausk\u0105 pasveikino dabartinis ur\u0117das Vaidas Bendaravi\u010dius, palink\u0117j\u0119s savo pirmtakui geros sveikatos, energijos, d\u017eiaugsmo ir laim\u0117s. S. Baira\u0161auskas pad\u0117kojo visiems \u012f jo jubiliejaus min\u0117jim\u0105 atvykusiems sve\u010diams: \u201e55 darbo Lietuvos valstybini\u0173 mi\u0161k\u0173 sistemoje metai pral\u0117k\u0117 neju\u010diom. I\u0161 j\u0173 \u2013 52-eji \u2013 \u0160ilut\u0117je. Sutikau daug ger\u0173 \u017emoni\u0173, bendradarbi\u0173, kuri\u0173 pagalba buvo labai reikalinga, u\u017e j\u0105 nuo\u0161ird\u017eiai d\u0117koju. Pagal sen\u0105 liaudies patarl\u0119 kiekvienam \u017emogui reikia pasodinti med\u012f, pastatyti nam\u0105 ir u\u017eauginti s\u016bn\u0173. Visus \u0161iuos darbus \u012fvykd\u017eiau, o med\u012f pasodinau \u0160ilut\u0117s mi\u0161k\u0173 ur\u0117dijos kieme\u201c.<\/p>\n","protected":false},"excerpt":{"rendered":"<p>Daugel\u012f met\u0173 \u0160ilut\u0117s ur\u0117du buv\u0119s Stepas Baira\u0161auskas 2014 m. min\u0117jo savo 75 met\u0173 sukakt\u012f. U\u017e 55 met\u0173 darbo sta\u017e\u0105 Lietuvos valstybini\u0173 mi\u0161k\u0173 sistemoje jis apdovanotas itin garbingu Auksinio \u0105\u017euolo lapo apdovanojimu. Pasveikinti jubiliato susirinko gausus b\u016brys sve\u010di\u0173: \u0160ilut\u0117s rajono politikai, kolegos i\u0161 Lietuvos ur\u0117dij\u0173, \u0161vietimo \u012fstaig\u0173 atstovai, kiti ilgame\u010dio ur\u0117do kolegos, draugai. \u00a0 Gaus\u016bs sveikinimai [&hellip;]<\/p>\n","protected":false},"author":1,"featured_media":0,"parent":2935,"menu_order":0,"comment_status":"closed","ping_status":"closed","template":"page-text.php","meta":[],"_links":{"self":[{"href":"https:\/\/ltim.lt\/en\/wp-json\/wp\/v2\/pages\/3980"}],"collection":[{"href":"https:\/\/ltim.lt\/en\/wp-json\/wp\/v2\/pages"}],"about":[{"href":"https:\/\/ltim.lt\/en\/wp-json\/wp\/v2\/types\/page"}],"author":[{"embeddable":true,"href":"https:\/\/ltim.lt\/en\/wp-json\/wp\/v2\/users\/1"}],"replies":[{"embeddable":true,"href":"https:\/\/ltim.lt\/en\/wp-json\/wp\/v2\/comments?post=3980"}],"version-history":[{"count":1,"href":"https:\/\/ltim.lt\/en\/wp-json\/wp\/v2\/pages\/3980\/revisions"}],"predecessor-version":[{"id":3981,"href":"https:\/\/ltim.lt\/en\/wp-json\/wp\/v2\/pages\/3980\/revisions\/3981"}],"up":[{"embeddable":true,"href":"https:\/\/ltim.lt\/en\/wp-json\/wp\/v2\/pages\/2935"}],"wp:attachment":[{"href":"https:\/\/ltim.lt\/en\/wp-json\/wp\/v2\/media?parent=3980"}],"curies":[{"name":"wp","href":"https:\/\/api.w.org\/{rel}","templated":true}]}}