{"id":3969,"date":"2022-11-26T11:51:07","date_gmt":"2022-11-26T13:51:07","guid":{"rendered":"http:\/\/ltim.lt\/?page_id=3969"},"modified":"2022-11-26T11:51:07","modified_gmt":"2022-11-26T13:51:07","slug":"kurban-bairam-svente-2013-m","status":"publish","type":"page","link":"https:\/\/ltim.lt\/en\/galerija\/vyke-renginiai\/kurban-bairam-svente-2013-m\/","title":{"rendered":"Kurban Bairam \u0161vent\u0117 2013 m."},"content":{"rendered":"\n<p>2013 m. spalio 19 d. Vilniaus \u012fgulos karinink\u0173 ramov\u0117 pra\u017eydo totori\u0161k\u0173 nacionalini\u0173 kostium\u0173 spalvomis ir skamb\u0117jo nuo totori\u0173 melodij\u0173. Lietuvos totoriai \u010dia \u0161vent\u0117 Kurban Bairam \u2013 aukojimo ir had\u017eo pabaigos \u0161vent\u0119.<\/p>\n<p style=\"text-align: center;\"><strong>Melodijos, \u0161oki\u0173 ritmai<\/strong><\/p>\n<p>Gausiai susirinkusi\u0173 totori\u0173 i\u0161 \u012fvairi\u0173 \u0161alies kampeli\u0173, \u0161ios tautos bi\u010diuli\u0173 lauk\u0117 \u012fdomi ir spalvinga \u0161vent\u0117s programa.<\/p>\n<p>Koncertavo totori\u0173 folkloro ansamblis \u201eAlije\u201c, vadovaujamas Aleksandro Melecho. Daugiau kaip penkiolika met\u0173 gyvuojantis kolektyvas \u2013 nuolatinis totori\u0173 \u0161ven\u010di\u0173, o taip pat Vilniaus, Kauno miest\u0173 dien\u0173, tarptautini\u0173 festivali\u0173 Lenkijoje dalyvis, ne kart\u0105 jo men\u0105 mate Lietuvos televizijos \u017ei\u016brovai.<\/p>\n<p>Kurban Bairam \u0161vent\u0117je pasirod\u0119s Almiros Trak\u0161elien\u0117s vadovaujamas totori\u0173 vaik\u0173 ansamblis \u201eIlsu\u201c dar negali pasigirti tokia ilga biografija, o ir jo dalyvi\u0173 am\u017eius labai jaunas. Ta\u010diau ar daug Lietuvos vaik\u0173 gali pasakyti dalyvav\u0119 Lietuvos pirmininkavimo Europos S\u0105jungos Tarybai renginiuose? O \u201eIlsu\u201c pra\u0117jusi\u0105 vasar\u0105 buvo i\u0161vyk\u0119s \u012f Lietuvos ambasados Ukrainoje surengtas Lietuvos dienas Kryme, koncertavo istoriniame Krymo totori\u0173 centre Bach\u010disarajuje. Lietuvos dien\u0173 Kryme renginiai buvo skirti Lietuvos pirmininkavimo ES Tarybai prad\u017eiai pa\u017eym\u0117ti.<\/p>\n<p>\u00a0<\/p>\n<p style=\"text-align: center;\"><strong>Fotografij\u0173 paroda<\/strong><\/p>\n<p>\u0160vent\u0117s metu Karinink\u0173 ramov\u0117s foje buvo atidaryta fotomenininko Jono Par\u0161eli\u016bno Lietuvos totori\u0173 sakralinio paveldo fotografij\u0173 paroda. Jose u\u017efiksuotos totori\u0173 me\u010det\u0117s, esan\u010dios Nem\u0117\u017eyje, Keturiasde\u0161imties totori\u0173 kaime (Vilniaus r.), Rai\u017eiuose (Alytaus r.) ir Kaune, o taip pat dalis \u0161i\u0173 \u0161ventovi\u0173 interjero. Sovietme\u010diu veik\u0117 tiktai Rai\u017ei\u0173 me\u010det\u0117, kitos buvo u\u017edarytos, o me\u010det\u0117 Vilniuje nugriauta. J\u0105 parodoje primin\u0117 atminimo lentos, pritvirtintos prie Puslaidininki\u0173 fizikos instituto pastato, nuotrauka.<\/p>\n<p>Parodoje eksponuojama K\u0117daini\u0173 minareto nuotrauka. Dvide\u0161imt penki\u0173 metr\u0173 auk\u0161\u010dio minaretas pastatytas 1888 m. ir skirtas atminti Rusijos \u2013 Turkijos kar\u0105. Tai vienas i\u0161 dviej\u0173 minaret\u0173 Lietuvoje (kitas yra prie Kauno me\u010det\u0117s).<\/p>\n<p>Sakraliniam totori\u0173 paveldui priklauso kapin\u0117s. Nuotraukose u\u017efiksuotos Nem\u0117\u017eio, Rai\u017ei\u0173 ir Salako (Zaras\u0173 r.) senosios totori\u0173 kapin\u0117s.<\/p>\n<p>\u00a0<\/p>\n<p style=\"text-align: center;\"><strong>Ilgaam\u017e\u0117s tradicijos<\/strong><\/p>\n<p>Kurban Bairam \u2013 pati did\u017eiausia \u0161vent\u0117 islamo kalendoriuje. Tai aukojimo \u0161vent\u0117, turki\u0161kai vadinama Kurban Bairam arba Eid al-Adha \u2013 arabi\u0161kai kalban\u010diose \u0161alyse. Ji \u0161ven\u010diama dvylikto m\u0117nesio Zul Hid\u017eah de\u0161imt\u0105 dien\u0105 pagal musulmon\u0173 m\u0117nulio kalendori\u0173.<\/p>\n<p>\u0160vent\u0117s metu tikintieji aukoja gyvulius \u2013 avinus, karves, o\u017ekas ir kupranugarius. Ritualinio gyvuli\u0173 skerdimo tradicija siekia biblijinius laikus. Dievas, nor\u0117damas i\u0161bandyti prana\u0161o Abraomo tik\u0117jim\u0105, liep\u0119s jam paaukoti savo s\u016bn\u0173 Izaok\u0105. Paskutiniu momentu, kai Abraomas buvo be\u017eud\u0105s s\u016bn\u0173, Dievas atsiunt\u0117 jam avin\u0117l\u012f ir papra\u0161\u0117 paaukoti j\u012f vietoje s\u016bnaus.<\/p>\n<p>Kurban Bairam \u2013 \u0161vent\u0117, kai susiburia \u0161eima, vieni kitus sveikina, lanko, daug ir skaniai valgo.<\/p>\n","protected":false},"excerpt":{"rendered":"<p>2013 m. spalio 19 d. Vilniaus \u012fgulos karinink\u0173 ramov\u0117 pra\u017eydo totori\u0161k\u0173 nacionalini\u0173 kostium\u0173 spalvomis ir skamb\u0117jo nuo totori\u0173 melodij\u0173. Lietuvos totoriai \u010dia \u0161vent\u0117 Kurban Bairam \u2013 aukojimo ir had\u017eo pabaigos \u0161vent\u0119. Melodijos, \u0161oki\u0173 ritmai Gausiai susirinkusi\u0173 totori\u0173 i\u0161 \u012fvairi\u0173 \u0161alies kampeli\u0173, \u0161ios tautos bi\u010diuli\u0173 lauk\u0117 \u012fdomi ir spalvinga \u0161vent\u0117s programa. Koncertavo totori\u0173 folkloro ansamblis \u201eAlije\u201c, [&hellip;]<\/p>\n","protected":false},"author":1,"featured_media":0,"parent":2935,"menu_order":0,"comment_status":"closed","ping_status":"closed","template":"page-text.php","meta":[],"_links":{"self":[{"href":"https:\/\/ltim.lt\/en\/wp-json\/wp\/v2\/pages\/3969"}],"collection":[{"href":"https:\/\/ltim.lt\/en\/wp-json\/wp\/v2\/pages"}],"about":[{"href":"https:\/\/ltim.lt\/en\/wp-json\/wp\/v2\/types\/page"}],"author":[{"embeddable":true,"href":"https:\/\/ltim.lt\/en\/wp-json\/wp\/v2\/users\/1"}],"replies":[{"embeddable":true,"href":"https:\/\/ltim.lt\/en\/wp-json\/wp\/v2\/comments?post=3969"}],"version-history":[{"count":1,"href":"https:\/\/ltim.lt\/en\/wp-json\/wp\/v2\/pages\/3969\/revisions"}],"predecessor-version":[{"id":3970,"href":"https:\/\/ltim.lt\/en\/wp-json\/wp\/v2\/pages\/3969\/revisions\/3970"}],"up":[{"embeddable":true,"href":"https:\/\/ltim.lt\/en\/wp-json\/wp\/v2\/pages\/2935"}],"wp:attachment":[{"href":"https:\/\/ltim.lt\/en\/wp-json\/wp\/v2\/media?parent=3969"}],"curies":[{"name":"wp","href":"https:\/\/api.w.org\/{rel}","templated":true}]}}