{"id":3964,"date":"2022-11-25T13:22:27","date_gmt":"2022-11-25T15:22:27","guid":{"rendered":"http:\/\/ltim.lt\/?page_id=3964"},"modified":"2022-11-25T13:22:57","modified_gmt":"2022-11-25T15:22:57","slug":"lesiuncu-totoriu-kapines","status":"publish","type":"page","link":"https:\/\/ltim.lt\/en\/galerija\/vietoves\/alytus\/lesiuncu-totoriu-kapines\/","title":{"rendered":"Lesiunc\u0173 totori\u0173 kapin\u0117s"},"content":{"rendered":"\t\t<div data-elementor-type=\"wp-page\" data-elementor-id=\"3964\" class=\"elementor elementor-3964\" data-elementor-settings=\"[]\">\n\t\t\t\t\t\t<div class=\"elementor-inner\">\n\t\t\t\t\t\t\t<div class=\"elementor-section-wrap\">\n\t\t\t\t\t\t\t<section class=\"elementor-section elementor-top-section elementor-element elementor-element-fd9d22f elementor-section-boxed elementor-section-height-default elementor-section-height-default\" data-id=\"fd9d22f\" data-element_type=\"section\">\n\t\t\t\t\t\t<div class=\"elementor-container elementor-column-gap-default\">\n\t\t\t\t\t\t\t<div class=\"elementor-row\">\n\t\t\t\t\t<div class=\"elementor-column elementor-col-100 elementor-top-column elementor-element elementor-element-87ea22c\" data-id=\"87ea22c\" data-element_type=\"column\">\n\t\t\t<div class=\"elementor-column-wrap elementor-element-populated\">\n\t\t\t\t\t\t\t<div class=\"elementor-widget-wrap\">\n\t\t\t\t\t\t<div class=\"elementor-element elementor-element-a169e3b elementor-view-default elementor-widget elementor-widget-icon\" data-id=\"a169e3b\" data-element_type=\"widget\" data-widget_type=\"icon.default\">\n\t\t\t\t<div class=\"elementor-widget-container\">\n\t\t\t\t\t<div class=\"elementor-icon-wrapper\">\n\t\t\t<div class=\"elementor-icon\">\n\t\t\t<i aria-hidden=\"true\" class=\"fas fa-star-and-crescent\"><\/i>\t\t\t<\/div>\n\t\t<\/div>\n\t\t\t\t<\/div>\n\t\t\t\t<\/div>\n\t\t\t\t\t\t<\/div>\n\t\t\t\t\t<\/div>\n\t\t<\/div>\n\t\t\t\t\t\t\t\t<\/div>\n\t\t\t\t\t<\/div>\n\t\t<\/section>\n\t\t\t\t<section class=\"elementor-section elementor-top-section elementor-element elementor-element-44644310 elementor-section-boxed elementor-section-height-default elementor-section-height-default\" data-id=\"44644310\" data-element_type=\"section\">\n\t\t\t\t\t\t<div class=\"elementor-container elementor-column-gap-default\">\n\t\t\t\t\t\t\t<div class=\"elementor-row\">\n\t\t\t\t\t<div class=\"elementor-column elementor-col-100 elementor-top-column elementor-element elementor-element-2c926ce\" data-id=\"2c926ce\" data-element_type=\"column\">\n\t\t\t<div class=\"elementor-column-wrap elementor-element-populated\">\n\t\t\t\t\t\t\t<div class=\"elementor-widget-wrap\">\n\t\t\t\t\t\t<div class=\"elementor-element elementor-element-694c96d4 elementor-widget elementor-widget-text-editor\" data-id=\"694c96d4\" data-element_type=\"widget\" data-widget_type=\"text-editor.default\">\n\t\t\t\t<div class=\"elementor-widget-container\">\n\t\t\t\t\t<div class=\"elementor-text-editor elementor-clearfix\"><!-- wp:tadv\/classic-paragraph -->\n<p>Tai nedidel\u0117s totori\u0173 kapinait\u0117s, kurios buvo tarp Rai\u017ei\u0173 ir Silgioni\u0173 kaim\u0173, Alytaus r. Vykdant kaim\u0173 melioravimo projektus nukent\u0117jo kra\u0161tovaizdis, sunaikinta didel\u0117 dalis pauk\u0161\u010di\u0173, i\u0161ardytos kit\u0173 gyv\u016bn\u0173 buvein\u0117s. \u017dmon\u0117s prievarta i\u0161kelti i\u0161 savo gimt\u0173j\u0173 viet\u0173. Aplinka tapo nyki, atsiv\u0117r\u0117 lauk\u0173 platyb\u0117s. Rai\u017ei\u0173 tarybiniame \u016bkyje melioracija vykdyta apie 1976\u20131982 m. Melioracijos projekt\u0173 vykdymo metu buvo sunaikintos Lesi\u016bnc\u0173 kapin\u0117s. <br \/>Kapin\u0117s sulygintos ir paverstos ariamu lauku. Netoliese gyvenantys \u017emon\u0117s buvo i\u0161kelti \u012f gyvenvietes. Laukai tapo neapr\u0117piamo dyd\u017eio. Surasti kapini\u0173 vietos nepavyko, tod\u0117l \u0161ios kapin\u0117s liko nepa\u017eym\u0117tos ir pranyko lauk\u0173 platyb\u0117se.<\/p>\n<!-- \/wp:tadv\/classic-paragraph --><\/div>\n\t\t\t\t<\/div>\n\t\t\t\t<\/div>\n\t\t\t\t\t\t<\/div>\n\t\t\t\t\t<\/div>\n\t\t<\/div>\n\t\t\t\t\t\t\t\t<\/div>\n\t\t\t\t\t<\/div>\n\t\t<\/section>\n\t\t\t\t\t\t<\/div>\n\t\t\t\t\t\t<\/div>\n\t\t\t\t\t<\/div>\n\t\t","protected":false},"excerpt":{"rendered":"<p>Tai nedidel\u0117s totori\u0173 kapinait\u0117s, kurios buvo tarp Rai\u017ei\u0173 ir Silgioni\u0173 kaim\u0173, Alytaus r. Vykdant kaim\u0173 melioravimo projektus nukent\u0117jo kra\u0161tovaizdis, sunaikinta didel\u0117 dalis pauk\u0161\u010di\u0173, i\u0161ardytos kit\u0173 gyv\u016bn\u0173 buvein\u0117s. \u017dmon\u0117s prievarta i\u0161kelti i\u0161 savo gimt\u0173j\u0173 viet\u0173. Aplinka tapo nyki, atsiv\u0117r\u0117 lauk\u0173 platyb\u0117s. Rai\u017ei\u0173 tarybiniame \u016bkyje melioracija vykdyta apie 1976\u20131982 m. Melioracijos projekt\u0173 vykdymo metu buvo sunaikintos Lesi\u016bnc\u0173 [&hellip;]<\/p>\n","protected":false},"author":1,"featured_media":0,"parent":153,"menu_order":0,"comment_status":"closed","ping_status":"closed","template":"page-text.php","meta":[],"_links":{"self":[{"href":"https:\/\/ltim.lt\/en\/wp-json\/wp\/v2\/pages\/3964"}],"collection":[{"href":"https:\/\/ltim.lt\/en\/wp-json\/wp\/v2\/pages"}],"about":[{"href":"https:\/\/ltim.lt\/en\/wp-json\/wp\/v2\/types\/page"}],"author":[{"embeddable":true,"href":"https:\/\/ltim.lt\/en\/wp-json\/wp\/v2\/users\/1"}],"replies":[{"embeddable":true,"href":"https:\/\/ltim.lt\/en\/wp-json\/wp\/v2\/comments?post=3964"}],"version-history":[{"count":4,"href":"https:\/\/ltim.lt\/en\/wp-json\/wp\/v2\/pages\/3964\/revisions"}],"predecessor-version":[{"id":3968,"href":"https:\/\/ltim.lt\/en\/wp-json\/wp\/v2\/pages\/3964\/revisions\/3968"}],"up":[{"embeddable":true,"href":"https:\/\/ltim.lt\/en\/wp-json\/wp\/v2\/pages\/153"}],"wp:attachment":[{"href":"https:\/\/ltim.lt\/en\/wp-json\/wp\/v2\/media?parent=3964"}],"curies":[{"name":"wp","href":"https:\/\/api.w.org\/{rel}","templated":true}]}}