{"id":3960,"date":"2022-11-25T13:13:28","date_gmt":"2022-11-25T15:13:28","guid":{"rendered":"http:\/\/ltim.lt\/?page_id=3960"},"modified":"2022-11-25T13:13:29","modified_gmt":"2022-11-25T15:13:29","slug":"seserys-makulaviciutes-1960-metais","status":"publish","type":"page","link":"https:\/\/ltim.lt\/en\/galerija\/vietoves\/vinksnupiai\/seserys-makulaviciutes-1960-metais\/","title":{"rendered":"Seserys Makulavi\u010di\u016bt\u0117s 1960 metais"},"content":{"rendered":"\n<p><img loading=\"lazy\" class=\"aligncenter size-medium\" src=\"https:\/\/pirmynpopasauli.files.wordpress.com\/2022\/11\/image-87.png\" width=\"458\" height=\"389\" \/><\/p>\n<p style=\"text-align: center;\">Seserys Makulavi\u010di\u016bt\u0117s 1960 metais. I\u0161 kair\u0117s: Chalima Krinickien\u0117 (1894 \u2013 1965), Al\u017eunia Jasinskien\u0117 (1892 \u2013 1982), Maryt\u0117 Selimavi\u010dien\u0117 (1890 \u2013 1982), Felicija Bagdanavi\u010dien\u0117 (1886 \u2013 1970), Emilija Chaleckien\u0117 (1898 \u2013 1962).<\/p>\n","protected":false},"excerpt":{"rendered":"<p>Seserys Makulavi\u010di\u016bt\u0117s 1960 metais. I\u0161 kair\u0117s: Chalima Krinickien\u0117 (1894 \u2013 1965), Al\u017eunia Jasinskien\u0117 (1892 \u2013 1982), Maryt\u0117 Selimavi\u010dien\u0117 (1890 \u2013 1982), Felicija Bagdanavi\u010dien\u0117 (1886 \u2013 1970), Emilija Chaleckien\u0117 (1898 \u2013 1962).<\/p>\n","protected":false},"author":1,"featured_media":0,"parent":3933,"menu_order":0,"comment_status":"closed","ping_status":"closed","template":"page-text.php","meta":[],"_links":{"self":[{"href":"https:\/\/ltim.lt\/en\/wp-json\/wp\/v2\/pages\/3960"}],"collection":[{"href":"https:\/\/ltim.lt\/en\/wp-json\/wp\/v2\/pages"}],"about":[{"href":"https:\/\/ltim.lt\/en\/wp-json\/wp\/v2\/types\/page"}],"author":[{"embeddable":true,"href":"https:\/\/ltim.lt\/en\/wp-json\/wp\/v2\/users\/1"}],"replies":[{"embeddable":true,"href":"https:\/\/ltim.lt\/en\/wp-json\/wp\/v2\/comments?post=3960"}],"version-history":[{"count":1,"href":"https:\/\/ltim.lt\/en\/wp-json\/wp\/v2\/pages\/3960\/revisions"}],"predecessor-version":[{"id":3961,"href":"https:\/\/ltim.lt\/en\/wp-json\/wp\/v2\/pages\/3960\/revisions\/3961"}],"up":[{"embeddable":true,"href":"https:\/\/ltim.lt\/en\/wp-json\/wp\/v2\/pages\/3933"}],"wp:attachment":[{"href":"https:\/\/ltim.lt\/en\/wp-json\/wp\/v2\/media?parent=3960"}],"curies":[{"name":"wp","href":"https:\/\/api.w.org\/{rel}","templated":true}]}}