{"id":395,"date":"2018-10-18T15:00:50","date_gmt":"2018-10-18T17:00:50","guid":{"rendered":"http:\/\/ltim.lt\/?page_id=395"},"modified":"2021-12-16T00:42:12","modified_gmt":"2021-12-16T02:42:12","slug":"keturiasdesimt-totoriu-kaime-bendruomenes-namai","status":"publish","type":"page","link":"https:\/\/ltim.lt\/en\/galerija\/pastatai\/keturiasdesimt-totoriu-kaime-bendruomenes-namai\/","title":{"rendered":"Keturiasde\u0161imt totori\u0173 kaime bendruomen\u0117s namai"},"content":{"rendered":"<p>2014 m. rugs\u0117jo 6 d. atidaryti kaimo totori\u0173 bendruomen\u0117s namai. Jie pastatyti gavus europin\u012f finansavim\u0105. Keturiasde\u0161imt totori\u0173 kaimo bendruomen\u0117s pirminink\u0117 Fatima Buinovska i\u0161rei\u0161k\u0117 vilt\u012f, kad \u0161ie namai taps savais visiems seni\u016bnijos gyventojams. Bendruomen\u0117s namai i\u0161 ties\u0173 virto tikru kult\u016bros centru, juose rengiamos edukacin\u0117s programos, seminarai, paskaitos, susitikimai su \u012fdomiais \u017emon\u0117mis, \u012f juos da\u017enai u\u017esuka sve\u010diai.<\/p>\n","protected":false},"excerpt":{"rendered":"<p>2014 m. rugs\u0117jo 6 d. atidaryti kaimo totori\u0173 bendruomen\u0117s namai. Jie pastatyti gavus europin\u012f finansavim\u0105. Keturiasde\u0161imt totori\u0173 kaimo bendruomen\u0117s pirminink\u0117 Fatima Buinovska i\u0161rei\u0161k\u0117 vilt\u012f, kad \u0161ie namai taps savais visiems seni\u016bnijos gyventojams. Bendruomen\u0117s namai i\u0161 ties\u0173 virto tikru kult\u016bros centru, juose rengiamos edukacin\u0117s programos, seminarai, paskaitos, susitikimai su \u012fdomiais \u017emon\u0117mis, \u012f juos da\u017enai u\u017esuka sve\u010diai.<\/p>\n","protected":false},"author":1,"featured_media":396,"parent":106,"menu_order":0,"comment_status":"closed","ping_status":"closed","template":"page-gallery-inside.php","meta":[],"_links":{"self":[{"href":"https:\/\/ltim.lt\/en\/wp-json\/wp\/v2\/pages\/395"}],"collection":[{"href":"https:\/\/ltim.lt\/en\/wp-json\/wp\/v2\/pages"}],"about":[{"href":"https:\/\/ltim.lt\/en\/wp-json\/wp\/v2\/types\/page"}],"author":[{"embeddable":true,"href":"https:\/\/ltim.lt\/en\/wp-json\/wp\/v2\/users\/1"}],"replies":[{"embeddable":true,"href":"https:\/\/ltim.lt\/en\/wp-json\/wp\/v2\/comments?post=395"}],"version-history":[{"count":4,"href":"https:\/\/ltim.lt\/en\/wp-json\/wp\/v2\/pages\/395\/revisions"}],"predecessor-version":[{"id":1621,"href":"https:\/\/ltim.lt\/en\/wp-json\/wp\/v2\/pages\/395\/revisions\/1621"}],"up":[{"embeddable":true,"href":"https:\/\/ltim.lt\/en\/wp-json\/wp\/v2\/pages\/106"}],"wp:featuredmedia":[{"embeddable":true,"href":"https:\/\/ltim.lt\/en\/wp-json\/wp\/v2\/media\/396"}],"wp:attachment":[{"href":"https:\/\/ltim.lt\/en\/wp-json\/wp\/v2\/media?parent=395"}],"curies":[{"name":"wp","href":"https:\/\/api.w.org\/{rel}","templated":true}]}}