{"id":3949,"date":"2022-11-25T11:27:47","date_gmt":"2022-11-25T13:27:47","guid":{"rendered":"http:\/\/ltim.lt\/?page_id=3949"},"modified":"2022-11-25T11:27:48","modified_gmt":"2022-11-25T13:27:48","slug":"totoriu-kapiniu-vinksnupiuose-paminklu-irasu-analize","status":"publish","type":"page","link":"https:\/\/ltim.lt\/en\/galerija\/vietoves\/vinksnupiai\/totoriu-kapiniu-vinksnupiuose-paminklu-irasu-analize\/","title":{"rendered":"Totori\u0173 kapini\u0173 Vink\u0161nupiuose paminkl\u0173 \u012fra\u0161\u0173 analiz\u0117"},"content":{"rendered":"\n<table style=\"border-collapse: collapse; width: 100%; height: 184px;\">\n<tbody>\n<tr style=\"height: 23px;\">\n<td style=\"width: 12.2414%; height: 23px;\"><strong>Eil. Nr.<\/strong><\/td>\n<td style=\"width: 33.2758%; height: 23px;\"><strong>\u012era\u0161as paminkle<\/strong><\/td>\n<td style=\"width: 29.4828%; height: 23px;\"><strong>\u012era\u0161o vertimas \u012f lietuvi\u0173 kalb\u0105<\/strong><\/td>\n<td style=\"width: 25%; height: 23px;\"><strong>Paminklo apra\u0161ymas<\/strong><\/td>\n<\/tr>\n<tr style=\"height: 23px;\">\n<td style=\"width: 12.2414%; height: 23px;\">1.<\/td>\n<td style=\"width: 33.2758%; height: 23px;\">El\u017cbieta z Kutowicz\u00f3w <br \/>murzina Baranowska <br \/>1810 roku v mes iunii <br \/>d. 20<\/td>\n<td style=\"width: 29.4828%; height: 23px;\">El\u017ebieta, mergautin\u0117 <br \/>pavard\u0117 Kutovi\u010d <br \/>murzina (murzos, <br \/>totori\u0173 bajoro \u017emona) <br \/>Baranovska. 1810 <br \/>metai bir\u017eelio 20 <br \/>diena<\/td>\n<td style=\"width: 25%; height: 23px;\">Sunkiai \u012fskaitomi \u017eod\u017eiai <br \/>netaisyklingomis raid\u0117mis, <br \/>i\u0161kalti akmenyje lenk\u0173 kalba<\/td>\n<\/tr>\n<tr style=\"height: 23px;\">\n<td style=\"width: 12.2414%; height: 23px;\">2.<\/td>\n<td style=\"width: 33.2758%; height: 23px;\">Zuzana z Kryczi\u0144skich <br \/>U\u0142anowa Umar\u0142a dnia <br \/>6 lipca 1871 r<\/td>\n<td style=\"width: 29.4828%; height: 23px;\">Zuzana, gimusi <br \/>Kryczinska, i\u0161tek\u0117jusi <br \/>u\u017e Ulano mir\u0117 1871 <br \/>m. liepos 6 dien\u0105<\/td>\n<td style=\"width: 25%; height: 23px;\">Tekstas lenk\u0173 kalba, <br \/>taisyklingomis ra\u0161ytin\u0117mis <br \/>raid\u0117mis, i\u0161kaltas trikamp\u0117s <br \/>plok\u0161t\u0117s gludintame <br \/>pavir\u0161iuje.<\/td>\n<\/tr>\n<tr style=\"height: 23px;\">\n<td style=\"width: 12.2414%; height: 23px;\">3.<\/td>\n<td style=\"width: 33.2758%; height: 23px;\">3. \u041f. \u041a\u0430\u043f\u0438\u0442\u0430\u043d\u044a <br \/>*\u0411\u0443\u0447\u0430\u0446\u043ai\u0419* \u0421\u0430\u043c\u0443\u0438\u043b\u044a <br \/>Aa\u0410\u043b\u0435\u043a\u0441\u0430\u043d\u0434\u0440\u043e\u0432\u0438\u0447\u044a <br \/>\u0440\u043e\u0434\u0438\u043b\u0441\u044f 6 \u043c\u0430\u0440\u0442\u0430 <br \/>\u0410\u043b\u0435\u043a\u0441\u0430\u043d\u0434\u0440\u043e\u0432\u0438\u0447\u044a <br \/>\u0440\u043e\u0434\u0438\u043b\u0441\u044f 6 \u043c\u0430\u0440\u0442\u0430 1811 <br \/>\u0433. \u0443\u043c 20 I\u044e\u043b\u044f 1864 \u0433 <br \/>\u0414\u043e\u0440\u0430 \u041e\u0442\u0446\u0443<\/td>\n<td style=\"width: 29.4828%; height: 23px;\">\u0160. A. *Bu\u010dackii* <br \/>Samuilas <br \/>Aleksandrovi\u010dius <br \/>gim\u0117 1811 m. kovo 6 <br \/>mir\u0117 1864 m. bir\u017eelio <br \/>20. <br \/>Dora T\u0117vui.<\/td>\n<td style=\"width: 25%; height: 23px;\">Rausvo granito, suapvalinta <br \/>vir\u0161\u016bne, 0,92&#215;1,00 <br \/>m. Obeliskas \u0161lifuotu <br \/>pavir\u0161iumi. Tekstas i\u0161kaltas <br \/>netaisyklingomis raid\u0117mis <br \/>rus\u0173 kalba.<\/td>\n<\/tr>\n<tr style=\"height: 23px;\">\n<td style=\"width: 12.2414%; height: 23px;\">4.<\/td>\n<td style=\"width: 33.2758%; height: 23px;\">ADAM BARANOWSKI <br \/>\u017cy\u0142 lat 65 zm. 4 <br \/>kwietnia 1895 <br \/>Spok\u00f3j duszy Jego<\/td>\n<td style=\"width: 29.4828%; height: 23px;\">ADAM BARANOVSKI <br \/>gyveno 65 metus. <br \/>Mir\u0117 1895 m. <br \/>baland\u017eio 4. <br \/>Ramyb\u0117 Jo Tavo <br \/>sielai.<\/td>\n<td style=\"width: 25%; height: 23px;\">Rausvo granito, suapvalinta <br \/>vir\u0161\u016bne, 0,73&#215;0,80m <br \/>obeliskas \u0161lifuotu <br \/>pavir\u0161iumi. Vardas ir <br \/>pavard\u0117 i\u0161kalti did\u017eiosiomis <br \/>i\u0161kilosiomis raid\u0117mis lenk\u0173 <br \/>kalba. Likusi teksto dalis \u2013 <br \/>gilumin\u0117mis ra\u0161ytin\u0117mis <br \/>raid\u0117mis lenk\u0173 kalba.<\/td>\n<\/tr>\n<tr style=\"height: 23px;\">\n<td style=\"width: 12.2414%; height: 23px;\">5.<\/td>\n<td style=\"width: 33.2758%; height: 23px;\">\u041c\u0430\u043d\u044f \u0421\u0443\u043b\u044c\u043a\u0435\u0432\u0438\u0447\u044a <br \/>\u0440\u043e\u0434 \u0432 I\u044e\u043d \u0441\u043a \u0414\u0435\u043a <br \/>1891 \u0433 \u041c\u0438\u0440\u044a \u043f\u0440\u0430\u0445\u0443 <br \/>\u0442\u0432\u043e\u0435\u043c\u0443 \u0434\u043e\u0440\u043e\u0433\u043ee <br \/>\u0434\u0438\u0442\u044f<\/td>\n<td style=\"width: 29.4828%; height: 23px;\">Mania Sulkevi\u010d, <br \/>gimusi 1891 bir\u017eelio <br \/>m\u0117n. mir\u0117 gruod\u017e\u012f. <br \/>Ramyb\u0117 tavo sielai, <br \/>brangi dukrele.<\/td>\n<td style=\"width: 25%; height: 23px;\">Pilko granito, \u0161lifuotu <br \/>pavir\u0161iumi 0,42&#215;0,24&#215;0,79 <br \/>m paminklas. Vardas ir <br \/>pavard\u0117 i\u0161kalti stambiomis <br \/>ra\u0161ytin\u0117mis raid\u0117mis rus\u0173 <br \/>kalba. Likusi teksto dalis <br \/>\u2013 smulkiomis ra\u0161ytin\u0117mis <br \/>raid\u0117mis. \u012era\u0161as giluminis<\/td>\n<\/tr>\n<tr style=\"height: 23px;\">\n<td style=\"width: 12.2414%; height: 23px;\">6.<\/td>\n<td style=\"width: 33.2758%; height: 23px;\">\u0421\u0442\u00eb\u043f\u0430 \u0421\u0443\u043b\u044c\u043a\u0435\u0432\u0438\u0447\u044a <br \/>\u0440\u043e\u0434 1896 II 12 \u0433 \u0441\u043a <br \/>1901 VI 24 \u041c\u0438\u0440\u044a <br \/>\u043f\u0440\u0430\u0445\u0443 \u0442\u0432\u043e\u0435\u043c\u0443 <br \/>\u0434\u043e\u0440\u043e\u0433\u043e\u0435 \u0434\u0438\u0442\u044f<\/td>\n<td style=\"width: 29.4828%; height: 23px;\">Stiopa Sulkevi\u010d <br \/>gim\u0119s 1896 vasario <br \/>12 d., mir\u0117 1901 <br \/>bir\u017eelio 24 d. <br \/>Ramyb\u0117 tavo sielai, <br \/>brangus s\u016bneli.<\/td>\n<td style=\"width: 25%; height: 23px;\">Pilko granito, \u0161lifuotu <br \/>pavir\u0161iumi 0,51&#215;0,39&#215;1,07 <br \/>m paminklas. Vardas ir <br \/>pavard\u0117 i\u0161kalti stambiomis <br \/>ra\u0161ytin\u0117mis raid\u0117mis rus\u0173 <br \/>kalba. Likusi teksto dalis <br \/>\u2013 smulkiomis ra\u0161ytin\u0117mis <br \/>raid\u0117mis. \u012era\u0161as giluminis.<\/td>\n<\/tr>\n<tr style=\"height: 23px;\">\n<td style=\"width: 12.2414%; height: 23px;\">7.<\/td>\n<td style=\"width: 33.2758%; height: 23px;\">Arabi\u0161kas u\u017era\u0161as<\/td>\n<td style=\"width: 29.4828%; height: 23px;\">\u00a0<\/td>\n<td style=\"width: 25%; height: 23px;\">Tekstas arab\u0173 kalba, <br \/>i\u0161graviruotas trikamp\u0117je <br \/>plok\u0161t\u0117je.<\/td>\n<\/tr>\n<\/tbody>\n<\/table>\n<p>\u00a0<\/p>\n","protected":false},"excerpt":{"rendered":"<p>Eil. Nr. \u012era\u0161as paminkle \u012era\u0161o vertimas \u012f lietuvi\u0173 kalb\u0105 Paminklo apra\u0161ymas 1. El\u017cbieta z Kutowicz\u00f3w murzina Baranowska 1810 roku v mes iunii d. 20 El\u017ebieta, mergautin\u0117 pavard\u0117 Kutovi\u010d murzina (murzos, totori\u0173 bajoro \u017emona) Baranovska. 1810 metai bir\u017eelio 20 diena Sunkiai \u012fskaitomi \u017eod\u017eiai netaisyklingomis raid\u0117mis, i\u0161kalti akmenyje lenk\u0173 kalba 2. Zuzana z Kryczi\u0144skich U\u0142anowa Umar\u0142a dnia [&hellip;]<\/p>\n","protected":false},"author":1,"featured_media":0,"parent":3933,"menu_order":0,"comment_status":"closed","ping_status":"closed","template":"page-text.php","meta":[],"_links":{"self":[{"href":"https:\/\/ltim.lt\/en\/wp-json\/wp\/v2\/pages\/3949"}],"collection":[{"href":"https:\/\/ltim.lt\/en\/wp-json\/wp\/v2\/pages"}],"about":[{"href":"https:\/\/ltim.lt\/en\/wp-json\/wp\/v2\/types\/page"}],"author":[{"embeddable":true,"href":"https:\/\/ltim.lt\/en\/wp-json\/wp\/v2\/users\/1"}],"replies":[{"embeddable":true,"href":"https:\/\/ltim.lt\/en\/wp-json\/wp\/v2\/comments?post=3949"}],"version-history":[{"count":1,"href":"https:\/\/ltim.lt\/en\/wp-json\/wp\/v2\/pages\/3949\/revisions"}],"predecessor-version":[{"id":3950,"href":"https:\/\/ltim.lt\/en\/wp-json\/wp\/v2\/pages\/3949\/revisions\/3950"}],"up":[{"embeddable":true,"href":"https:\/\/ltim.lt\/en\/wp-json\/wp\/v2\/pages\/3933"}],"wp:attachment":[{"href":"https:\/\/ltim.lt\/en\/wp-json\/wp\/v2\/media?parent=3949"}],"curies":[{"name":"wp","href":"https:\/\/api.w.org\/{rel}","templated":true}]}}