{"id":3947,"date":"2022-11-25T11:21:40","date_gmt":"2022-11-25T13:21:40","guid":{"rendered":"http:\/\/ltim.lt\/?page_id=3947"},"modified":"2022-11-25T11:21:41","modified_gmt":"2022-11-25T13:21:41","slug":"nuotrauka-kauno-apskrities-totoriu-bendruomenes-nariu-memorialinio-zenklo-atidengimo-metu","status":"publish","type":"page","link":"https:\/\/ltim.lt\/en\/galerija\/vietoves\/vinksnupiai\/nuotrauka-kauno-apskrities-totoriu-bendruomenes-nariu-memorialinio-zenklo-atidengimo-metu\/","title":{"rendered":"Nuotrauka Kauno apskrities totori\u0173 bendruomen\u0117s nari\u0173 memorialinio \u017eenklo atidengimo metu"},"content":{"rendered":"\n<p><img loading=\"lazy\" class=\"aligncenter size-medium\" src=\"https:\/\/pirmynpopasauli.files.wordpress.com\/2022\/11\/image-84.png\" width=\"464\" height=\"348\" \/><\/p>\n<p style=\"text-align: center;\">Kauno apskrities totori\u0173 bendruomen\u0117s nariai atidengiant memorialin\u012f \u017eenkl\u0105 Vink\u0161nupi\u0173 totori\u0173 kapin\u0117se, 2009 m. Nuotraukos autorius Eugenijus Strioga.<\/p>\n","protected":false},"excerpt":{"rendered":"<p>Kauno apskrities totori\u0173 bendruomen\u0117s nariai atidengiant memorialin\u012f \u017eenkl\u0105 Vink\u0161nupi\u0173 totori\u0173 kapin\u0117se, 2009 m. Nuotraukos autorius Eugenijus Strioga.<\/p>\n","protected":false},"author":1,"featured_media":0,"parent":3933,"menu_order":0,"comment_status":"closed","ping_status":"closed","template":"page-text.php","meta":[],"_links":{"self":[{"href":"https:\/\/ltim.lt\/en\/wp-json\/wp\/v2\/pages\/3947"}],"collection":[{"href":"https:\/\/ltim.lt\/en\/wp-json\/wp\/v2\/pages"}],"about":[{"href":"https:\/\/ltim.lt\/en\/wp-json\/wp\/v2\/types\/page"}],"author":[{"embeddable":true,"href":"https:\/\/ltim.lt\/en\/wp-json\/wp\/v2\/users\/1"}],"replies":[{"embeddable":true,"href":"https:\/\/ltim.lt\/en\/wp-json\/wp\/v2\/comments?post=3947"}],"version-history":[{"count":1,"href":"https:\/\/ltim.lt\/en\/wp-json\/wp\/v2\/pages\/3947\/revisions"}],"predecessor-version":[{"id":3948,"href":"https:\/\/ltim.lt\/en\/wp-json\/wp\/v2\/pages\/3947\/revisions\/3948"}],"up":[{"embeddable":true,"href":"https:\/\/ltim.lt\/en\/wp-json\/wp\/v2\/pages\/3933"}],"wp:attachment":[{"href":"https:\/\/ltim.lt\/en\/wp-json\/wp\/v2\/media?parent=3947"}],"curies":[{"name":"wp","href":"https:\/\/api.w.org\/{rel}","templated":true}]}}