{"id":3945,"date":"2022-11-25T11:19:21","date_gmt":"2022-11-25T13:19:21","guid":{"rendered":"http:\/\/ltim.lt\/?page_id=3945"},"modified":"2022-11-25T11:19:22","modified_gmt":"2022-11-25T13:19:22","slug":"nuotrauka-is-vinksnupiu-totoriu-kapiniu-paminklinio-zenklo-pastatymo","status":"publish","type":"page","link":"https:\/\/ltim.lt\/en\/galerija\/vietoves\/vinksnupiai\/nuotrauka-is-vinksnupiu-totoriu-kapiniu-paminklinio-zenklo-pastatymo\/","title":{"rendered":"Nuotrauka i\u0161 Vink\u0161nupi\u0173 totori\u0173 kapini\u0173 paminklinio \u017eenklo pastatymo"},"content":{"rendered":"\n<p><img loading=\"lazy\" class=\"aligncenter size-medium\" src=\"https:\/\/pirmynpopasauli.files.wordpress.com\/2022\/11\/image-85.png\" width=\"462\" height=\"344\" \/><\/p>\n<p style=\"text-align: center;\">Vink\u0161nupi\u0173 totori\u0173 kapini\u0173 paminklinio \u017eenklo pastatymo metu<\/p>\n","protected":false},"excerpt":{"rendered":"<p>Vink\u0161nupi\u0173 totori\u0173 kapini\u0173 paminklinio \u017eenklo pastatymo metu<\/p>\n","protected":false},"author":1,"featured_media":0,"parent":3933,"menu_order":0,"comment_status":"closed","ping_status":"closed","template":"page-text.php","meta":[],"_links":{"self":[{"href":"https:\/\/ltim.lt\/en\/wp-json\/wp\/v2\/pages\/3945"}],"collection":[{"href":"https:\/\/ltim.lt\/en\/wp-json\/wp\/v2\/pages"}],"about":[{"href":"https:\/\/ltim.lt\/en\/wp-json\/wp\/v2\/types\/page"}],"author":[{"embeddable":true,"href":"https:\/\/ltim.lt\/en\/wp-json\/wp\/v2\/users\/1"}],"replies":[{"embeddable":true,"href":"https:\/\/ltim.lt\/en\/wp-json\/wp\/v2\/comments?post=3945"}],"version-history":[{"count":1,"href":"https:\/\/ltim.lt\/en\/wp-json\/wp\/v2\/pages\/3945\/revisions"}],"predecessor-version":[{"id":3946,"href":"https:\/\/ltim.lt\/en\/wp-json\/wp\/v2\/pages\/3945\/revisions\/3946"}],"up":[{"embeddable":true,"href":"https:\/\/ltim.lt\/en\/wp-json\/wp\/v2\/pages\/3933"}],"wp:attachment":[{"href":"https:\/\/ltim.lt\/en\/wp-json\/wp\/v2\/media?parent=3945"}],"curies":[{"name":"wp","href":"https:\/\/api.w.org\/{rel}","templated":true}]}}