{"id":3939,"date":"2022-11-25T11:14:26","date_gmt":"2022-11-25T13:14:26","guid":{"rendered":"http:\/\/ltim.lt\/?page_id=3939"},"modified":"2022-11-25T11:16:10","modified_gmt":"2022-11-25T13:16:10","slug":"vinksnupiu-mecetes-dvasininku-sarasas","status":"publish","type":"page","link":"https:\/\/ltim.lt\/en\/galerija\/vietoves\/vinksnupiai\/vinksnupiu-mecetes-dvasininku-sarasas\/","title":{"rendered":"Vink\u0161nupi\u0173 me\u010det\u0117s dvasinink\u0173 s\u0105ra\u0161as"},"content":{"rendered":"\t\t<div data-elementor-type=\"wp-page\" data-elementor-id=\"3939\" class=\"elementor elementor-3939\" data-elementor-settings=\"[]\">\n\t\t\t\t\t\t<div class=\"elementor-inner\">\n\t\t\t\t\t\t\t<div class=\"elementor-section-wrap\">\n\t\t\t\t\t\t\t<section class=\"elementor-section elementor-top-section elementor-element elementor-element-c8f4ff8 elementor-section-boxed elementor-section-height-default elementor-section-height-default\" data-id=\"c8f4ff8\" data-element_type=\"section\">\n\t\t\t\t\t\t<div class=\"elementor-container elementor-column-gap-default\">\n\t\t\t\t\t\t\t<div class=\"elementor-row\">\n\t\t\t\t\t<div class=\"elementor-column elementor-col-100 elementor-top-column elementor-element elementor-element-8d8736e\" data-id=\"8d8736e\" data-element_type=\"column\">\n\t\t\t<div class=\"elementor-column-wrap elementor-element-populated\">\n\t\t\t\t\t\t\t<div class=\"elementor-widget-wrap\">\n\t\t\t\t\t\t<div class=\"elementor-element elementor-element-1b36dab elementor-view-default elementor-widget elementor-widget-icon\" data-id=\"1b36dab\" data-element_type=\"widget\" data-widget_type=\"icon.default\">\n\t\t\t\t<div class=\"elementor-widget-container\">\n\t\t\t\t\t<div class=\"elementor-icon-wrapper\">\n\t\t\t<div class=\"elementor-icon\">\n\t\t\t<i aria-hidden=\"true\" class=\"fas fa-star-and-crescent\"><\/i>\t\t\t<\/div>\n\t\t<\/div>\n\t\t\t\t<\/div>\n\t\t\t\t<\/div>\n\t\t\t\t\t\t<\/div>\n\t\t\t\t\t<\/div>\n\t\t<\/div>\n\t\t\t\t\t\t\t\t<\/div>\n\t\t\t\t\t<\/div>\n\t\t<\/section>\n\t\t\t\t<section class=\"elementor-section elementor-top-section elementor-element elementor-element-2308d938 elementor-section-boxed elementor-section-height-default elementor-section-height-default\" data-id=\"2308d938\" data-element_type=\"section\">\n\t\t\t\t\t\t<div class=\"elementor-container elementor-column-gap-default\">\n\t\t\t\t\t\t\t<div class=\"elementor-row\">\n\t\t\t\t\t<div class=\"elementor-column elementor-col-100 elementor-top-column elementor-element elementor-element-573a5c3e\" data-id=\"573a5c3e\" data-element_type=\"column\">\n\t\t\t<div class=\"elementor-column-wrap elementor-element-populated\">\n\t\t\t\t\t\t\t<div class=\"elementor-widget-wrap\">\n\t\t\t\t\t\t<div class=\"elementor-element elementor-element-12bee163 elementor-widget elementor-widget-text-editor\" data-id=\"12bee163\" data-element_type=\"widget\" data-widget_type=\"text-editor.default\">\n\t\t\t\t<div class=\"elementor-widget-container\">\n\t\t\t\t\t<div class=\"elementor-text-editor elementor-clearfix\"><!-- wp:tadv\/classic-paragraph -->\n<p style=\"text-align: center;\">Lebedzis Juzefas (1789)-1801,<br \/>Bazarevskis Mustafa (1819)-1830,<br \/>Janu\u0161evskis Abraomas 1830-1845,<br \/>Baranovskis Abraomas (1847),<br \/>Bogdonavi\u010dius Abraomas (1859)-1871,<br \/>Chasonovi\u010dius Aleksandras 1871-1883,<br \/>Baira\u0161evskis Abraomas 1883-1893,<br \/>Bogdonavi\u010dius Mustafa 1893-1897,<br \/>Chaleckis Leonas 1897-1915,<br \/>Chaleckas Jonas 1922-1944.<\/p>\n<!-- \/wp:tadv\/classic-paragraph --><\/div>\n\t\t\t\t<\/div>\n\t\t\t\t<\/div>\n\t\t\t\t\t\t<\/div>\n\t\t\t\t\t<\/div>\n\t\t<\/div>\n\t\t\t\t\t\t\t\t<\/div>\n\t\t\t\t\t<\/div>\n\t\t<\/section>\n\t\t\t\t\t\t<\/div>\n\t\t\t\t\t\t<\/div>\n\t\t\t\t\t<\/div>\n\t\t","protected":false},"excerpt":{"rendered":"<p>Lebedzis Juzefas (1789)-1801,Bazarevskis Mustafa (1819)-1830,Janu\u0161evskis Abraomas 1830-1845,Baranovskis Abraomas (1847),Bogdonavi\u010dius Abraomas (1859)-1871,Chasonovi\u010dius Aleksandras 1871-1883,Baira\u0161evskis Abraomas 1883-1893,Bogdonavi\u010dius Mustafa 1893-1897,Chaleckis Leonas 1897-1915,Chaleckas Jonas 1922-1944.<\/p>\n","protected":false},"author":1,"featured_media":0,"parent":3933,"menu_order":0,"comment_status":"closed","ping_status":"closed","template":"page-text.php","meta":[],"_links":{"self":[{"href":"https:\/\/ltim.lt\/en\/wp-json\/wp\/v2\/pages\/3939"}],"collection":[{"href":"https:\/\/ltim.lt\/en\/wp-json\/wp\/v2\/pages"}],"about":[{"href":"https:\/\/ltim.lt\/en\/wp-json\/wp\/v2\/types\/page"}],"author":[{"embeddable":true,"href":"https:\/\/ltim.lt\/en\/wp-json\/wp\/v2\/users\/1"}],"replies":[{"embeddable":true,"href":"https:\/\/ltim.lt\/en\/wp-json\/wp\/v2\/comments?post=3939"}],"version-history":[{"count":5,"href":"https:\/\/ltim.lt\/en\/wp-json\/wp\/v2\/pages\/3939\/revisions"}],"predecessor-version":[{"id":3944,"href":"https:\/\/ltim.lt\/en\/wp-json\/wp\/v2\/pages\/3939\/revisions\/3944"}],"up":[{"embeddable":true,"href":"https:\/\/ltim.lt\/en\/wp-json\/wp\/v2\/pages\/3933"}],"wp:attachment":[{"href":"https:\/\/ltim.lt\/en\/wp-json\/wp\/v2\/media?parent=3939"}],"curies":[{"name":"wp","href":"https:\/\/api.w.org\/{rel}","templated":true}]}}