{"id":3937,"date":"2022-11-25T11:13:00","date_gmt":"2022-11-25T13:13:00","guid":{"rendered":"http:\/\/ltim.lt\/?page_id=3937"},"modified":"2022-11-25T11:13:01","modified_gmt":"2022-11-25T13:13:01","slug":"nuotrauka-is-kauno-totoriu-ekskursijos-prie-vinksnupiu-mecetes","status":"publish","type":"page","link":"https:\/\/ltim.lt\/en\/galerija\/vietoves\/vinksnupiai\/nuotrauka-is-kauno-totoriu-ekskursijos-prie-vinksnupiu-mecetes\/","title":{"rendered":"Nuotrauka i\u0161 Kauno totori\u0173 ekskursijos prie Vink\u0161nupi\u0173 me\u010det\u0117s"},"content":{"rendered":"\n<p><img loading=\"lazy\" class=\"aligncenter size-medium\" src=\"https:\/\/pirmynpopasauli.files.wordpress.com\/2022\/11\/image-83.png\" width=\"467\" height=\"331\" \/><\/p>\n<p style=\"text-align: center;\">Kauno totori\u0173 ekskursija prie Vink\u0161nupi\u0173 me\u010det\u0117s 1936 m.<\/p>\n","protected":false},"excerpt":{"rendered":"<p>Kauno totori\u0173 ekskursija prie Vink\u0161nupi\u0173 me\u010det\u0117s 1936 m.<\/p>\n","protected":false},"author":1,"featured_media":0,"parent":3933,"menu_order":0,"comment_status":"closed","ping_status":"closed","template":"page-text.php","meta":[],"_links":{"self":[{"href":"https:\/\/ltim.lt\/en\/wp-json\/wp\/v2\/pages\/3937"}],"collection":[{"href":"https:\/\/ltim.lt\/en\/wp-json\/wp\/v2\/pages"}],"about":[{"href":"https:\/\/ltim.lt\/en\/wp-json\/wp\/v2\/types\/page"}],"author":[{"embeddable":true,"href":"https:\/\/ltim.lt\/en\/wp-json\/wp\/v2\/users\/1"}],"replies":[{"embeddable":true,"href":"https:\/\/ltim.lt\/en\/wp-json\/wp\/v2\/comments?post=3937"}],"version-history":[{"count":1,"href":"https:\/\/ltim.lt\/en\/wp-json\/wp\/v2\/pages\/3937\/revisions"}],"predecessor-version":[{"id":3938,"href":"https:\/\/ltim.lt\/en\/wp-json\/wp\/v2\/pages\/3937\/revisions\/3938"}],"up":[{"embeddable":true,"href":"https:\/\/ltim.lt\/en\/wp-json\/wp\/v2\/pages\/3933"}],"wp:attachment":[{"href":"https:\/\/ltim.lt\/en\/wp-json\/wp\/v2\/media?parent=3937"}],"curies":[{"name":"wp","href":"https:\/\/api.w.org\/{rel}","templated":true}]}}