{"id":3935,"date":"2022-11-25T11:10:15","date_gmt":"2022-11-25T13:10:15","guid":{"rendered":"http:\/\/ltim.lt\/?page_id=3935"},"modified":"2022-11-25T11:10:16","modified_gmt":"2022-11-25T13:10:16","slug":"nuotrauka-vinksnupiu-mecetes-po-i-pasaulinio-karo","status":"publish","type":"page","link":"https:\/\/ltim.lt\/en\/galerija\/vietoves\/vinksnupiai\/nuotrauka-vinksnupiu-mecetes-po-i-pasaulinio-karo\/","title":{"rendered":"Nuotrauka Vink\u0161nupi\u0173 me\u010det\u0117s po I Pasaulinio karo"},"content":{"rendered":"\n<p><img loading=\"lazy\" class=\"aligncenter size-medium\" src=\"https:\/\/pirmynpopasauli.files.wordpress.com\/2022\/11\/image-82.png\" width=\"290\" height=\"397\" \/><\/p>\n<p style=\"text-align: center;\">Apleista Vink\u0161nupi\u0173 me\u010det\u0117 po I Pasaulinio karo<\/p>\n","protected":false},"excerpt":{"rendered":"<p>Apleista Vink\u0161nupi\u0173 me\u010det\u0117 po I Pasaulinio karo<\/p>\n","protected":false},"author":1,"featured_media":0,"parent":3933,"menu_order":0,"comment_status":"closed","ping_status":"closed","template":"page-text.php","meta":[],"_links":{"self":[{"href":"https:\/\/ltim.lt\/en\/wp-json\/wp\/v2\/pages\/3935"}],"collection":[{"href":"https:\/\/ltim.lt\/en\/wp-json\/wp\/v2\/pages"}],"about":[{"href":"https:\/\/ltim.lt\/en\/wp-json\/wp\/v2\/types\/page"}],"author":[{"embeddable":true,"href":"https:\/\/ltim.lt\/en\/wp-json\/wp\/v2\/users\/1"}],"replies":[{"embeddable":true,"href":"https:\/\/ltim.lt\/en\/wp-json\/wp\/v2\/comments?post=3935"}],"version-history":[{"count":1,"href":"https:\/\/ltim.lt\/en\/wp-json\/wp\/v2\/pages\/3935\/revisions"}],"predecessor-version":[{"id":3936,"href":"https:\/\/ltim.lt\/en\/wp-json\/wp\/v2\/pages\/3935\/revisions\/3936"}],"up":[{"embeddable":true,"href":"https:\/\/ltim.lt\/en\/wp-json\/wp\/v2\/pages\/3933"}],"wp:attachment":[{"href":"https:\/\/ltim.lt\/en\/wp-json\/wp\/v2\/media?parent=3935"}],"curies":[{"name":"wp","href":"https:\/\/api.w.org\/{rel}","templated":true}]}}