{"id":3925,"date":"2022-11-23T21:22:52","date_gmt":"2022-11-23T23:22:52","guid":{"rendered":"http:\/\/ltim.lt\/?page_id=3925"},"modified":"2022-11-23T21:22:53","modified_gmt":"2022-11-23T23:22:53","slug":"rumunijos-delegacijos-viesnage-lietuvoje","status":"publish","type":"page","link":"https:\/\/ltim.lt\/en\/galerija\/vyke-renginiai\/rumunijos-delegacijos-viesnage-lietuvoje\/","title":{"rendered":"Rumunijos delegacijos vie\u0161nag\u0117 Lietuvoje"},"content":{"rendered":"\n<p>2021 m. rugs\u0117jo m\u0117nes\u012f Lietuvoje lank\u0117si delegacija i\u0161 Rumunijos, kuri\u0105 sudar\u0117 Tarpetnini\u0173 santyki\u0173 departamento valstyb\u0117s sekretor\u0117 Eniko-Kartalin Lacziko, Tarpetnini\u0173 santyki\u0173 departamento sekretor\u0117s pavaduotojas Aldin Armet, teisin\u0117s tarnybos vadov\u0117 Adriana Petrara ir kabineto direktorius Annamaria Peter.\u00a0Delegacij\u0105 lyd\u0117jo Rumunijos ambasadorius Cosminu Georgu Dinescu.<\/p>\n<p>Delegacijos narys Aldin Armet yra Rumunijos totorius. Jis vienas bendruomen\u0117s lyderi\u0173.<\/p>\n<p>Kauno \u012fvairi\u0173 taut\u0173 centre vyko susitikimas su delegacija. Kauno apskrities totori\u0173 bendruomen\u0117s nariai doc. Jonas Ridzvanavi\u010dius ir K\u0119stutis Z. \u0160afranavi\u010dius pristat\u0117me vietos bendruomen\u0119. Trumpai papasakojome apie veiklas, supa\u017eindinome su paroda \u201eTotoriai \u2013 Lietuvos kariai\u201c, eksponuojama Vytauto Did\u017eiojo karo muziejuje. Sve\u010diai aplank\u0117 kuriam\u0105 Kauno apskrities totori\u0173 bendruomen\u0117s muziejaus ekspozicij\u0105 ir susipa\u017eino su istoriniu Kauno totori\u0173 priemies\u010diu.<\/p>\n<p>Kit\u0105 dien\u0105 sve\u010diai aplank\u0117 Trakus ir Keturiasde\u0161imt Totori\u0173 kaimo bendruomen\u0119, me\u010det\u0119.<\/p>\n<p>Susitikim\u0105 organizavo Tautini\u0173 ma\u017eum\u0173 departamentas prie Lietuvos Respublikos Vyriausyb\u0117s. Renginio metu pasisak\u0117 departamento direktor\u0117 dr. Vida Montvydait\u0117, prof. Adas Jakubauskas.<\/p>\n<p>Rumunijos delegacijos vadov\u0117 Eniko-Katalin Lacziko, ambasadorius Cosminu Georgu Dinescu pasak\u0117 sveikinimo kalbas.<\/p>\n<p>Susitikimo metu pasisak\u0117 A. Armet, papasakojo apie Rumunijos totori\u0173 bendruomen\u0119.<\/p>\n<p>Rumunijoje totori\u0173 bendruomen\u0117 gyvena daugiausiai Dobru\u017eos vietov\u0117je. 2010 m. gyventoj\u0173 sura\u0161ymo metu 24 t\u016bkstan\u010diai Rumunijos gyventoj\u0173 deklaravo, kad yra totori\u0173 tautyb\u0117s. Jie i\u0161saugojo totori\u0173 kalb\u0105. Bendruomen\u0117s lyderiai pasiek\u0117, kad buvo priimti \u012fstatymai, palank\u016bs totori\u0173 bendruomenei.\u00a0Vyriausyb\u0117 periodi\u0161kai skiria bendruomen\u0117s reikm\u0117ms didel\u0119 pinig\u0173 sum\u0105.\u00a0Rumunijoje yra totori\u0173 institutas, mokyklos, muziejus ir t. t. Ta\u010diau \u0161i\u0173 dien\u0173 problema \u2014 emigracija. Per pastar\u0105j\u012f laikotarp\u012f totori\u0173 bendruomen\u0117 neteko apie 3 t\u016bkstan\u010di\u0173 tautie\u010di\u0173. Prarandama ir tradicin\u0117 islamo religija.\u00a0Mes tur\u0117jome unikali\u0105 galimyb\u0119 i\u0161girsti \u017eod\u017eius, tariamus totori\u0173 kalba. Reikia atkreipti d\u0117mes\u012f, kad m\u016bs\u0173 prot\u0117viai prie\u0161 300 met\u0173 kalb\u0117jo \u0161ios kalbos dialektu.<\/p>\n<p>Renginio metu etnografinio ansamblio \u201eEfsane\u201c atlik\u0117jai Elvina ir Selim \u010ciurlu atliko dvi Krymo totori\u0173 dainas. Sve\u010diai tur\u0117jo galimyb\u0119 paragauti Lietuvos totori\u0173 patiekal\u0173, kuriuos paruo\u0161\u0117 Keturiasde\u0161imt Totori\u0173 kaimo kulinarinio paveldo \u017einov\u0117s Fatima Buinovska ir Zita Mikalmanovi\u010d.<\/p>\n<p><img loading=\"lazy\" class=\"aligncenter size-medium\" src=\"https:\/\/pirmynpopasauli.files.wordpress.com\/2022\/11\/image-79.png\" width=\"400\" height=\"221\" \/><\/p>\n","protected":false},"excerpt":{"rendered":"<p>2021 m. rugs\u0117jo m\u0117nes\u012f Lietuvoje lank\u0117si delegacija i\u0161 Rumunijos, kuri\u0105 sudar\u0117 Tarpetnini\u0173 santyki\u0173 departamento valstyb\u0117s sekretor\u0117 Eniko-Kartalin Lacziko, Tarpetnini\u0173 santyki\u0173 departamento sekretor\u0117s pavaduotojas Aldin Armet, teisin\u0117s tarnybos vadov\u0117 Adriana Petrara ir kabineto direktorius Annamaria Peter.\u00a0Delegacij\u0105 lyd\u0117jo Rumunijos ambasadorius Cosminu Georgu Dinescu. Delegacijos narys Aldin Armet yra Rumunijos totorius. Jis vienas bendruomen\u0117s lyderi\u0173. Kauno \u012fvairi\u0173 taut\u0173 [&hellip;]<\/p>\n","protected":false},"author":1,"featured_media":0,"parent":2935,"menu_order":0,"comment_status":"closed","ping_status":"closed","template":"page-text.php","meta":[],"_links":{"self":[{"href":"https:\/\/ltim.lt\/en\/wp-json\/wp\/v2\/pages\/3925"}],"collection":[{"href":"https:\/\/ltim.lt\/en\/wp-json\/wp\/v2\/pages"}],"about":[{"href":"https:\/\/ltim.lt\/en\/wp-json\/wp\/v2\/types\/page"}],"author":[{"embeddable":true,"href":"https:\/\/ltim.lt\/en\/wp-json\/wp\/v2\/users\/1"}],"replies":[{"embeddable":true,"href":"https:\/\/ltim.lt\/en\/wp-json\/wp\/v2\/comments?post=3925"}],"version-history":[{"count":1,"href":"https:\/\/ltim.lt\/en\/wp-json\/wp\/v2\/pages\/3925\/revisions"}],"predecessor-version":[{"id":3926,"href":"https:\/\/ltim.lt\/en\/wp-json\/wp\/v2\/pages\/3925\/revisions\/3926"}],"up":[{"embeddable":true,"href":"https:\/\/ltim.lt\/en\/wp-json\/wp\/v2\/pages\/2935"}],"wp:attachment":[{"href":"https:\/\/ltim.lt\/en\/wp-json\/wp\/v2\/media?parent=3925"}],"curies":[{"name":"wp","href":"https:\/\/api.w.org\/{rel}","templated":true}]}}