{"id":3918,"date":"2022-11-23T21:02:25","date_gmt":"2022-11-23T23:02:25","guid":{"rendered":"http:\/\/ltim.lt\/?page_id=3918"},"modified":"2022-11-23T21:02:26","modified_gmt":"2022-11-23T23:02:26","slug":"tarptautine-moksline-konferencija-lietuvos-totoriai-azerbaidziane","status":"publish","type":"page","link":"https:\/\/ltim.lt\/en\/galerija\/vyke-renginiai\/tarptautine-moksline-konferencija-lietuvos-totoriai-azerbaidziane\/","title":{"rendered":"Tarptautin\u0117 mokslin\u0117 konferencija \u201eLietuvos totoriai\u201c Azerbaid\u017eiane"},"content":{"rendered":"\n<p>2021 m. lapkri\u010dio 4-\u0105j\u0105 Azerbaid\u017eano diplomatijos akademijoje (ADA) \u012fvyko Tarptautin\u0117 mokslin\u0117 konferencija \u201eLietuvos totoriai\u201c.<\/p>\n<p>Po min\u0117tosios akademijos Vie\u0161\u0173j\u0173 ir tarptautini\u0173 reikal\u0173 mokyklos dekano dr. Anaro Valijevo, Lietuvos ambasadoriaus Azerbaid\u017eane Egidijaus Naviko ir Tarptautinio tiurk\u0173 kult\u016bros ir paveldo fondo prezident\u0117s Gunay Afandiyevos oficiali\u0173 konferencijos atidarymo kalb\u0173 sek\u0117 azerbaid\u017eanie\u010di\u0173 istoriko Fuado Akhundovo prane\u0161imas apie Lietuvos totori\u0173 istorij\u0105, taip pat apie totori\u0173 moter\u0173 veikl\u0105 Baku XX am\u017eiaus prad\u017eioje. Renginyje dalyvavo Lietuvos totori\u0173 bendruomeni\u0173 s\u0105jungos pirmininkas prof. Adas Jakubauskas, kuris kalb\u0117jo apie Lietuvos totori\u0173 istorij\u0105, besit\u0119sian\u010di\u0105 jau \u0161e\u0161is \u0161imtme\u010dius.<\/p>\n<p>Buv\u0119s Azerbaid\u017eano u\u017esienio reikal\u0173 ministras, ambasadorius Vilajatas Gulijevas savo prane\u0161ime gilinosi apie Lietuvos totori\u0173 veikl\u0105 Azerbaid\u017eane 1918-1920 metais, ir apie Lietuvos totoriaus generolo leitenanto Motiejaus Sulkievi\u010diaus, Azerbaid\u017eano ginkluot\u0173j\u0173 paj\u0117g\u0173 Generalinio \u0161tabo vir\u0161ininko, veikl\u0105.<\/p>\n<p>\u0160i tema taip pat buvo prat\u0119sta Azerbaid\u017eano teisingumo ministerijos Istorijos muziejaus ved\u0117jo Raufo Rzajevo prane\u0161ime. Prelegentas kalb\u0117jo apie Olgierd\u0105 Kri\u010dinsk\u012f, teisinink\u0105, buvus\u012f Azerbaid\u017eano Demokratin\u0117s Respublikos teisingumo viceministr\u0105.<\/p>\n<p>Rengin\u012f pa\u012fvairino fotografij\u0173 paroda i\u0161 Motiejaus Jakubausko, Zitos Milkamanovi\u010d ir Eldaro \u0160abanovi\u010diaus rinkini\u0173.<\/p>\n<p>D\u0117kojame Lietuvos ambasadoriui Azerbaid\u017eane Egidijui Navikui ir kitiems Lietuvos diplomatams u\u017e renginio organizavim\u0105.<\/p>\n<p><img loading=\"lazy\" class=\"aligncenter size-medium\" src=\"https:\/\/pirmynpopasauli.files.wordpress.com\/2022\/11\/image-77.png\" width=\"371\" height=\"210\" \/><\/p>\n<hr \/>\n<p><em>\u0160altinis: laikra\u0161tis \u201eLietuvos totoriai\u201c 168 numeris<\/em><\/p>\n","protected":false},"excerpt":{"rendered":"<p>2021 m. lapkri\u010dio 4-\u0105j\u0105 Azerbaid\u017eano diplomatijos akademijoje (ADA) \u012fvyko Tarptautin\u0117 mokslin\u0117 konferencija \u201eLietuvos totoriai\u201c. Po min\u0117tosios akademijos Vie\u0161\u0173j\u0173 ir tarptautini\u0173 reikal\u0173 mokyklos dekano dr. Anaro Valijevo, Lietuvos ambasadoriaus Azerbaid\u017eane Egidijaus Naviko ir Tarptautinio tiurk\u0173 kult\u016bros ir paveldo fondo prezident\u0117s Gunay Afandiyevos oficiali\u0173 konferencijos atidarymo kalb\u0173 sek\u0117 azerbaid\u017eanie\u010di\u0173 istoriko Fuado Akhundovo prane\u0161imas apie Lietuvos totori\u0173 istorij\u0105, [&hellip;]<\/p>\n","protected":false},"author":1,"featured_media":0,"parent":2935,"menu_order":0,"comment_status":"closed","ping_status":"closed","template":"page-text.php","meta":[],"_links":{"self":[{"href":"https:\/\/ltim.lt\/en\/wp-json\/wp\/v2\/pages\/3918"}],"collection":[{"href":"https:\/\/ltim.lt\/en\/wp-json\/wp\/v2\/pages"}],"about":[{"href":"https:\/\/ltim.lt\/en\/wp-json\/wp\/v2\/types\/page"}],"author":[{"embeddable":true,"href":"https:\/\/ltim.lt\/en\/wp-json\/wp\/v2\/users\/1"}],"replies":[{"embeddable":true,"href":"https:\/\/ltim.lt\/en\/wp-json\/wp\/v2\/comments?post=3918"}],"version-history":[{"count":1,"href":"https:\/\/ltim.lt\/en\/wp-json\/wp\/v2\/pages\/3918\/revisions"}],"predecessor-version":[{"id":3919,"href":"https:\/\/ltim.lt\/en\/wp-json\/wp\/v2\/pages\/3918\/revisions\/3919"}],"up":[{"embeddable":true,"href":"https:\/\/ltim.lt\/en\/wp-json\/wp\/v2\/pages\/2935"}],"wp:attachment":[{"href":"https:\/\/ltim.lt\/en\/wp-json\/wp\/v2\/media?parent=3918"}],"curies":[{"name":"wp","href":"https:\/\/api.w.org\/{rel}","templated":true}]}}