{"id":3916,"date":"2022-11-23T20:01:37","date_gmt":"2022-11-23T22:01:37","guid":{"rendered":"http:\/\/ltim.lt\/?page_id=3916"},"modified":"2022-11-23T20:01:38","modified_gmt":"2022-11-23T22:01:38","slug":"augustavo-vaivadijos-1-ojo-ir-2-ojo-ulonu-pulko-kariai","status":"publish","type":"page","link":"https:\/\/ltim.lt\/en\/galerija\/karyba\/regimentai\/augustavo-vaivadijos-1-ojo-ir-2-ojo-ulonu-pulko-kariai\/","title":{"rendered":"Augustavo vaivadijos 1-ojo ir 2-ojo ulon\u0173 pulko kariai"},"content":{"rendered":"\n<p><img loading=\"lazy\" class=\"aligncenter size-medium\" src=\"https:\/\/pirmynpopasauli.files.wordpress.com\/2022\/11\/image-75.png\" width=\"518\" height=\"742\" \/><\/p>\n<p style=\"text-align: center;\">Augustavo vaivadijos 1-ojo ir 2-ojo ulon\u0173 pulko kariai (abiejuose buvo daug lietuvi\u0173 sukil\u0117li\u0173, taip pat ir totori\u0173)<\/p>\n<p>\u00a0<\/p>\n","protected":false},"excerpt":{"rendered":"<p>Augustavo vaivadijos 1-ojo ir 2-ojo ulon\u0173 pulko kariai (abiejuose buvo daug lietuvi\u0173 sukil\u0117li\u0173, taip pat ir totori\u0173) \u00a0<\/p>\n","protected":false},"author":1,"featured_media":0,"parent":158,"menu_order":0,"comment_status":"closed","ping_status":"closed","template":"page-text.php","meta":[],"_links":{"self":[{"href":"https:\/\/ltim.lt\/en\/wp-json\/wp\/v2\/pages\/3916"}],"collection":[{"href":"https:\/\/ltim.lt\/en\/wp-json\/wp\/v2\/pages"}],"about":[{"href":"https:\/\/ltim.lt\/en\/wp-json\/wp\/v2\/types\/page"}],"author":[{"embeddable":true,"href":"https:\/\/ltim.lt\/en\/wp-json\/wp\/v2\/users\/1"}],"replies":[{"embeddable":true,"href":"https:\/\/ltim.lt\/en\/wp-json\/wp\/v2\/comments?post=3916"}],"version-history":[{"count":1,"href":"https:\/\/ltim.lt\/en\/wp-json\/wp\/v2\/pages\/3916\/revisions"}],"predecessor-version":[{"id":3917,"href":"https:\/\/ltim.lt\/en\/wp-json\/wp\/v2\/pages\/3916\/revisions\/3917"}],"up":[{"embeddable":true,"href":"https:\/\/ltim.lt\/en\/wp-json\/wp\/v2\/pages\/158"}],"wp:attachment":[{"href":"https:\/\/ltim.lt\/en\/wp-json\/wp\/v2\/media?parent=3916"}],"curies":[{"name":"wp","href":"https:\/\/api.w.org\/{rel}","templated":true}]}}