{"id":3912,"date":"2022-11-23T19:55:53","date_gmt":"2022-11-23T21:55:53","guid":{"rendered":"http:\/\/ltim.lt\/?page_id=3912"},"modified":"2022-11-23T19:55:55","modified_gmt":"2022-11-23T21:55:55","slug":"raiziu-totoriu-grupe-1935-m","status":"publish","type":"page","link":"https:\/\/ltim.lt\/en\/galerija\/vietoves\/alytus\/raiziu-totoriu-grupe-1935-m\/","title":{"rendered":"Rai\u017ei\u0173 totori\u0173 grup\u0117 1935 m."},"content":{"rendered":"\n<p><img loading=\"lazy\" class=\"aligncenter size-medium\" src=\"https:\/\/pirmynpopasauli.files.wordpress.com\/2022\/11\/image-74.png\" width=\"446\" height=\"248\" \/><\/p>\n<p style=\"text-align: center;\">Rai\u017ei\u0173 totori\u0173 grup\u0117 1935 m.<\/p>\n","protected":false},"excerpt":{"rendered":"<p>Rai\u017ei\u0173 totori\u0173 grup\u0117 1935 m.<\/p>\n","protected":false},"author":1,"featured_media":0,"parent":153,"menu_order":0,"comment_status":"closed","ping_status":"closed","template":"page-text.php","meta":[],"_links":{"self":[{"href":"https:\/\/ltim.lt\/en\/wp-json\/wp\/v2\/pages\/3912"}],"collection":[{"href":"https:\/\/ltim.lt\/en\/wp-json\/wp\/v2\/pages"}],"about":[{"href":"https:\/\/ltim.lt\/en\/wp-json\/wp\/v2\/types\/page"}],"author":[{"embeddable":true,"href":"https:\/\/ltim.lt\/en\/wp-json\/wp\/v2\/users\/1"}],"replies":[{"embeddable":true,"href":"https:\/\/ltim.lt\/en\/wp-json\/wp\/v2\/comments?post=3912"}],"version-history":[{"count":1,"href":"https:\/\/ltim.lt\/en\/wp-json\/wp\/v2\/pages\/3912\/revisions"}],"predecessor-version":[{"id":3913,"href":"https:\/\/ltim.lt\/en\/wp-json\/wp\/v2\/pages\/3912\/revisions\/3913"}],"up":[{"embeddable":true,"href":"https:\/\/ltim.lt\/en\/wp-json\/wp\/v2\/pages\/153"}],"wp:attachment":[{"href":"https:\/\/ltim.lt\/en\/wp-json\/wp\/v2\/media?parent=3912"}],"curies":[{"name":"wp","href":"https:\/\/api.w.org\/{rel}","templated":true}]}}