{"id":3910,"date":"2022-11-23T19:50:28","date_gmt":"2022-11-23T21:50:28","guid":{"rendered":"http:\/\/ltim.lt\/?page_id=3910"},"modified":"2022-11-23T19:50:29","modified_gmt":"2022-11-23T21:50:29","slug":"1929-1930-m-tautosakos-burelis-butrimonyse","status":"publish","type":"page","link":"https:\/\/ltim.lt\/en\/galerija\/vietoves\/butrimonys\/1929-1930-m-tautosakos-burelis-butrimonyse\/","title":{"rendered":"1929-1930 m. Tautosakos b\u016brelis Butrimonyse"},"content":{"rendered":"\n<p><img loading=\"lazy\" class=\"aligncenter size-medium\" src=\"https:\/\/pirmynpopasauli.files.wordpress.com\/2022\/11\/image-73.png\" width=\"525\" height=\"348\" \/><\/p>\n<p style=\"text-align: center;\">1929-1930 m. Tautosakos b\u016brelis Butrimonyse su mokytoju \u0160apoka prie\u0161akyje, Jok\u016bbas Dzienajevi\u010dius s\u0117di vidurin\u0117je eil\u0117je prie mokytojo i\u0161 de\u0161in\u0117s<\/p>\n","protected":false},"excerpt":{"rendered":"<p>1929-1930 m. Tautosakos b\u016brelis Butrimonyse su mokytoju \u0160apoka prie\u0161akyje, Jok\u016bbas Dzienajevi\u010dius s\u0117di vidurin\u0117je eil\u0117je prie mokytojo i\u0161 de\u0161in\u0117s<\/p>\n","protected":false},"author":1,"featured_media":0,"parent":3747,"menu_order":0,"comment_status":"closed","ping_status":"closed","template":"page-text.php","meta":[],"_links":{"self":[{"href":"https:\/\/ltim.lt\/en\/wp-json\/wp\/v2\/pages\/3910"}],"collection":[{"href":"https:\/\/ltim.lt\/en\/wp-json\/wp\/v2\/pages"}],"about":[{"href":"https:\/\/ltim.lt\/en\/wp-json\/wp\/v2\/types\/page"}],"author":[{"embeddable":true,"href":"https:\/\/ltim.lt\/en\/wp-json\/wp\/v2\/users\/1"}],"replies":[{"embeddable":true,"href":"https:\/\/ltim.lt\/en\/wp-json\/wp\/v2\/comments?post=3910"}],"version-history":[{"count":1,"href":"https:\/\/ltim.lt\/en\/wp-json\/wp\/v2\/pages\/3910\/revisions"}],"predecessor-version":[{"id":3911,"href":"https:\/\/ltim.lt\/en\/wp-json\/wp\/v2\/pages\/3910\/revisions\/3911"}],"up":[{"embeddable":true,"href":"https:\/\/ltim.lt\/en\/wp-json\/wp\/v2\/pages\/3747"}],"wp:attachment":[{"href":"https:\/\/ltim.lt\/en\/wp-json\/wp\/v2\/media?parent=3910"}],"curies":[{"name":"wp","href":"https:\/\/api.w.org\/{rel}","templated":true}]}}