{"id":3908,"date":"2022-11-23T19:43:06","date_gmt":"2022-11-23T21:43:06","guid":{"rendered":"http:\/\/ltim.lt\/?page_id=3908"},"modified":"2022-11-23T19:43:07","modified_gmt":"2022-11-23T21:43:07","slug":"totoriu-simtine-alytuje-1930-m","status":"publish","type":"page","link":"https:\/\/ltim.lt\/en\/galerija\/vietoves\/alytus\/totoriu-simtine-alytuje-1930-m\/","title":{"rendered":"Totori\u0173 \u0161imtin\u0117 Alytuje 1930 m."},"content":{"rendered":"\n<p><img loading=\"lazy\" class=\"aligncenter size-medium\" src=\"https:\/\/pirmynpopasauli.files.wordpress.com\/2022\/11\/image-72.png\" width=\"528\" height=\"326\" \/><\/p>\n<p style=\"text-align: center;\">Totori\u0173 \u0161imtin\u0117 Alytuje 1930 m.<\/p>\n<p>\u00a0<\/p>\n","protected":false},"excerpt":{"rendered":"<p>Totori\u0173 \u0161imtin\u0117 Alytuje 1930 m. \u00a0<\/p>\n","protected":false},"author":1,"featured_media":0,"parent":153,"menu_order":0,"comment_status":"closed","ping_status":"closed","template":"page-text.php","meta":[],"_links":{"self":[{"href":"https:\/\/ltim.lt\/en\/wp-json\/wp\/v2\/pages\/3908"}],"collection":[{"href":"https:\/\/ltim.lt\/en\/wp-json\/wp\/v2\/pages"}],"about":[{"href":"https:\/\/ltim.lt\/en\/wp-json\/wp\/v2\/types\/page"}],"author":[{"embeddable":true,"href":"https:\/\/ltim.lt\/en\/wp-json\/wp\/v2\/users\/1"}],"replies":[{"embeddable":true,"href":"https:\/\/ltim.lt\/en\/wp-json\/wp\/v2\/comments?post=3908"}],"version-history":[{"count":1,"href":"https:\/\/ltim.lt\/en\/wp-json\/wp\/v2\/pages\/3908\/revisions"}],"predecessor-version":[{"id":3909,"href":"https:\/\/ltim.lt\/en\/wp-json\/wp\/v2\/pages\/3908\/revisions\/3909"}],"up":[{"embeddable":true,"href":"https:\/\/ltim.lt\/en\/wp-json\/wp\/v2\/pages\/153"}],"wp:attachment":[{"href":"https:\/\/ltim.lt\/en\/wp-json\/wp\/v2\/media?parent=3908"}],"curies":[{"name":"wp","href":"https:\/\/api.w.org\/{rel}","templated":true}]}}