{"id":3906,"date":"2022-11-23T19:39:33","date_gmt":"2022-11-23T21:39:33","guid":{"rendered":"http:\/\/ltim.lt\/?page_id=3906"},"modified":"2022-11-23T19:39:34","modified_gmt":"2022-11-23T21:39:34","slug":"ldk-priesakines-sargybos-6-ojo-pulko-1794-m-kepure","status":"publish","type":"page","link":"https:\/\/ltim.lt\/en\/galerija\/karyba\/uniformos\/ldk-priesakines-sargybos-6-ojo-pulko-1794-m-kepure\/","title":{"rendered":"LDK Prie\u0161akin\u0117s sargybos 6-ojo pulko 1794 m. kepur\u0117"},"content":{"rendered":"\n<p><img loading=\"lazy\" class=\"aligncenter size-medium\" src=\"https:\/\/pirmynpopasauli.files.wordpress.com\/2022\/11\/image-71.png\" width=\"248\" height=\"330\" \/><\/p>\n<p style=\"text-align: center;\">LDK Prie\u0161akin\u0117s sargybos 6-ojo pulko 1794 m. pavyzd\u017eio kepur\u0117s kopija<\/p>\n","protected":false},"excerpt":{"rendered":"<p>LDK Prie\u0161akin\u0117s sargybos 6-ojo pulko 1794 m. pavyzd\u017eio kepur\u0117s kopija<\/p>\n","protected":false},"author":1,"featured_media":0,"parent":164,"menu_order":0,"comment_status":"closed","ping_status":"closed","template":"page-text.php","meta":[],"_links":{"self":[{"href":"https:\/\/ltim.lt\/en\/wp-json\/wp\/v2\/pages\/3906"}],"collection":[{"href":"https:\/\/ltim.lt\/en\/wp-json\/wp\/v2\/pages"}],"about":[{"href":"https:\/\/ltim.lt\/en\/wp-json\/wp\/v2\/types\/page"}],"author":[{"embeddable":true,"href":"https:\/\/ltim.lt\/en\/wp-json\/wp\/v2\/users\/1"}],"replies":[{"embeddable":true,"href":"https:\/\/ltim.lt\/en\/wp-json\/wp\/v2\/comments?post=3906"}],"version-history":[{"count":1,"href":"https:\/\/ltim.lt\/en\/wp-json\/wp\/v2\/pages\/3906\/revisions"}],"predecessor-version":[{"id":3907,"href":"https:\/\/ltim.lt\/en\/wp-json\/wp\/v2\/pages\/3906\/revisions\/3907"}],"up":[{"embeddable":true,"href":"https:\/\/ltim.lt\/en\/wp-json\/wp\/v2\/pages\/164"}],"wp:attachment":[{"href":"https:\/\/ltim.lt\/en\/wp-json\/wp\/v2\/media?parent=3906"}],"curies":[{"name":"wp","href":"https:\/\/api.w.org\/{rel}","templated":true}]}}