{"id":3904,"date":"2022-11-23T19:37:06","date_gmt":"2022-11-23T21:37:06","guid":{"rendered":"http:\/\/ltim.lt\/?page_id=3904"},"modified":"2022-11-23T19:37:07","modified_gmt":"2022-11-23T21:37:07","slug":"2-ojo-lietuvos-didziosios-kunigaikstienes-birutes-ulonu-pulko-eiliniai-1935-m","status":"publish","type":"page","link":"https:\/\/ltim.lt\/en\/galerija\/karyba\/regimentai\/2-ojo-lietuvos-didziosios-kunigaikstienes-birutes-ulonu-pulko-eiliniai-1935-m\/","title":{"rendered":"2-ojo Lietuvos Did\u017eiosios kunigaik\u0161tien\u0117s Birut\u0117s ulon\u0173 pulko\u00a0eiliniai, 1935 m."},"content":{"rendered":"\n<p><img loading=\"lazy\" class=\"aligncenter size-medium\" src=\"https:\/\/pirmynpopasauli.files.wordpress.com\/2022\/11\/image-70.png\" width=\"251\" height=\"445\" \/><\/p>\n<p style=\"text-align: center;\">2-ojo Lietuvos Did\u017eiosios kunigaik\u0161tien\u0117s Birut\u0117s ulon\u0173 pulko\u00a0eiliniai Adomas Makulavi\u010dius ir Aleksandras Selimavi\u010dius, 1935 m.<\/p>\n","protected":false},"excerpt":{"rendered":"<p>2-ojo Lietuvos Did\u017eiosios kunigaik\u0161tien\u0117s Birut\u0117s ulon\u0173 pulko\u00a0eiliniai Adomas Makulavi\u010dius ir Aleksandras Selimavi\u010dius, 1935 m.<\/p>\n","protected":false},"author":1,"featured_media":0,"parent":158,"menu_order":0,"comment_status":"closed","ping_status":"closed","template":"page-text.php","meta":[],"_links":{"self":[{"href":"https:\/\/ltim.lt\/en\/wp-json\/wp\/v2\/pages\/3904"}],"collection":[{"href":"https:\/\/ltim.lt\/en\/wp-json\/wp\/v2\/pages"}],"about":[{"href":"https:\/\/ltim.lt\/en\/wp-json\/wp\/v2\/types\/page"}],"author":[{"embeddable":true,"href":"https:\/\/ltim.lt\/en\/wp-json\/wp\/v2\/users\/1"}],"replies":[{"embeddable":true,"href":"https:\/\/ltim.lt\/en\/wp-json\/wp\/v2\/comments?post=3904"}],"version-history":[{"count":1,"href":"https:\/\/ltim.lt\/en\/wp-json\/wp\/v2\/pages\/3904\/revisions"}],"predecessor-version":[{"id":3905,"href":"https:\/\/ltim.lt\/en\/wp-json\/wp\/v2\/pages\/3904\/revisions\/3905"}],"up":[{"embeddable":true,"href":"https:\/\/ltim.lt\/en\/wp-json\/wp\/v2\/pages\/158"}],"wp:attachment":[{"href":"https:\/\/ltim.lt\/en\/wp-json\/wp\/v2\/media?parent=3904"}],"curies":[{"name":"wp","href":"https:\/\/api.w.org\/{rel}","templated":true}]}}