{"id":3894,"date":"2022-11-23T19:21:30","date_gmt":"2022-11-23T21:21:30","guid":{"rendered":"http:\/\/ltim.lt\/?page_id=3894"},"modified":"2022-11-23T19:21:31","modified_gmt":"2022-11-23T21:21:31","slug":"tautiniu-bendriju-atstovu-viesnage-briuselyje","status":"publish","type":"page","link":"https:\/\/ltim.lt\/en\/galerija\/vyke-renginiai\/tautiniu-bendriju-atstovu-viesnage-briuselyje\/","title":{"rendered":"Tautini\u0173 bendrij\u0173 atstov\u0173 vie\u0161nag\u0117 Briuselyje"},"content":{"rendered":"\n<p>2006 met\u0173 spalio 4\u20136 dienomis tautini\u0173 bendrij\u0173 atstovai Europos parlamento nar\u0117s dr. Margaritos Starkevi\u010di\u016bt\u0117s kvietimu lank\u0117si Briuselyje. Jiems buvo organizuota pa\u017eintin\u0117\u2013mokomoji programa \u201eEuropos Parlamento veikla, tautini\u0173 ma\u017eum\u0173 teis\u0117s ir galimyb\u0117s ES\u201c. Kelion\u0119 organizavo EP nar\u0117s M. Starkevi\u010di\u016bt\u0117s biuras Vilniuje. I\u0161vykos dalyviai buvo supa\u017eindinti su Europos parlamento darbu, lank\u0117si EP plenarini\u0173 pos\u0117d\u017ei\u0173 sal\u0117je, susitiko su EP nare Margarita Starkevi\u010di\u016bte. Po to delegacija lank\u0117si Lietuvos Respublikos nuolatin\u0117s atstovyb\u0117s prie NATO b\u016bstin\u0117je, kur buvo supa\u017eindinta su atstovyb\u0117s veikla. Europos komisijoje, Teis\u0117s, laisvi\u0173 ir saugumo direktora te tautini\u0173 bendrij\u0173 nariai susitiko su \u0161ios institucijos atstovu Aristoteliu Gavriliad\u017eiu. Su \u0161iuo pareig\u016bnu diskutuota apie pilieti\u0161kum\u0105 ir pagrindines pilie\u010di\u0173 teises. Diskusija buvo \u012fdomi ir<br \/>naudinga abiem pus\u0117ms. Paskutin\u0119 i\u0161vykos dien\u0105 spalio 6 delegacija susitiko su Lietuvos Respublikos nuolatin\u0117s atstovyb\u0117s ES ambasadoriaus pavaduotoju Eriku Petriku.<\/p>\n<p><img loading=\"lazy\" class=\"aligncenter size-medium\" src=\"https:\/\/pirmynpopasauli.files.wordpress.com\/2022\/11\/image-67.png\" width=\"817\" height=\"436\" \/><\/p>\n<p style=\"text-align: center;\">Tautini\u0173 bendrij\u0173 atstovai su europarlamentare dr. Margarita Starkevi\u010di\u016bte Europos Parlamento r\u016bmuose.<\/p>\n","protected":false},"excerpt":{"rendered":"<p>2006 met\u0173 spalio 4\u20136 dienomis tautini\u0173 bendrij\u0173 atstovai Europos parlamento nar\u0117s dr. Margaritos Starkevi\u010di\u016bt\u0117s kvietimu lank\u0117si Briuselyje. Jiems buvo organizuota pa\u017eintin\u0117\u2013mokomoji programa \u201eEuropos Parlamento veikla, tautini\u0173 ma\u017eum\u0173 teis\u0117s ir galimyb\u0117s ES\u201c. Kelion\u0119 organizavo EP nar\u0117s M. Starkevi\u010di\u016bt\u0117s biuras Vilniuje. I\u0161vykos dalyviai buvo supa\u017eindinti su Europos parlamento darbu, lank\u0117si EP plenarini\u0173 pos\u0117d\u017ei\u0173 sal\u0117je, susitiko su EP [&hellip;]<\/p>\n","protected":false},"author":1,"featured_media":0,"parent":2935,"menu_order":0,"comment_status":"closed","ping_status":"closed","template":"page-text.php","meta":[],"_links":{"self":[{"href":"https:\/\/ltim.lt\/en\/wp-json\/wp\/v2\/pages\/3894"}],"collection":[{"href":"https:\/\/ltim.lt\/en\/wp-json\/wp\/v2\/pages"}],"about":[{"href":"https:\/\/ltim.lt\/en\/wp-json\/wp\/v2\/types\/page"}],"author":[{"embeddable":true,"href":"https:\/\/ltim.lt\/en\/wp-json\/wp\/v2\/users\/1"}],"replies":[{"embeddable":true,"href":"https:\/\/ltim.lt\/en\/wp-json\/wp\/v2\/comments?post=3894"}],"version-history":[{"count":1,"href":"https:\/\/ltim.lt\/en\/wp-json\/wp\/v2\/pages\/3894\/revisions"}],"predecessor-version":[{"id":3895,"href":"https:\/\/ltim.lt\/en\/wp-json\/wp\/v2\/pages\/3894\/revisions\/3895"}],"up":[{"embeddable":true,"href":"https:\/\/ltim.lt\/en\/wp-json\/wp\/v2\/pages\/2935"}],"wp:attachment":[{"href":"https:\/\/ltim.lt\/en\/wp-json\/wp\/v2\/media?parent=3894"}],"curies":[{"name":"wp","href":"https:\/\/api.w.org\/{rel}","templated":true}]}}