{"id":3872,"date":"2022-11-23T18:46:01","date_gmt":"2022-11-23T20:46:01","guid":{"rendered":"http:\/\/ltim.lt\/?page_id=3872"},"modified":"2022-11-23T18:46:33","modified_gmt":"2022-11-23T20:46:33","slug":"kas-yra-dolmanas","status":"publish","type":"page","link":"https:\/\/ltim.lt\/en\/galerija\/karyba\/istorija\/kas-yra-dolmanas\/","title":{"rendered":"Kas yra dolmanas?"},"content":{"rendered":"\t\t<div data-elementor-type=\"wp-page\" data-elementor-id=\"3872\" class=\"elementor elementor-3872\" data-elementor-settings=\"[]\">\n\t\t\t\t\t\t<div class=\"elementor-inner\">\n\t\t\t\t\t\t\t<div class=\"elementor-section-wrap\">\n\t\t\t\t\t\t\t<section class=\"elementor-section elementor-top-section elementor-element elementor-element-0edbe74 elementor-section-boxed elementor-section-height-default elementor-section-height-default\" data-id=\"0edbe74\" data-element_type=\"section\">\n\t\t\t\t\t\t<div class=\"elementor-container elementor-column-gap-default\">\n\t\t\t\t\t\t\t<div class=\"elementor-row\">\n\t\t\t\t\t<div class=\"elementor-column elementor-col-100 elementor-top-column elementor-element elementor-element-b0a28ed\" data-id=\"b0a28ed\" data-element_type=\"column\">\n\t\t\t<div class=\"elementor-column-wrap elementor-element-populated\">\n\t\t\t\t\t\t\t<div class=\"elementor-widget-wrap\">\n\t\t\t\t\t\t<div class=\"elementor-element elementor-element-7708ad9 elementor-view-default elementor-widget elementor-widget-icon\" data-id=\"7708ad9\" data-element_type=\"widget\" data-widget_type=\"icon.default\">\n\t\t\t\t<div class=\"elementor-widget-container\">\n\t\t\t\t\t<div class=\"elementor-icon-wrapper\">\n\t\t\t<div class=\"elementor-icon\">\n\t\t\t<i aria-hidden=\"true\" class=\"fas fa-book-open\"><\/i>\t\t\t<\/div>\n\t\t<\/div>\n\t\t\t\t<\/div>\n\t\t\t\t<\/div>\n\t\t\t\t\t\t<\/div>\n\t\t\t\t\t<\/div>\n\t\t<\/div>\n\t\t\t\t\t\t\t\t<\/div>\n\t\t\t\t\t<\/div>\n\t\t<\/section>\n\t\t\t\t<section class=\"elementor-section elementor-top-section elementor-element elementor-element-6807b8bf elementor-section-boxed elementor-section-height-default elementor-section-height-default\" data-id=\"6807b8bf\" data-element_type=\"section\">\n\t\t\t\t\t\t<div class=\"elementor-container elementor-column-gap-default\">\n\t\t\t\t\t\t\t<div class=\"elementor-row\">\n\t\t\t\t\t<div class=\"elementor-column elementor-col-100 elementor-top-column elementor-element elementor-element-687104f3\" data-id=\"687104f3\" data-element_type=\"column\">\n\t\t\t<div class=\"elementor-column-wrap elementor-element-populated\">\n\t\t\t\t\t\t\t<div class=\"elementor-widget-wrap\">\n\t\t\t\t\t\t<div class=\"elementor-element elementor-element-5d664745 elementor-widget elementor-widget-text-editor\" data-id=\"5d664745\" data-element_type=\"widget\" data-widget_type=\"text-editor.default\">\n\t\t\t\t<div class=\"elementor-widget-container\">\n\t\t\t\t\t<div class=\"elementor-text-editor elementor-clearfix\"><!-- wp:tadv\/classic-paragraph -->\n<p>Dolmanas, do\u0142manas, dolomanas, husarka (vengr. dolm\u00e1ny) \u2013 tautinis vengr\u0173 kostiumas, kil\u0119s i\u0161 Turkijos (turk. dolama \u2013 apvyniojimas). Osman\u0173 Turkijoje tai buvo vyri\u0161kas \u0161ilko arba gelumb\u0117s drabu\u017eis aptemptomis rankov\u0117mis su ant vir\u0161aus u\u017emestu kailiu. Jis tapo elitini\u0173 jany\u010dar\u0173 dalini\u0173 apranga ir buvo populiarus tarp totori\u0173 karinink\u0173.<\/p>\n<!-- \/wp:tadv\/classic-paragraph --><\/div>\n\t\t\t\t<\/div>\n\t\t\t\t<\/div>\n\t\t\t\t\t\t<\/div>\n\t\t\t\t\t<\/div>\n\t\t<\/div>\n\t\t\t\t\t\t\t\t<\/div>\n\t\t\t\t\t<\/div>\n\t\t<\/section>\n\t\t\t\t\t\t<\/div>\n\t\t\t\t\t\t<\/div>\n\t\t\t\t\t<\/div>\n\t\t","protected":false},"excerpt":{"rendered":"<p>Dolmanas, do\u0142manas, dolomanas, husarka (vengr. dolm\u00e1ny) \u2013 tautinis vengr\u0173 kostiumas, kil\u0119s i\u0161 Turkijos (turk. dolama \u2013 apvyniojimas). Osman\u0173 Turkijoje tai buvo vyri\u0161kas \u0161ilko arba gelumb\u0117s drabu\u017eis aptemptomis rankov\u0117mis su ant vir\u0161aus u\u017emestu kailiu. Jis tapo elitini\u0173 jany\u010dar\u0173 dalini\u0173 apranga ir buvo populiarus tarp totori\u0173 karinink\u0173.<\/p>\n","protected":false},"author":1,"featured_media":0,"parent":3840,"menu_order":0,"comment_status":"closed","ping_status":"closed","template":"page-text.php","meta":[],"_links":{"self":[{"href":"https:\/\/ltim.lt\/en\/wp-json\/wp\/v2\/pages\/3872"}],"collection":[{"href":"https:\/\/ltim.lt\/en\/wp-json\/wp\/v2\/pages"}],"about":[{"href":"https:\/\/ltim.lt\/en\/wp-json\/wp\/v2\/types\/page"}],"author":[{"embeddable":true,"href":"https:\/\/ltim.lt\/en\/wp-json\/wp\/v2\/users\/1"}],"replies":[{"embeddable":true,"href":"https:\/\/ltim.lt\/en\/wp-json\/wp\/v2\/comments?post=3872"}],"version-history":[{"count":4,"href":"https:\/\/ltim.lt\/en\/wp-json\/wp\/v2\/pages\/3872\/revisions"}],"predecessor-version":[{"id":3876,"href":"https:\/\/ltim.lt\/en\/wp-json\/wp\/v2\/pages\/3872\/revisions\/3876"}],"up":[{"embeddable":true,"href":"https:\/\/ltim.lt\/en\/wp-json\/wp\/v2\/pages\/3840"}],"wp:attachment":[{"href":"https:\/\/ltim.lt\/en\/wp-json\/wp\/v2\/media?parent=3872"}],"curies":[{"name":"wp","href":"https:\/\/api.w.org\/{rel}","templated":true}]}}