{"id":3862,"date":"2022-11-22T17:49:28","date_gmt":"2022-11-22T19:49:28","guid":{"rendered":"http:\/\/ltim.lt\/?page_id=3862"},"modified":"2022-11-22T17:50:01","modified_gmt":"2022-11-22T19:50:01","slug":"lietuvos-totoriu-kariniai-daliniai-nuo-1795-m-iki-xix-a-vidurio-lietuva","status":"publish","type":"page","link":"https:\/\/ltim.lt\/en\/galerija\/karyba\/istorija\/lietuvos-totoriu-kariniai-daliniai-nuo-1795-m-iki-xix-a-vidurio-lietuva\/","title":{"rendered":"Lietuvos totori\u0173 kariniai daliniai nuo 1795 m. iki XIX a. vidurio. Lietuva"},"content":{"rendered":"\t\t<div data-elementor-type=\"wp-page\" data-elementor-id=\"3862\" class=\"elementor elementor-3862\" data-elementor-settings=\"[]\">\n\t\t\t\t\t\t<div class=\"elementor-inner\">\n\t\t\t\t\t\t\t<div class=\"elementor-section-wrap\">\n\t\t\t\t\t\t\t<section class=\"elementor-section elementor-top-section elementor-element elementor-element-7a572ce elementor-section-boxed elementor-section-height-default elementor-section-height-default\" data-id=\"7a572ce\" data-element_type=\"section\">\n\t\t\t\t\t\t<div class=\"elementor-container elementor-column-gap-default\">\n\t\t\t\t\t\t\t<div class=\"elementor-row\">\n\t\t\t\t\t<div class=\"elementor-column elementor-col-100 elementor-top-column elementor-element elementor-element-c8a67b3\" data-id=\"c8a67b3\" data-element_type=\"column\">\n\t\t\t<div class=\"elementor-column-wrap elementor-element-populated\">\n\t\t\t\t\t\t\t<div class=\"elementor-widget-wrap\">\n\t\t\t\t\t\t<div class=\"elementor-element elementor-element-805e3a6 elementor-view-default elementor-widget elementor-widget-icon\" data-id=\"805e3a6\" data-element_type=\"widget\" data-widget_type=\"icon.default\">\n\t\t\t\t<div class=\"elementor-widget-container\">\n\t\t\t\t\t<div class=\"elementor-icon-wrapper\">\n\t\t\t<div class=\"elementor-icon\">\n\t\t\t<i aria-hidden=\"true\" class=\"fas fa-book-open\"><\/i>\t\t\t<\/div>\n\t\t<\/div>\n\t\t\t\t<\/div>\n\t\t\t\t<\/div>\n\t\t\t\t\t\t<\/div>\n\t\t\t\t\t<\/div>\n\t\t<\/div>\n\t\t\t\t\t\t\t\t<\/div>\n\t\t\t\t\t<\/div>\n\t\t<\/section>\n\t\t\t\t<section class=\"elementor-section elementor-top-section elementor-element elementor-element-2d227499 elementor-section-boxed elementor-section-height-default elementor-section-height-default\" data-id=\"2d227499\" data-element_type=\"section\">\n\t\t\t\t\t\t<div class=\"elementor-container elementor-column-gap-default\">\n\t\t\t\t\t\t\t<div class=\"elementor-row\">\n\t\t\t\t\t<div class=\"elementor-column elementor-col-100 elementor-top-column elementor-element elementor-element-469b0fe5\" data-id=\"469b0fe5\" data-element_type=\"column\">\n\t\t\t<div class=\"elementor-column-wrap elementor-element-populated\">\n\t\t\t\t\t\t\t<div class=\"elementor-widget-wrap\">\n\t\t\t\t\t\t<div class=\"elementor-element elementor-element-12ced525 elementor-widget elementor-widget-text-editor\" data-id=\"12ced525\" data-element_type=\"widget\" data-widget_type=\"text-editor.default\">\n\t\t\t\t<div class=\"elementor-widget-container\">\n\t\t\t\t\t<div class=\"elementor-text-editor elementor-clearfix\"><!-- wp:tadv\/classic-paragraph -->\n<p>1831 m. sukilimo metu, be lietuvi\u0173 kadrini\u0173 pulk\u0173, buvo bandoma sudaryti ir Lietuvos totori\u0173 dalinius, pavyzd\u017eiui, A\u0161menos, Kauno pavietuose, bet taip ir nesp\u0117ta. Ta\u010diau sukilimo metu daug Lietuvos totori\u0173, tarnaudami Lietuvos, Lenkijos karalyst\u0117s kariuomen\u0117s daliniuose, pavieniui kov\u0117si petys \u012f pet\u012f su lietuviais ir lenkais prie\u0161 bendr\u0105 prie\u0161\u0105.<\/p>\n<p>Baigiant galima dr\u0105siai teigti, kad nuo 1795 m. iki XIX a. vidurio Lietuvos totoriai \u012fne\u0161\u0117 svar\u0173 ind\u0117l\u012f \u012f Lietuvos karybos istorij\u0105. Lietuvos totori\u0173 organizuoti ulon\u0173 pulkai, kaip kavalerijos r\u016b\u0161is, paplito daugelio pasaulio valstybi\u0173 kariuomen\u0117se. J\u0173 daliniai savo puikiai parinkta ginkluote, tik jiems b\u016bdinga uniforma ir manevringumu pasi\u017eym\u0117jo daugelyje XIX\u2013XX a. kar\u0173. Tarnauti ulon\u0173 gretose buvo tiesiog garb\u0117.<\/p>\n<!-- \/wp:tadv\/classic-paragraph --><\/div>\n\t\t\t\t<\/div>\n\t\t\t\t<\/div>\n\t\t\t\t\t\t<\/div>\n\t\t\t\t\t<\/div>\n\t\t<\/div>\n\t\t\t\t\t\t\t\t<\/div>\n\t\t\t\t\t<\/div>\n\t\t<\/section>\n\t\t\t\t\t\t<\/div>\n\t\t\t\t\t\t<\/div>\n\t\t\t\t\t<\/div>\n\t\t","protected":false},"excerpt":{"rendered":"<p>1831 m. sukilimo metu, be lietuvi\u0173 kadrini\u0173 pulk\u0173, buvo bandoma sudaryti ir Lietuvos totori\u0173 dalinius, pavyzd\u017eiui, A\u0161menos, Kauno pavietuose, bet taip ir nesp\u0117ta. Ta\u010diau sukilimo metu daug Lietuvos totori\u0173, tarnaudami Lietuvos, Lenkijos karalyst\u0117s kariuomen\u0117s daliniuose, pavieniui kov\u0117si petys \u012f pet\u012f su lietuviais ir lenkais prie\u0161 bendr\u0105 prie\u0161\u0105. Baigiant galima dr\u0105siai teigti, kad nuo 1795 m. [&hellip;]<\/p>\n","protected":false},"author":1,"featured_media":0,"parent":3840,"menu_order":0,"comment_status":"closed","ping_status":"closed","template":"page-text.php","meta":[],"_links":{"self":[{"href":"https:\/\/ltim.lt\/en\/wp-json\/wp\/v2\/pages\/3862"}],"collection":[{"href":"https:\/\/ltim.lt\/en\/wp-json\/wp\/v2\/pages"}],"about":[{"href":"https:\/\/ltim.lt\/en\/wp-json\/wp\/v2\/types\/page"}],"author":[{"embeddable":true,"href":"https:\/\/ltim.lt\/en\/wp-json\/wp\/v2\/users\/1"}],"replies":[{"embeddable":true,"href":"https:\/\/ltim.lt\/en\/wp-json\/wp\/v2\/comments?post=3862"}],"version-history":[{"count":4,"href":"https:\/\/ltim.lt\/en\/wp-json\/wp\/v2\/pages\/3862\/revisions"}],"predecessor-version":[{"id":3866,"href":"https:\/\/ltim.lt\/en\/wp-json\/wp\/v2\/pages\/3862\/revisions\/3866"}],"up":[{"embeddable":true,"href":"https:\/\/ltim.lt\/en\/wp-json\/wp\/v2\/pages\/3840"}],"wp:attachment":[{"href":"https:\/\/ltim.lt\/en\/wp-json\/wp\/v2\/media?parent=3862"}],"curies":[{"name":"wp","href":"https:\/\/api.w.org\/{rel}","templated":true}]}}