{"id":3857,"date":"2022-11-22T17:45:04","date_gmt":"2022-11-22T19:45:04","guid":{"rendered":"http:\/\/ltim.lt\/?page_id=3857"},"modified":"2022-11-22T17:47:46","modified_gmt":"2022-11-22T19:47:46","slug":"lietuvos-totoriu-kariniai-daliniai-nuo-1795-m-iki-xix-a-vidurio-lenkija","status":"publish","type":"page","link":"https:\/\/ltim.lt\/en\/galerija\/karyba\/istorija\/lietuvos-totoriu-kariniai-daliniai-nuo-1795-m-iki-xix-a-vidurio-lenkija\/","title":{"rendered":"Lietuvos totori\u0173 kariniai daliniai nuo 1795 m. iki XIX a. vidurio. Lenkija"},"content":{"rendered":"\t\t<div data-elementor-type=\"wp-page\" data-elementor-id=\"3857\" class=\"elementor elementor-3857\" data-elementor-settings=\"[]\">\n\t\t\t\t\t\t<div class=\"elementor-inner\">\n\t\t\t\t\t\t\t<div class=\"elementor-section-wrap\">\n\t\t\t\t\t\t\t<section class=\"elementor-section elementor-top-section elementor-element elementor-element-e5a3178 elementor-section-boxed elementor-section-height-default elementor-section-height-default\" data-id=\"e5a3178\" data-element_type=\"section\">\n\t\t\t\t\t\t<div class=\"elementor-container elementor-column-gap-default\">\n\t\t\t\t\t\t\t<div class=\"elementor-row\">\n\t\t\t\t\t<div class=\"elementor-column elementor-col-100 elementor-top-column elementor-element elementor-element-ee5c89c\" data-id=\"ee5c89c\" data-element_type=\"column\">\n\t\t\t<div class=\"elementor-column-wrap elementor-element-populated\">\n\t\t\t\t\t\t\t<div class=\"elementor-widget-wrap\">\n\t\t\t\t\t\t<div class=\"elementor-element elementor-element-d27a59b elementor-view-default elementor-widget elementor-widget-icon\" data-id=\"d27a59b\" data-element_type=\"widget\" data-widget_type=\"icon.default\">\n\t\t\t\t<div class=\"elementor-widget-container\">\n\t\t\t\t\t<div class=\"elementor-icon-wrapper\">\n\t\t\t<div class=\"elementor-icon\">\n\t\t\t<i aria-hidden=\"true\" class=\"fas fa-book-open\"><\/i>\t\t\t<\/div>\n\t\t<\/div>\n\t\t\t\t<\/div>\n\t\t\t\t<\/div>\n\t\t\t\t\t\t<\/div>\n\t\t\t\t\t<\/div>\n\t\t<\/div>\n\t\t\t\t\t\t\t\t<\/div>\n\t\t\t\t\t<\/div>\n\t\t<\/section>\n\t\t\t\t<section class=\"elementor-section elementor-top-section elementor-element elementor-element-38455fd8 elementor-section-boxed elementor-section-height-default elementor-section-height-default\" data-id=\"38455fd8\" data-element_type=\"section\">\n\t\t\t\t\t\t<div class=\"elementor-container elementor-column-gap-default\">\n\t\t\t\t\t\t\t<div class=\"elementor-row\">\n\t\t\t\t\t<div class=\"elementor-column elementor-col-100 elementor-top-column elementor-element elementor-element-2f965d9\" data-id=\"2f965d9\" data-element_type=\"column\">\n\t\t\t<div class=\"elementor-column-wrap elementor-element-populated\">\n\t\t\t\t\t\t\t<div class=\"elementor-widget-wrap\">\n\t\t\t\t\t\t<div class=\"elementor-element elementor-element-53fb7e7f elementor-widget elementor-widget-text-editor\" data-id=\"53fb7e7f\" data-element_type=\"widget\" data-widget_type=\"text-editor.default\">\n\t\t\t\t<div class=\"elementor-widget-container\">\n\t\t\t\t\t<div class=\"elementor-text-editor elementor-clearfix\"><!-- wp:tadv\/classic-paragraph -->\n<p>Pasibaigus Napoleono karams, buvo sudaryta Lenkijos karalyst\u0117 Rusijos imperijos sud\u0117tyje, o taip pat karalyst\u0117s kariuomen\u0117, ta\u010diau Lietuvos totori\u0173 dalini\u0173 neteko aptikti, nors pavieniui jie ir tarnavo. Prasid\u0117jus 1831 m. sukilimui, Lenkijoje buvo bandoma sudaryti Lietuvos totori\u0173 dalinius, kaip antai 7-\u0105j\u012f totori\u0173 raitosios kavalerijos pulk\u0105 (daugiausia i\u0161 Augustavo kra\u0161to totori\u0173); buvo sudarytas specialus Lietuvos totori\u0173 eskadronas (daugiausia i\u0161 karinink\u0173 ir puskarininki\u0173). Jie tur\u0117jo pasiekti Lietuv\u0105, kur prival\u0117jo organizuoti ir apmokyti naujai suformuotus totori\u0173 dalinius. Ta\u010diau min\u0117tas eskadronas Lietuvos nepasiek\u0117.<\/p>\n<!-- \/wp:tadv\/classic-paragraph --><\/div>\n\t\t\t\t<\/div>\n\t\t\t\t<\/div>\n\t\t\t\t\t\t<\/div>\n\t\t\t\t\t<\/div>\n\t\t<\/div>\n\t\t\t\t\t\t\t\t<\/div>\n\t\t\t\t\t<\/div>\n\t\t<\/section>\n\t\t\t\t\t\t<\/div>\n\t\t\t\t\t\t<\/div>\n\t\t\t\t\t<\/div>\n\t\t","protected":false},"excerpt":{"rendered":"<p>Pasibaigus Napoleono karams, buvo sudaryta Lenkijos karalyst\u0117 Rusijos imperijos sud\u0117tyje, o taip pat karalyst\u0117s kariuomen\u0117, ta\u010diau Lietuvos totori\u0173 dalini\u0173 neteko aptikti, nors pavieniui jie ir tarnavo. Prasid\u0117jus 1831 m. sukilimui, Lenkijoje buvo bandoma sudaryti Lietuvos totori\u0173 dalinius, kaip antai 7-\u0105j\u012f totori\u0173 raitosios kavalerijos pulk\u0105 (daugiausia i\u0161 Augustavo kra\u0161to totori\u0173); buvo sudarytas specialus Lietuvos totori\u0173 eskadronas [&hellip;]<\/p>\n","protected":false},"author":1,"featured_media":0,"parent":3840,"menu_order":0,"comment_status":"closed","ping_status":"closed","template":"page-text.php","meta":[],"_links":{"self":[{"href":"https:\/\/ltim.lt\/en\/wp-json\/wp\/v2\/pages\/3857"}],"collection":[{"href":"https:\/\/ltim.lt\/en\/wp-json\/wp\/v2\/pages"}],"about":[{"href":"https:\/\/ltim.lt\/en\/wp-json\/wp\/v2\/types\/page"}],"author":[{"embeddable":true,"href":"https:\/\/ltim.lt\/en\/wp-json\/wp\/v2\/users\/1"}],"replies":[{"embeddable":true,"href":"https:\/\/ltim.lt\/en\/wp-json\/wp\/v2\/comments?post=3857"}],"version-history":[{"count":4,"href":"https:\/\/ltim.lt\/en\/wp-json\/wp\/v2\/pages\/3857\/revisions"}],"predecessor-version":[{"id":3861,"href":"https:\/\/ltim.lt\/en\/wp-json\/wp\/v2\/pages\/3857\/revisions\/3861"}],"up":[{"embeddable":true,"href":"https:\/\/ltim.lt\/en\/wp-json\/wp\/v2\/pages\/3840"}],"wp:attachment":[{"href":"https:\/\/ltim.lt\/en\/wp-json\/wp\/v2\/media?parent=3857"}],"curies":[{"name":"wp","href":"https:\/\/api.w.org\/{rel}","templated":true}]}}