{"id":384,"date":"2018-10-18T14:50:08","date_gmt":"2018-10-18T16:50:08","guid":{"rendered":"http:\/\/ltim.lt\/?page_id=384"},"modified":"2021-12-16T00:40:15","modified_gmt":"2021-12-16T02:40:15","slug":"gdansko-mecete","status":"publish","type":"page","link":"https:\/\/ltim.lt\/en\/galerija\/pastatai\/gdansko-mecete\/","title":{"rendered":"Gdansko me\u010det\u0117"},"content":{"rendered":"<p>Lenkijoje dabar gyvenan\u010di\u0173 totori\u0173 skai\u010dius pana\u0161us kaip Lietuvoje,<br \/>\napie 3 t\u016bkstan\u010dius. Daugiausiai gyvena Balstog\u0117je, Gdanske, Sokulkoje,<br \/>\nSuchovol\u0117je, Bohonik\u0173, Kru\u0161inian\u0173 kaimuose, \u0161iek tiek Var\u0161uvoje. Lenkijos totoriai nuolat rengia renginius, daug lenk\u0173 mokslinink\u0173 dirba totoristikos tematika, ra\u0161o mokslinius straipsnius, rengia disertacijas, vyksta mokslin\u0117s konferencijos.<br \/>\nGdanske gyvena daugiausia totoriai, po Antrojo pasaulinio karo atvyk\u0119 i\u0161 Vilniaus. Jie <strong>1989<\/strong> m. pastat\u0117 nauj\u0105 gra\u017ei\u0105 me\u010det\u0119, turi bendruomen\u0117s<br \/>\nnamus. Nuo sen\u0173 laik\u0173 me\u010det\u0117s yra Bohonikuose ir Kru\u0161inianuose. Balstog\u0117je yra maldos namai, atvyk\u0119 musulmonai i\u0161 Ryt\u0173 \u0161ali\u0173 nusipirko didel\u012f nam\u0105, kur\u012f naudoja savo reikm\u0117ms.<\/p>\n","protected":false},"excerpt":{"rendered":"<p>Lenkijoje dabar gyvenan\u010di\u0173 totori\u0173 skai\u010dius pana\u0161us kaip Lietuvoje, apie 3 t\u016bkstan\u010dius. Daugiausiai gyvena Balstog\u0117je, Gdanske, Sokulkoje, Suchovol\u0117je, Bohonik\u0173, Kru\u0161inian\u0173 kaimuose, \u0161iek tiek Var\u0161uvoje. Lenkijos totoriai nuolat rengia renginius, daug lenk\u0173 mokslinink\u0173 dirba totoristikos tematika, ra\u0161o mokslinius straipsnius, rengia disertacijas, vyksta mokslin\u0117s konferencijos. Gdanske gyvena daugiausia totoriai, po Antrojo pasaulinio karo atvyk\u0119 i\u0161 Vilniaus. Jie 1989 [&hellip;]<\/p>\n","protected":false},"author":1,"featured_media":386,"parent":106,"menu_order":0,"comment_status":"closed","ping_status":"closed","template":"page-gallery-inside.php","meta":[],"_links":{"self":[{"href":"https:\/\/ltim.lt\/en\/wp-json\/wp\/v2\/pages\/384"}],"collection":[{"href":"https:\/\/ltim.lt\/en\/wp-json\/wp\/v2\/pages"}],"about":[{"href":"https:\/\/ltim.lt\/en\/wp-json\/wp\/v2\/types\/page"}],"author":[{"embeddable":true,"href":"https:\/\/ltim.lt\/en\/wp-json\/wp\/v2\/users\/1"}],"replies":[{"embeddable":true,"href":"https:\/\/ltim.lt\/en\/wp-json\/wp\/v2\/comments?post=384"}],"version-history":[{"count":2,"href":"https:\/\/ltim.lt\/en\/wp-json\/wp\/v2\/pages\/384\/revisions"}],"predecessor-version":[{"id":1620,"href":"https:\/\/ltim.lt\/en\/wp-json\/wp\/v2\/pages\/384\/revisions\/1620"}],"up":[{"embeddable":true,"href":"https:\/\/ltim.lt\/en\/wp-json\/wp\/v2\/pages\/106"}],"wp:featuredmedia":[{"embeddable":true,"href":"https:\/\/ltim.lt\/en\/wp-json\/wp\/v2\/media\/386"}],"wp:attachment":[{"href":"https:\/\/ltim.lt\/en\/wp-json\/wp\/v2\/media?parent=384"}],"curies":[{"name":"wp","href":"https:\/\/api.w.org\/{rel}","templated":true}]}}