{"id":3827,"date":"2022-11-22T11:36:32","date_gmt":"2022-11-22T13:36:32","guid":{"rendered":"http:\/\/ltim.lt\/?page_id=3827"},"modified":"2022-11-22T11:36:33","modified_gmt":"2022-11-22T13:36:33","slug":"zemelapis-polonia-et-vngaria-xx-nova-tavla","status":"publish","type":"page","link":"https:\/\/ltim.lt\/en\/galerija\/dokumentai\/zemelapis-polonia-et-vngaria-xx-nova-tavla\/","title":{"rendered":"\u017dem\u0117lapis \u201ePOLONIA ET VNGARIA XX. NOVA TAVLA\u201c"},"content":{"rendered":"\n<table style=\"border-collapse: collapse; width: 100%;\">\n<tbody>\n<tr>\n<td style=\"width: 50%;\"><img loading=\"lazy\" class=\"alignright size-medium\" src=\"https:\/\/pirmynpopasauli.files.wordpress.com\/2022\/11\/image-58.png\" width=\"407\" height=\"604\" \/><\/td>\n<td style=\"width: 50%;\"><img loading=\"lazy\" class=\"size-medium alignleft\" src=\"https:\/\/pirmynpopasauli.files.wordpress.com\/2022\/11\/image-59.png\" width=\"389\" height=\"600\" \/><\/td>\n<\/tr>\n<\/tbody>\n<\/table>\n<p style=\"text-align: center;\">Lenkijos, Lietuvos, Balkan\u0173 regiono, Krymo chanato \u017eem\u0117lapis \u201ePOLONIA ET VNGARIA XX. NOVA TAVLA\u201c, Atlaso, i\u0161leisto 1521 m., 48-49 lapai. I\u0161 priva\u010dios kolekcijos. 80*280. Kitoje \u017eem\u0117lapio pus\u0117je pateikiamas trumpas istorinis-geografinis apra\u0161ymas lotyn\u0173 kalba. Pa\u017eym\u0117ti Lietuva (LITVANIAE ducarus), Vilnius (Vilna), Nemunas (Nemen R), Krymo chanatas (TARTARIA minor) su herbu. Gardinas (Grodno).<\/p>\n","protected":false},"excerpt":{"rendered":"<p>Lenkijos, Lietuvos, Balkan\u0173 regiono, Krymo chanato \u017eem\u0117lapis \u201ePOLONIA ET VNGARIA XX. NOVA TAVLA\u201c, Atlaso, i\u0161leisto 1521 m., 48-49 lapai. I\u0161 priva\u010dios kolekcijos. 80*280. Kitoje \u017eem\u0117lapio pus\u0117je pateikiamas trumpas istorinis-geografinis apra\u0161ymas lotyn\u0173 kalba. Pa\u017eym\u0117ti Lietuva (LITVANIAE ducarus), Vilnius (Vilna), Nemunas (Nemen R), Krymo chanatas (TARTARIA minor) su herbu. Gardinas (Grodno).<\/p>\n","protected":false},"author":1,"featured_media":0,"parent":128,"menu_order":0,"comment_status":"closed","ping_status":"closed","template":"page-text.php","meta":[],"_links":{"self":[{"href":"https:\/\/ltim.lt\/en\/wp-json\/wp\/v2\/pages\/3827"}],"collection":[{"href":"https:\/\/ltim.lt\/en\/wp-json\/wp\/v2\/pages"}],"about":[{"href":"https:\/\/ltim.lt\/en\/wp-json\/wp\/v2\/types\/page"}],"author":[{"embeddable":true,"href":"https:\/\/ltim.lt\/en\/wp-json\/wp\/v2\/users\/1"}],"replies":[{"embeddable":true,"href":"https:\/\/ltim.lt\/en\/wp-json\/wp\/v2\/comments?post=3827"}],"version-history":[{"count":1,"href":"https:\/\/ltim.lt\/en\/wp-json\/wp\/v2\/pages\/3827\/revisions"}],"predecessor-version":[{"id":3828,"href":"https:\/\/ltim.lt\/en\/wp-json\/wp\/v2\/pages\/3827\/revisions\/3828"}],"up":[{"embeddable":true,"href":"https:\/\/ltim.lt\/en\/wp-json\/wp\/v2\/pages\/128"}],"wp:attachment":[{"href":"https:\/\/ltim.lt\/en\/wp-json\/wp\/v2\/media?parent=3827"}],"curies":[{"name":"wp","href":"https:\/\/api.w.org\/{rel}","templated":true}]}}