{"id":3825,"date":"2022-11-22T11:32:32","date_gmt":"2022-11-22T13:32:32","guid":{"rendered":"http:\/\/ltim.lt\/?page_id=3825"},"modified":"2022-11-22T11:32:33","modified_gmt":"2022-11-22T13:32:33","slug":"zemelapis-tartary","status":"publish","type":"page","link":"https:\/\/ltim.lt\/en\/galerija\/dokumentai\/zemelapis-tartary\/","title":{"rendered":"\u017dem\u0117lapis \u201eTARTARY\u201c"},"content":{"rendered":"\n<table style=\"border-collapse: collapse; width: 100%; height: 23px;\">\n<tbody>\n<tr style=\"height: 23px;\">\n<td style=\"width: 50%; height: 23px;\"><img loading=\"lazy\" class=\"aligncenter size-medium\" src=\"https:\/\/pirmynpopasauli.files.wordpress.com\/2022\/11\/image-60.png\" width=\"409\" height=\"622\" \/><\/td>\n<td style=\"width: 50%; height: 23px;\">\n<p><img loading=\"lazy\" class=\"aligncenter size-medium\" src=\"https:\/\/pirmynpopasauli.files.wordpress.com\/2022\/11\/image-61.png\" width=\"408\" height=\"613\" \/><\/p>\n<\/td>\n<\/tr>\n<\/tbody>\n<\/table>\n<p style=\"text-align: center;\">\u017dem\u0117lapis \u201eTARTARY\u201c i\u0161 John Speeder atlaso, leisto 1626 m. \u017dem\u0117lapyje pavaizduoti XVII a. totori\u0173 vyr\u0173 ir moter\u0173 drabu\u017eiai<br \/><br \/><\/p>\n","protected":false},"excerpt":{"rendered":"<p>\u017dem\u0117lapis \u201eTARTARY\u201c i\u0161 John Speeder atlaso, leisto 1626 m. \u017dem\u0117lapyje pavaizduoti XVII a. totori\u0173 vyr\u0173 ir moter\u0173 drabu\u017eiai<\/p>\n","protected":false},"author":1,"featured_media":0,"parent":128,"menu_order":0,"comment_status":"closed","ping_status":"closed","template":"page-text.php","meta":[],"_links":{"self":[{"href":"https:\/\/ltim.lt\/en\/wp-json\/wp\/v2\/pages\/3825"}],"collection":[{"href":"https:\/\/ltim.lt\/en\/wp-json\/wp\/v2\/pages"}],"about":[{"href":"https:\/\/ltim.lt\/en\/wp-json\/wp\/v2\/types\/page"}],"author":[{"embeddable":true,"href":"https:\/\/ltim.lt\/en\/wp-json\/wp\/v2\/users\/1"}],"replies":[{"embeddable":true,"href":"https:\/\/ltim.lt\/en\/wp-json\/wp\/v2\/comments?post=3825"}],"version-history":[{"count":1,"href":"https:\/\/ltim.lt\/en\/wp-json\/wp\/v2\/pages\/3825\/revisions"}],"predecessor-version":[{"id":3826,"href":"https:\/\/ltim.lt\/en\/wp-json\/wp\/v2\/pages\/3825\/revisions\/3826"}],"up":[{"embeddable":true,"href":"https:\/\/ltim.lt\/en\/wp-json\/wp\/v2\/pages\/128"}],"wp:attachment":[{"href":"https:\/\/ltim.lt\/en\/wp-json\/wp\/v2\/media?parent=3825"}],"curies":[{"name":"wp","href":"https:\/\/api.w.org\/{rel}","templated":true}]}}