{"id":3821,"date":"2022-11-22T11:21:11","date_gmt":"2022-11-22T13:21:11","guid":{"rendered":"http:\/\/ltim.lt\/?page_id=3821"},"modified":"2022-11-22T11:21:12","modified_gmt":"2022-11-22T13:21:12","slug":"kauno-totoriu-mecetes-pietinis-fasadas-1935-m","status":"publish","type":"page","link":"https:\/\/ltim.lt\/en\/galerija\/vietoves\/kaunas\/kauno-totoriu-mecetes-pietinis-fasadas-1935-m\/","title":{"rendered":"Kauno totori\u0173 me\u010det\u0117s pietinis fasadas (1935 m.)"},"content":{"rendered":"\n<p><img loading=\"lazy\" class=\"aligncenter size-medium\" src=\"https:\/\/pirmynpopasauli.files.wordpress.com\/2022\/11\/image-56.png\" width=\"393\" height=\"307\" \/><\/p>\n<p style=\"text-align: center;\">Kauno totori\u0173 me\u010det\u0117s pietinis fasadas (1935 m.) su kapini\u0173 fragmentais. Matomi du langeliai michrabo ni\u0161oje.<\/p>\n","protected":false},"excerpt":{"rendered":"<p>Kauno totori\u0173 me\u010det\u0117s pietinis fasadas (1935 m.) su kapini\u0173 fragmentais. Matomi du langeliai michrabo ni\u0161oje.<\/p>\n","protected":false},"author":1,"featured_media":0,"parent":148,"menu_order":0,"comment_status":"closed","ping_status":"closed","template":"page-text.php","meta":[],"_links":{"self":[{"href":"https:\/\/ltim.lt\/en\/wp-json\/wp\/v2\/pages\/3821"}],"collection":[{"href":"https:\/\/ltim.lt\/en\/wp-json\/wp\/v2\/pages"}],"about":[{"href":"https:\/\/ltim.lt\/en\/wp-json\/wp\/v2\/types\/page"}],"author":[{"embeddable":true,"href":"https:\/\/ltim.lt\/en\/wp-json\/wp\/v2\/users\/1"}],"replies":[{"embeddable":true,"href":"https:\/\/ltim.lt\/en\/wp-json\/wp\/v2\/comments?post=3821"}],"version-history":[{"count":1,"href":"https:\/\/ltim.lt\/en\/wp-json\/wp\/v2\/pages\/3821\/revisions"}],"predecessor-version":[{"id":3822,"href":"https:\/\/ltim.lt\/en\/wp-json\/wp\/v2\/pages\/3821\/revisions\/3822"}],"up":[{"embeddable":true,"href":"https:\/\/ltim.lt\/en\/wp-json\/wp\/v2\/pages\/148"}],"wp:attachment":[{"href":"https:\/\/ltim.lt\/en\/wp-json\/wp\/v2\/media?parent=3821"}],"curies":[{"name":"wp","href":"https:\/\/api.w.org\/{rel}","templated":true}]}}