{"id":3813,"date":"2022-11-22T10:17:06","date_gmt":"2022-11-22T12:17:06","guid":{"rendered":"http:\/\/ltim.lt\/?page_id=3813"},"modified":"2022-11-22T10:17:07","modified_gmt":"2022-11-22T12:17:07","slug":"kauno-mecetes-piesinys","status":"publish","type":"page","link":"https:\/\/ltim.lt\/en\/galerija\/menas\/grafika\/kauno-mecetes-piesinys\/","title":{"rendered":"Kauno me\u010det\u0117s pie\u0161inys"},"content":{"rendered":"\n<p><img loading=\"lazy\" class=\"aligncenter size-medium\" src=\"https:\/\/pirmynpopasauli.files.wordpress.com\/2022\/11\/image-54.png\" width=\"566\" height=\"406\" \/><\/p>\n<p style=\"text-align: center;\">Kauno me\u010det\u0117s pie\u0161inys. Autorius J. Luk\u0161\u0117, 2008 m.<\/p>\n","protected":false},"excerpt":{"rendered":"<p>Kauno me\u010det\u0117s pie\u0161inys. Autorius J. Luk\u0161\u0117, 2008 m.<\/p>\n","protected":false},"author":1,"featured_media":0,"parent":1024,"menu_order":0,"comment_status":"closed","ping_status":"closed","template":"page-text.php","meta":[],"_links":{"self":[{"href":"https:\/\/ltim.lt\/en\/wp-json\/wp\/v2\/pages\/3813"}],"collection":[{"href":"https:\/\/ltim.lt\/en\/wp-json\/wp\/v2\/pages"}],"about":[{"href":"https:\/\/ltim.lt\/en\/wp-json\/wp\/v2\/types\/page"}],"author":[{"embeddable":true,"href":"https:\/\/ltim.lt\/en\/wp-json\/wp\/v2\/users\/1"}],"replies":[{"embeddable":true,"href":"https:\/\/ltim.lt\/en\/wp-json\/wp\/v2\/comments?post=3813"}],"version-history":[{"count":1,"href":"https:\/\/ltim.lt\/en\/wp-json\/wp\/v2\/pages\/3813\/revisions"}],"predecessor-version":[{"id":3814,"href":"https:\/\/ltim.lt\/en\/wp-json\/wp\/v2\/pages\/3813\/revisions\/3814"}],"up":[{"embeddable":true,"href":"https:\/\/ltim.lt\/en\/wp-json\/wp\/v2\/pages\/1024"}],"wp:attachment":[{"href":"https:\/\/ltim.lt\/en\/wp-json\/wp\/v2\/media?parent=3813"}],"curies":[{"name":"wp","href":"https:\/\/api.w.org\/{rel}","templated":true}]}}