{"id":3782,"date":"2022-11-20T18:45:09","date_gmt":"2022-11-20T20:45:09","guid":{"rendered":"http:\/\/ltim.lt\/?page_id=3782"},"modified":"2022-11-20T18:45:10","modified_gmt":"2022-11-20T20:45:10","slug":"antoni-przemyslaw-kosowski-nowokorski-meczet-rzeczypospolitej","status":"publish","type":"page","link":"https:\/\/ltim.lt\/en\/galerija\/literatura-ir-spauda\/antoni-przemyslaw-kosowski-nowokorski-meczet-rzeczypospolitej\/","title":{"rendered":"Antoni Przemyslaw Kosowski \u201eNowokorski Meczet Rzeczypospolitej\u201c"},"content":{"rendered":"\n<p><img loading=\"lazy\" class=\"aligncenter size-medium\" src=\"https:\/\/pirmynpopasauli.files.wordpress.com\/2022\/11\/img_20221120_2235494092.jpg?w=703\" width=\"703\" height=\"1024\" \/><\/p>\n<p>Totoriai i\u0161 \u0161iuolaikin\u0117s Lietuvos, Lenkijos ir Baltarusijos teritorij\u0173 \u012f Jungtines Valstijas i\u0161va\u017eiuodavo jau XIX am\u017eiaus pabaigoje ir XX am\u017eiaus prad\u017eioje. Visu pirma ie\u0161kojo ten gyvenimo s\u0105lyg\u0173 pager\u0117jimo. Daugiausia buvo kil\u0119 i\u0161 Vilniaus, Kauno, Gardino ir Minsko rajon\u0173. Viso j\u0173 i\u0161va\u017eiavo daugiau nei penki \u0161imtai. \u012e nauj\u0105 valstyb\u0119, kur nusprend\u0117 apsigyventi, pasiem\u0117 su savimi ne tik atsiminim\u0105 apie tolim\u0105 t\u0117v\u0173 \u017eem\u0119, bet ir savo musulmoni\u0161k\u0105 tik\u0117jim\u0105.<\/p>\n<p>Dalis t\u0173 totori\u0173 emigrant\u0173 apsigyveno Niujorke, kur vasario 2 d. 1907 m. Viliamsburge, rajone Bruklino \u0161iaur\u0117je, \u012fk\u016br\u0117 Lithuanian tartar society. Mokslin\u0117je literat\u016broje galima rasti po\u017ei\u016br\u012f, kad Niujorke \u017de\u010dpospolitos Totoriai \u012fk\u016br\u0117 pirm\u0105j\u0105 organizacij\u0105 (corporate body), kuri nusipirko nekilnojam\u0105j\u012f turt\u0105 siekiant praktikuoti islamo religij\u0105. Rinko imamus, meld\u0117si, reng\u0117 \u0161ventes, \u012f kurias kviesdavo visus musulmonus. <br \/>Lapkri\u010dio 29 d. 1927 m. organizacij\u0105 pertvark\u0117 \u012f American mohammedan society, o rugpj\u016b\u010dio 22 d. 1934 m. buvo patvirtintas naujas statutas, kuriame atsidur\u0117 visuomenin\u0117s veiklos ir religin\u0117s visuomen\u0117s id\u0117jos.<\/p>\n<p>Gegu\u017e\u0117s 2 d. 1957 m. organizacija pakeit\u0117 pavadinim\u0105 \u012f Muslim Mosque, o gegu\u017e\u0117s 16 d. 1963 m. \u2013 \u012f Moslem Mosque. 50 metais XX am\u017eiaus joje buvo apie keturi \u0161imtai \u017emoni\u0173. 1991 m. organizacijai priklaus\u0117 apie du \u0161imtai taip vadinam\u0173 egzistuojan\u010di\u0173 s\u0105ra\u0161e nari\u0173. Penktadieniais arba sekmadieniais maldose dalyvavo iki keturiasde\u0161imties organizacijos nari\u0173. Iki \u0161i\u0173 dien\u0173 Niujorke egzistuoja Totori\u0173 Moslem Mosque, esanti toje pa\u010dioje vietoje adresu 104 Powers Street. Tikriausiai sutelkia pa\u010di\u0105 seniausi\u0105 musulmon\u0173 visuomen\u0119 Jungtin\u0117se Valstijose. Sekretoriaus pareigas eina Alyssa Ratkievi\u010d, imamo \u2013 Erhan Yildirim, Turkas pagal kilm\u0119.<\/p>\n<p>Totori\u0173 vals\u010diaus, jos organizacijos ir me\u010det\u0117s istorija Niujorke nusipelnia pamin\u0117jimo. Tai pasakojimas apie persik\u0117lim\u0105, apsigyvendinim\u0105 naujoje vietoje ir jos praturtinim\u0105 nuosava patirtimi. Tai sudaro svarb\u0173 \u012fna\u0161\u0105 ne tik \u012f Lenk\u0173 \u2013 Lietuvi\u0173 Totori\u0173 istorij\u0105, bet taipogi itin esming\u0105, nors ir nedidel\u012f, musulmon\u0173 istorijos Jungtin\u0117se Valstijose element\u0105. <\/p>\n","protected":false},"excerpt":{"rendered":"<p>Totoriai i\u0161 \u0161iuolaikin\u0117s Lietuvos, Lenkijos ir Baltarusijos teritorij\u0173 \u012f Jungtines Valstijas i\u0161va\u017eiuodavo jau XIX am\u017eiaus pabaigoje ir XX am\u017eiaus prad\u017eioje. Visu pirma ie\u0161kojo ten gyvenimo s\u0105lyg\u0173 pager\u0117jimo. Daugiausia buvo kil\u0119 i\u0161 Vilniaus, Kauno, Gardino ir Minsko rajon\u0173. Viso j\u0173 i\u0161va\u017eiavo daugiau nei penki \u0161imtai. \u012e nauj\u0105 valstyb\u0119, kur nusprend\u0117 apsigyventi, pasiem\u0117 su savimi ne tik [&hellip;]<\/p>\n","protected":false},"author":1,"featured_media":0,"parent":142,"menu_order":0,"comment_status":"closed","ping_status":"closed","template":"page-text.php","meta":[],"_links":{"self":[{"href":"https:\/\/ltim.lt\/en\/wp-json\/wp\/v2\/pages\/3782"}],"collection":[{"href":"https:\/\/ltim.lt\/en\/wp-json\/wp\/v2\/pages"}],"about":[{"href":"https:\/\/ltim.lt\/en\/wp-json\/wp\/v2\/types\/page"}],"author":[{"embeddable":true,"href":"https:\/\/ltim.lt\/en\/wp-json\/wp\/v2\/users\/1"}],"replies":[{"embeddable":true,"href":"https:\/\/ltim.lt\/en\/wp-json\/wp\/v2\/comments?post=3782"}],"version-history":[{"count":1,"href":"https:\/\/ltim.lt\/en\/wp-json\/wp\/v2\/pages\/3782\/revisions"}],"predecessor-version":[{"id":3783,"href":"https:\/\/ltim.lt\/en\/wp-json\/wp\/v2\/pages\/3782\/revisions\/3783"}],"up":[{"embeddable":true,"href":"https:\/\/ltim.lt\/en\/wp-json\/wp\/v2\/pages\/142"}],"wp:attachment":[{"href":"https:\/\/ltim.lt\/en\/wp-json\/wp\/v2\/media?parent=3782"}],"curies":[{"name":"wp","href":"https:\/\/api.w.org\/{rel}","templated":true}]}}