{"id":3760,"date":"2022-11-16T20:52:40","date_gmt":"2022-11-16T22:52:40","guid":{"rendered":"http:\/\/ltim.lt\/?page_id=3760"},"modified":"2022-11-16T20:53:07","modified_gmt":"2022-11-16T22:53:07","slug":"danielius-makulavicius","status":"publish","type":"page","link":"https:\/\/ltim.lt\/en\/galerija\/karyba\/asmenybes\/danielius-makulavicius\/","title":{"rendered":"Danielius Makulavi\u010dius"},"content":{"rendered":"\n<p><img loading=\"lazy\" class=\"aligncenter size-medium\" src=\"https:\/\/pirmynpopasauli.files.wordpress.com\/2022\/11\/image-47.png\" width=\"974\" height=\"621\" \/><\/p>\n<p style=\"text-align: center;\">Danielius Makulavi\u010dius armijoje (antras i\u0161 de\u0161in\u0117s), 1944 metai.<\/p>\n","protected":false},"excerpt":{"rendered":"<p>Danielius Makulavi\u010dius armijoje (antras i\u0161 de\u0161in\u0117s), 1944 metai.<\/p>\n","protected":false},"author":1,"featured_media":0,"parent":1297,"menu_order":0,"comment_status":"closed","ping_status":"closed","template":"page-text.php","meta":[],"_links":{"self":[{"href":"https:\/\/ltim.lt\/en\/wp-json\/wp\/v2\/pages\/3760"}],"collection":[{"href":"https:\/\/ltim.lt\/en\/wp-json\/wp\/v2\/pages"}],"about":[{"href":"https:\/\/ltim.lt\/en\/wp-json\/wp\/v2\/types\/page"}],"author":[{"embeddable":true,"href":"https:\/\/ltim.lt\/en\/wp-json\/wp\/v2\/users\/1"}],"replies":[{"embeddable":true,"href":"https:\/\/ltim.lt\/en\/wp-json\/wp\/v2\/comments?post=3760"}],"version-history":[{"count":2,"href":"https:\/\/ltim.lt\/en\/wp-json\/wp\/v2\/pages\/3760\/revisions"}],"predecessor-version":[{"id":3762,"href":"https:\/\/ltim.lt\/en\/wp-json\/wp\/v2\/pages\/3760\/revisions\/3762"}],"up":[{"embeddable":true,"href":"https:\/\/ltim.lt\/en\/wp-json\/wp\/v2\/pages\/1297"}],"wp:attachment":[{"href":"https:\/\/ltim.lt\/en\/wp-json\/wp\/v2\/media?parent=3760"}],"curies":[{"name":"wp","href":"https:\/\/api.w.org\/{rel}","templated":true}]}}