{"id":3756,"date":"2022-11-16T20:48:43","date_gmt":"2022-11-16T22:48:43","guid":{"rendered":"http:\/\/ltim.lt\/?page_id=3756"},"modified":"2022-11-16T20:48:44","modified_gmt":"2022-11-16T22:48:44","slug":"felicija-bagdonaviciene-su-anuku-ipolitu-makulaviciumi-raiziuose","status":"publish","type":"page","link":"https:\/\/ltim.lt\/en\/galerija\/vietoves\/alytus\/felicija-bagdonaviciene-su-anuku-ipolitu-makulaviciumi-raiziuose\/","title":{"rendered":"Felicija Bagdonavi\u010dien\u0117 su an\u016bku Ipolitu Makulavi\u010diumi Rai\u017eiuose"},"content":{"rendered":"\n<p><img loading=\"lazy\" class=\"aligncenter size-medium\" src=\"https:\/\/pirmynpopasauli.files.wordpress.com\/2022\/11\/image-45.png\" width=\"513\" height=\"747\" \/><\/p>\n<p style=\"text-align: center;\">Felicija Bagdonavi\u010dien\u0117 su an\u016bku Ipolitu Makulavi\u010diumi Rai\u017eiuose, XX a. 5 de\u0161.<\/p>\n","protected":false},"excerpt":{"rendered":"<p>Felicija Bagdonavi\u010dien\u0117 su an\u016bku Ipolitu Makulavi\u010diumi Rai\u017eiuose, XX a. 5 de\u0161.<\/p>\n","protected":false},"author":1,"featured_media":0,"parent":153,"menu_order":0,"comment_status":"closed","ping_status":"closed","template":"page-text.php","meta":[],"_links":{"self":[{"href":"https:\/\/ltim.lt\/en\/wp-json\/wp\/v2\/pages\/3756"}],"collection":[{"href":"https:\/\/ltim.lt\/en\/wp-json\/wp\/v2\/pages"}],"about":[{"href":"https:\/\/ltim.lt\/en\/wp-json\/wp\/v2\/types\/page"}],"author":[{"embeddable":true,"href":"https:\/\/ltim.lt\/en\/wp-json\/wp\/v2\/users\/1"}],"replies":[{"embeddable":true,"href":"https:\/\/ltim.lt\/en\/wp-json\/wp\/v2\/comments?post=3756"}],"version-history":[{"count":1,"href":"https:\/\/ltim.lt\/en\/wp-json\/wp\/v2\/pages\/3756\/revisions"}],"predecessor-version":[{"id":3757,"href":"https:\/\/ltim.lt\/en\/wp-json\/wp\/v2\/pages\/3756\/revisions\/3757"}],"up":[{"embeddable":true,"href":"https:\/\/ltim.lt\/en\/wp-json\/wp\/v2\/pages\/153"}],"wp:attachment":[{"href":"https:\/\/ltim.lt\/en\/wp-json\/wp\/v2\/media?parent=3756"}],"curies":[{"name":"wp","href":"https:\/\/api.w.org\/{rel}","templated":true}]}}