{"id":3754,"date":"2022-11-16T20:46:37","date_gmt":"2022-11-16T22:46:37","guid":{"rendered":"http:\/\/ltim.lt\/?page_id=3754"},"modified":"2022-11-16T20:46:38","modified_gmt":"2022-11-16T22:46:38","slug":"raiziu-ir-butrimoniu-kaimo-gyventojai","status":"publish","type":"page","link":"https:\/\/ltim.lt\/en\/galerija\/vietoves\/butrimonys\/raiziu-ir-butrimoniu-kaimo-gyventojai\/","title":{"rendered":"Rai\u017ei\u0173 ir Butrimoni\u0173 kaimo gyventojai"},"content":{"rendered":"\n<p><img loading=\"lazy\" class=\"aligncenter size-medium\" src=\"https:\/\/pirmynpopasauli.files.wordpress.com\/2022\/11\/image-44.png\" width=\"941\" height=\"728\" \/><\/p>\n<p style=\"text-align: center;\">Rai\u017ei\u0173 ir Butrimoni\u0173 kaimo gyventojai, XX a. 5 de\u0161.<\/p>\n","protected":false},"excerpt":{"rendered":"<p>Rai\u017ei\u0173 ir Butrimoni\u0173 kaimo gyventojai, XX a. 5 de\u0161.<\/p>\n","protected":false},"author":1,"featured_media":0,"parent":3747,"menu_order":0,"comment_status":"closed","ping_status":"closed","template":"page-text.php","meta":[],"_links":{"self":[{"href":"https:\/\/ltim.lt\/en\/wp-json\/wp\/v2\/pages\/3754"}],"collection":[{"href":"https:\/\/ltim.lt\/en\/wp-json\/wp\/v2\/pages"}],"about":[{"href":"https:\/\/ltim.lt\/en\/wp-json\/wp\/v2\/types\/page"}],"author":[{"embeddable":true,"href":"https:\/\/ltim.lt\/en\/wp-json\/wp\/v2\/users\/1"}],"replies":[{"embeddable":true,"href":"https:\/\/ltim.lt\/en\/wp-json\/wp\/v2\/comments?post=3754"}],"version-history":[{"count":1,"href":"https:\/\/ltim.lt\/en\/wp-json\/wp\/v2\/pages\/3754\/revisions"}],"predecessor-version":[{"id":3755,"href":"https:\/\/ltim.lt\/en\/wp-json\/wp\/v2\/pages\/3754\/revisions\/3755"}],"up":[{"embeddable":true,"href":"https:\/\/ltim.lt\/en\/wp-json\/wp\/v2\/pages\/3747"}],"wp:attachment":[{"href":"https:\/\/ltim.lt\/en\/wp-json\/wp\/v2\/media?parent=3754"}],"curies":[{"name":"wp","href":"https:\/\/api.w.org\/{rel}","templated":true}]}}